{"id":86716,"date":"2018-09-30T18:48:43","date_gmt":"2018-09-30T16:48:43","guid":{"rendered":"https:\/\/www.seaflowerstore.com\/nl\/accurasea-1-artificial-seawater-mix-50\/"},"modified":"2025-12-15T18:26:11","modified_gmt":"2025-12-15T17:26:11","slug":"accurasea-1-artificial-seawater-mix-50","status":"publish","type":"product","link":"https:\/\/www.seaflowerstore.com\/de\/accurasea-1-artificial-seawater-mix-50\/","title":{"rendered":"Accurasea 1 Artificial Seawater Mix 50"},"content":{"rendered":"<h2>Accurasea 1 Artificial Seawater Mix 50<\/h2>\n<p><strong>Accurasea 1 K\u00fcnstliches Meerwassergemisch 50<\/strong> wurde entwickelt, um Ihnen dabei zu helfen, m\u00fchelos Meerwasser herzustellen. Dieses Set enth\u00e4lt 10 Beutel mit komplettem Salz, sodass Sie aus jedem Beutel 19 Liter Meerwasser herstellen k\u00f6nnen. Das Salz l\u00f6st sich schnell auf, sodass der Prozess reibungslos und effizient abl\u00e4uft.<\/p>\n<p>Insgesamt k\u00f6nnen Sie mit diesem Set etwa 190 Liter Meerwasser herstellen. Hier sind die wichtigsten Spezifikationen:<\/p>\n<ul>\n<li>Salzgehalt: 35 ppt<\/li>\n<li>Kalzium: 420 mg<\/li>\n<li>Magnesium: 1300 mg<\/li>\n<li>Alkalinit\u00e4t (KH): 8<\/li>\n<li>Strontium (Sr): 8<\/li>\n<li>Kalium (K): 400 mg<\/li>\n<\/ul>\n<p>Dieses Produkt ist eine gro\u00dfartige Wahl f\u00fcr alle, die Meerwasser einfach und effizient mischen m\u00f6chten.<\/p>\n","protected":false},"excerpt":{"rendered":"<p>Accurasea 1 Artificial Seawater Mix 50 for easy and quickly make seawater<\/p>\n","protected":false},"featured_media":80935,"template":"","meta":[],"pwb-brand":[2231],"product_cat":[1443],"product_tag":[],"class_list":{"0":"post-86716","1":"product","2":"type-product","3":"status-publish","4":"has-post-thumbnail","6":"pwb-brand-two-little-fishies","7":"product_cat-salzig","8":"pa_show-myparcel-options-male-de","10":"first","11":"instock","12":"sale","13":"taxable","14":"shipping-taxable","15":"purchasable","16":"product-type-simple"},"acf":[],"brands":[{"id":2231,"name":"Two Little Fishies","slug":"two-little-fishies"}],"_links":{"self":[{"href":"https:\/\/www.seaflowerstore.com\/de\/wp-json\/wp\/v2\/product\/86716","targetHints":{"allow":["GET"]}}],"collection":[{"href":"https:\/\/www.seaflowerstore.com\/de\/wp-json\/wp\/v2\/product"}],"about":[{"href":"https:\/\/www.seaflowerstore.com\/de\/wp-json\/wp\/v2\/types\/product"}],"wp:featuredmedia":[{"embeddable":true,"href":"https:\/\/www.seaflowerstore.com\/de\/wp-json\/wp\/v2\/media\/80935"}],"wp:attachment":[{"href":"https:\/\/www.seaflowerstore.com\/de\/wp-json\/wp\/v2\/media?parent=86716"}],"wp:term":[{"taxonomy":"pwb-brand","embeddable":true,"href":"https:\/\/www.seaflowerstore.com\/de\/wp-json\/wp\/v2\/pwb-brand?post=86716"},{"taxonomy":"product_cat","embeddable":true,"href":"https:\/\/www.seaflowerstore.com\/de\/wp-json\/wp\/v2\/product_cat?post=86716"},{"taxonomy":"product_tag","embeddable":true,"href":"https:\/\/www.seaflowerstore.com\/de\/wp-json\/wp\/v2\/product_tag?post=86716"}],"curies":[{"name":"wp","href":"https:\/\/api.w.org\/{rel}","templated":true}]}}