{"id":86717,"date":"2018-09-30T18:33:51","date_gmt":"2018-09-30T16:33:51","guid":{"rendered":"https:\/\/www.seaflowerstore.com\/nl\/chalicepower-30g\/"},"modified":"2024-03-20T16:54:17","modified_gmt":"2024-03-20T15:54:17","slug":"chalicepower-30g","status":"publish","type":"product","link":"https:\/\/www.seaflowerstore.com\/de\/chalicepower-30g\/","title":{"rendered":"ChalicePower 30g"},"content":{"rendered":"<h2>ChalicePower 30g<\/h2>\n<h3>ChalicePower ist eine konzentrierte Mischung aus mehreren Zooplanktonarten<\/h3>\n<p><strong>Chalice Power<\/strong> ist eine speziell formulierte Mischung aus verschiedenen Zooplanktonarten, die von Justin Credabel entwickelt wurde. Dieses Produkt ist als perfekte Nahrung f\u00fcr die Pflege und Erhaltung von <em>Echinopora<\/em>, <em>Oxypora<\/em>, <em>Echinophyllia<\/em>, <em>Mycedium<\/em>, <em>Pectinia<\/em> und anderen Kelchkorallen konzipiert. Dar\u00fcber hinaus dient es als ausgezeichnete Nahrungsquelle f\u00fcr alle filtrierenden Wirbellosen, einschlie\u00dflich Weich- und Steinkorallen, Anemonen, Federw\u00fcrmern, Muscheln und Manteltieren.<\/p>\n","protected":false},"excerpt":{"rendered":"<p>ChalicePower is a concentrated blend of several varieties of zooplankton<\/p>\n","protected":false},"featured_media":80932,"template":"","meta":[],"pwb-brand":[2231],"product_cat":[1436],"product_tag":[],"class_list":{"0":"post-86717","1":"product","2":"type-product","3":"status-publish","4":"has-post-thumbnail","6":"pwb-brand-two-little-fishies","7":"product_cat-korallenfutter","8":"pa_show-myparcel-options-male-de","10":"first","11":"instock","12":"taxable","13":"shipping-taxable","14":"purchasable","15":"product-type-simple"},"acf":[],"brands":[{"id":2231,"name":"Two Little Fishies","slug":"two-little-fishies"}],"_links":{"self":[{"href":"https:\/\/www.seaflowerstore.com\/de\/wp-json\/wp\/v2\/product\/86717","targetHints":{"allow":["GET"]}}],"collection":[{"href":"https:\/\/www.seaflowerstore.com\/de\/wp-json\/wp\/v2\/product"}],"about":[{"href":"https:\/\/www.seaflowerstore.com\/de\/wp-json\/wp\/v2\/types\/product"}],"wp:featuredmedia":[{"embeddable":true,"href":"https:\/\/www.seaflowerstore.com\/de\/wp-json\/wp\/v2\/media\/80932"}],"wp:attachment":[{"href":"https:\/\/www.seaflowerstore.com\/de\/wp-json\/wp\/v2\/media?parent=86717"}],"wp:term":[{"taxonomy":"pwb-brand","embeddable":true,"href":"https:\/\/www.seaflowerstore.com\/de\/wp-json\/wp\/v2\/pwb-brand?post=86717"},{"taxonomy":"product_cat","embeddable":true,"href":"https:\/\/www.seaflowerstore.com\/de\/wp-json\/wp\/v2\/product_cat?post=86717"},{"taxonomy":"product_tag","embeddable":true,"href":"https:\/\/www.seaflowerstore.com\/de\/wp-json\/wp\/v2\/product_tag?post=86717"}],"curies":[{"name":"wp","href":"https:\/\/api.w.org\/{rel}","templated":true}]}}