{"id":86719,"date":"2018-09-28T12:10:45","date_gmt":"2018-09-28T10:10:45","guid":{"rendered":"https:\/\/www.seaflowerstore.com\/nl\/cor-20-pump\/"},"modified":"2024-03-20T16:54:06","modified_gmt":"2024-03-20T15:54:06","slug":"cor-20-pump","status":"publish","type":"product","link":"https:\/\/www.seaflowerstore.com\/de\/cor-20-pump\/","title":{"rendered":"COR 20 Pump"},"content":{"rendered":"<h2>COR 20 Pump return pump of Neptune Systems<\/h2>\n<p>Die COR 20-Pumpe ist eine vielseitige Option, die unabh\u00e4ngig betrieben werden kann, ohne dass ein APEX-System erforderlich ist. Sie l\u00e4sst sich m\u00fchelos an jeden APEX mit einem verf\u00fcgbaren 1LINK-Anschluss anschlie\u00dfen und kann bis zu 2000 GPH (7500 LPH) f\u00fcr interne oder externe Anwendungen verarbeiten.<\/p>\n<ul>\n<li><strong>Energieeffizient<\/strong> \u2013 Sie verbraucht weniger als 90 W Strom!<\/li>\n<li><strong>Unglaublich leise<\/strong> \u2013 Das Fehlen eines Netzteils f\u00fchrt zu einer saubereren Installation.<\/li>\n<\/ul>\n<p><strong>GROSSARTIGES VERH\u00c4LTNIS ZWISCHEN DURCHFLUSS UND LEISTUNG<\/strong><br \/>\nDie COR-20 liefert einen beeindruckenden Durchfluss und ist gleichzeitig sehr sparsam im Stromverbrauch, was sowohl Ihrem Budget als auch der Umwelt zugutekommt. Verwenden Sie f\u00fcr eine optimale Leistung unbedingt das Rohr mit dem gr\u00f6\u00dftm\u00f6glichen Durchmesser. wir empfehlen mindestens 32 mm (1,25 Zoll).<\/p>\n<p><strong>ERWEITERTE STEUERBARKEIT<\/strong><br \/>\nDer COR wurde mit Blick auf die Apex-Steuerbarkeit entwickelt. Sie k\u00f6nnen Ihren Pumpenleistungsprozentsatz anpassen, Echtzeit-Feedback erhalten, ihn in erweiterte F\u00fctterungsroutinen integrieren und den Pumpenstatus mit Apex Fusion von \u00fcberall auf der Welt \u00fcberwachen.<\/p>\n<p><strong>EINFACHE INSTALLATION<\/strong><br \/>\nDas Anschlie\u00dfen der Leitungen ist ein Kinderspiel. Schlie\u00dfen Sie den COR einfach an seinen Treiber und an einen 1LINK-Anschluss an. Mit ein paar schnellen Tastendr\u00fccken k\u00f6nnen Sie die Pumpendurchflussrate und die F\u00fctterungsmodi einstellen. Der Einrichtungsprozess f\u00fchrt Sie Schritt f\u00fcr Schritt durch die gesamte Installation.<\/p>\n<p><strong>FL\u00dcSTERANTRIEBSTECHNOLOGIE<\/strong><br \/>\nDer COR verwendet modernste Vektorsteuerungs- und BLDC-Motortechnologie und gew\u00e4hrleistet so Energieeffizienz sowie minimale Vibrationen und Ger\u00e4usche. Wir fordern Sie heraus, eine leisere Pumpe zu finden!<\/p>\n<p><strong>ERKENNUNG VON VERSTOPFUNGEN<\/strong><br \/>\nSchnecken, Filterpads oder andere Gegenst\u00e4nde k\u00f6nnen manchmal eine Pumpe verstopfen. Wenn der Einlass Ihres COR oder eine Rohrleitung erheblich verstopft ist, benachrichtigt Sie der COR mit einer blinkenden LED am Treiber. Wenn er mit einem Apex und dem Internet verbunden ist, sendet er auch eine Warnung an Ihr Mobilger\u00e4t.<\/p>\n<p><strong>\u00dcBERWACHUNG DER INNENTEMPERATUR<\/strong><br \/>\nDer Pumpentreiber \u00fcberwacht kontinuierlich die Innentemperatur des COR-Pumpenmotors. Wenn er einen unsicheren Wert erkennt, verlangsamt der Treiber die Pumpe gerade genug, um die Temperatur wieder in einen sicheren Bereich zu bringen, und benachrichtigt Sie gleichzeitig. Im Gegensatz zu einigen Pumpen, die sich bei Temperaturproblemen vollst\u00e4ndig abschalten, zirkuliert der COR weiter, sodass Sie Zeit haben, etwaige Probleme zu beheben.<\/p>\n<p><strong>IQ-LEVEL<\/strong><br \/>\nSie k\u00f6nnen den gew\u00fcnschten Leistungspegel f\u00fcr Ihr Aquarium einstellen, und der COR merkt sich diesen als \u201e100 %\u201c. Bei einem Stromausfall startet die Pumpe mit dieser gespeicherten Einstellung neu. Dar\u00fcber hinaus wird Ihr Wasser w\u00e4hrend des Zufuhrmodus nicht vollst\u00e4ndig zur\u00fcckgesaugt, wodurch das Aufsto\u00dfen und Blubbern verhindert wird, das normalerweise auftritt, wenn eine Pumpe wieder eingeschaltet wird.<\/p>\n<p><strong>ZUFUHRMODUS<\/strong><br \/>\nMit ein paar einfachen Anpassungen in Apex Fusion k\u00f6nnen Sie einen Zufuhrmodus einrichten, der die Pumpe auf Ihr bevorzugtes Niveau verlangsamt. Andere Tankvorg\u00e4nge k\u00f6nnen mit diesem Zufuhrmodus synchronisiert werden, und Sie k\u00f6nnen die Dauer des Zufuhrmodus anpassen. Die Tasten am COR-Treiber dienen auch als benutzerfreundliche Zufuhrtaste.<\/p>\n<p><strong>INKLUSIVE ARMATUREN<\/strong><br \/>\nDer COR wird mit allen f\u00fcr die meisten Aquarienaufbauten ben\u00f6tigten Armaturen geliefert (0,75 Zoll Ausgang, 1,0 Zoll Eingang). Zus\u00e4tzlich enth\u00e4lt er eine 1,25-Zoll-Verbindung f\u00fcr den Ausgang, sodass Sie die Pumpe so anschlie\u00dfen k\u00f6nnen, dass der Druckverlust minimiert wird. F\u00fcr optimale Leistung empfehlen wir, Ihre Hauptr\u00fccklaufleitung in 1,25 Zoll zu verlegen, um das volle Potenzial der COR-Pumpe auszusch\u00f6pfen, die bis zu 50 % oder mehr Durchfluss erzielen kann!<\/p>\n<p><strong>ERFORDERT:<\/strong><\/p>\n<ul>\n<li>Sanit\u00e4rarmaturen, Schlauch, Rohr usw.<\/li>\n<li>Grundkenntnisse im Sanit\u00e4rbereich<\/li>\n<\/ul>\n<p><strong>ENTH\u00c4LT:<\/strong><\/p>\n<ul>\n<li>COR-Pumpe COR 20<\/li>\n<li>Pumpentreiber<\/li>\n<li>100-W-Netzteil<\/li>\n<li>1,25 Zoll PVC-Verbindung (Slip-&gt;BSPP)<\/li>\n<li>1,0 Zoll Slip-Fitting<\/li>\n<li>0,75 Zoll. Steckanschluss<\/li>\n<li>1,8 m langes 1LINK-Kabel<\/li>\n<\/ul>\n<p><strong>K\u00d6RPERLICHE ABMESSUNGEN:<\/strong><br \/>\nPUMPE: 10 x 12,5 x 16 cm (B x H x T) 3,875 Zoll B x 4,875 Zoll H x 6,250 Zoll T<br \/>\nTREIBER: 7,7 x 8 x 2,6 cm (B x H x T) 3 Zoll B x 4 Zoll H x 1 Zoll T<\/p>\n","protected":false},"excerpt":{"rendered":"<p>The COR 20 return pump can also work without the APEX control system.<\/p>\n","protected":false},"featured_media":80921,"template":"","meta":[],"pwb-brand":[2179],"product_cat":[1417,1423],"product_tag":[],"class_list":{"0":"post-86719","1":"product","2":"type-product","3":"status-publish","4":"has-post-thumbnail","6":"pwb-brand-neptune-systems","7":"product_cat-druckerhohungspumpen","8":"product_cat-neptune-systems-de","9":"pa_show-myparcel-options-male-de","11":"first","12":"outofstock","13":"taxable","14":"shipping-taxable","15":"purchasable","16":"product-type-simple"},"acf":[],"brands":[{"id":2179,"name":"Neptune Systems","slug":"neptune-systems"}],"_links":{"self":[{"href":"https:\/\/www.seaflowerstore.com\/de\/wp-json\/wp\/v2\/product\/86719","targetHints":{"allow":["GET"]}}],"collection":[{"href":"https:\/\/www.seaflowerstore.com\/de\/wp-json\/wp\/v2\/product"}],"about":[{"href":"https:\/\/www.seaflowerstore.com\/de\/wp-json\/wp\/v2\/types\/product"}],"wp:featuredmedia":[{"embeddable":true,"href":"https:\/\/www.seaflowerstore.com\/de\/wp-json\/wp\/v2\/media\/80921"}],"wp:attachment":[{"href":"https:\/\/www.seaflowerstore.com\/de\/wp-json\/wp\/v2\/media?parent=86719"}],"wp:term":[{"taxonomy":"pwb-brand","embeddable":true,"href":"https:\/\/www.seaflowerstore.com\/de\/wp-json\/wp\/v2\/pwb-brand?post=86719"},{"taxonomy":"product_cat","embeddable":true,"href":"https:\/\/www.seaflowerstore.com\/de\/wp-json\/wp\/v2\/product_cat?post=86719"},{"taxonomy":"product_tag","embeddable":true,"href":"https:\/\/www.seaflowerstore.com\/de\/wp-json\/wp\/v2\/product_tag?post=86719"}],"curies":[{"name":"wp","href":"https:\/\/api.w.org\/{rel}","templated":true}]}}