{"id":86720,"date":"2018-09-28T12:06:00","date_gmt":"2020-06-14T17:30:18","guid":{"rendered":"https:\/\/www.seaflowerstore.com\/nl\/cor-15-pump\/"},"modified":"2024-03-19T15:40:43","modified_gmt":"2024-03-19T14:40:43","slug":"cor-15-pump","status":"publish","type":"product","link":"https:\/\/www.seaflowerstore.com\/de\/cor-15-pump\/","title":{"rendered":"COR 15 Pump"},"content":{"rendered":"<h2>COR 15 Pump lifting pump from Neptune Systems<\/h2>\n<p>Die F\u00f6rderpumpe kann ohne die APEX-Steuerung <strong>NICHT<\/strong> arbeiten. Sie f\u00f6rdert 5700 Liter pro Stunde und ist mit allen APEX-Systemen kompatibel, die \u00fcber einen freien 1LINK-Anschluss verf\u00fcgen. Hier einige kurze Highlights:<\/p>\n<ul>\n<li>Kapazit\u00e4t: bis zu 5700 Liter pro Stunde (1500 GPH)<\/li>\n<li>Geeignet f\u00fcr interne oder externe Platzierung<\/li>\n<li>IQ-LEVEL steuert die richtige Mindest- und H\u00f6chstleistung f\u00fcr Ihr Aquarium<\/li>\n<li>Beinhaltet eine \u00fcbergro\u00dfe 1,25-Zoll-Kupplung<\/li>\n<li>Energieeffizient \u2013 \u200b\u200bverbraucht weniger als 50 Watt<\/li>\n<li>Unglaublich leise<\/li>\n<\/ul>\n<p><strong>VERBINDUNG MIT JEDEM APEX-MODELL \u00dcBER EINEN VERF\u00dcGBAREN 1LINK-PORT<\/strong><\/p>\n<p>Der COR-15 verwendet einen relativ neuen Verbindungsstandard f\u00fcr den Apex, der als 1LINK bekannt ist. Dieser Port liefert bis zu 50 Watt Leistung zusammen mit dem Steuersignal an angeschlossene Ger\u00e4te. Der Vorteil f\u00fcr Ger\u00e4te wie den COR-15 besteht darin, dass keine zus\u00e4tzlichen Netzteile erforderlich sind. Sie finden diese 1LINK-Anschl\u00fcsse auf dem 1LINK-Modul, das separat erh\u00e4ltlich ist.<\/p>\n<p><strong>GROSSARTIGES VERH\u00c4LTNIS ZWISCHEN DURCHFLUSS UND LEISTUNG<\/strong><\/p>\n<p>Der COR-15 bietet einen hervorragenden Durchfluss und ist gleichzeitig sehr sparsam im Stromverbrauch. Das schont sowohl Ihren Geldbeutel als auch die Umwelt! Um die beste Leistung zu erzielen, empfehlen wir die Verwendung eines Rohrs mit dem gr\u00f6\u00dftm\u00f6glichen Durchmesser, idealerweise mindestens 32 mm (1,25 Zoll).<\/p>\n<p><strong>ERWEITERTE STEUERBARKEIT<\/strong><\/p>\n<p>Der COR wurde mit Blick auf die Apex-Steuerbarkeit entwickelt. Sie k\u00f6nnen Ihren Pumpenleistungsprozentsatz verwalten, Betriebsfeedback in Echtzeit erhalten, ihn in komplexe F\u00fctterungsroutinen integrieren und den Pumpenstatus von \u00fcberall auf der Welt \u00fcber Apex Fusion \u00fcberwachen.<\/p>\n<p><strong>EINFACHE INSTALLATION<\/strong><\/p>\n<p>Schlie\u00dfen Sie einfach die Rohrleitungen an, stecken Sie den COR in seinen Treiber und dann in einen 1LINK-Anschluss. Mit nur wenigen Tastendr\u00fccken k\u00f6nnen Sie die Pumpendurchflussrate und die F\u00f6rdermodi einstellen. Eine einfache Einrichtungsaufgabe f\u00fchrt Sie Schritt f\u00fcr Schritt durch den gesamten Installationsprozess.<\/p>\n<p><strong>FL\u00dcSTERANTRIEBSTECHNOLOGIE<\/strong><\/p>\n<p>Der COR verwendet die neueste Vektorsteuerungs- und BLDC-Motortechnologie. Dadurch kann die COR-Pumpe sowohl energieeffizient als auch nahezu vibrations- und ger\u00e4uschfrei arbeiten. Wir fordern Sie heraus, eine leisere Pumpe zu finden!<\/p>\n<p><strong>VERSTOPFUNGSERKENNUNG<\/strong><\/p>\n<p>Manchmal k\u00f6nnen Schnecken oder Filterpads die Pumpe verstopfen. Wenn der Einlass Ihres COR oder eine Ihrer Rohrleitungen erheblich verstopft ist, warnt Sie der COR durch Blinken der LED am Treiber. Wenn der COR mit einem Apex und dem Internet verbunden ist, sendet er auch eine Warnung an Ihr Mobilger\u00e4t.<\/p>\n<p><strong>INTERNE TEMPERATUR\u00dcBERWACHUNG<\/strong><\/p>\n<p>Der Pumpentreiber \u00fcberwacht kontinuierlich die interne Temperatur des COR-Pumpenmotors. Wenn sie einen unsicheren Wert erreicht, verlangsamt der Treiber die Pumpe gerade genug, um die Temperatur wieder in einen sicheren Bereich zu bringen, und benachrichtigt Sie gleichzeitig. Anders als andere Pumpen, die bei Temperaturproblemen vollst\u00e4ndig abschalten, verlangsamt sich der COR, sodass Ihr Tank weiter zirkulieren kann und Sie Zeit haben, das Problem zu beheben.<\/p>\n<p><strong>IQ-LEVEL<\/strong><\/p>\n<p>Sie k\u00f6nnen den Ausgangspegel f\u00fcr Ihr Aquarium und die \u00dcberlaufkapazit\u00e4t einstellen, und der COR speichert dies als Ihre \u201e100 %\u201c-Einstellung. Wenn ein Stromausfall auftritt, kehrt die Pumpe beim Neustart immer zu dieser gespeicherten Einstellung zur\u00fcck. Dar\u00fcber hinaus wird Ihr Wasser w\u00e4hrend des Zufuhrmodus nicht vollst\u00e4ndig zur\u00fcckgesaugt, wodurch das Aufsto\u00dfen und Blubbern verhindert wird, das normalerweise auftritt, wenn eine Pumpe wieder anspringt.<\/p>\n<p><strong>ZUFUHRMODUS<\/strong><\/p>\n<p>Mit einer einfachen Konfiguration in Apex Fusion k\u00f6nnen Sie einen Zufuhrmodus einstellen, der die Pumpe auf jedes gew\u00fcnschte Niveau verlangsamt. Sie k\u00f6nnen sogar andere Tankvorg\u00e4nge mit diesem Zufuhrmodus synchronisieren und auch die Dauer des Zufuhrmodus anpassen. Die Tasten am COR-Treiber dienen auch als benutzerfreundliche Zufuhrtaste.<\/p>\n<p><strong>INKLUSIVE ARMATUREN<\/strong><\/p>\n<p>Der COR wird komplett mit allen f\u00fcr die meisten Aquarienaufbauten erforderlichen Armaturen geliefert (0,75-Zoll-Ausgang, 1,0-Zoll-Eingang). Wir haben auch eine 1,25-Zoll-Verbindung f\u00fcr den Ausgang beigelegt, um den Druckverlust zu minimieren. F\u00fcr optimale Leistung verlegen Sie Ihre Hauptr\u00fccklaufleitung mit 1,25 Zoll, um das volle Potenzial der COR-Pumpe auszusch\u00f6pfen und einen Durchfluss von bis zu 50 % oder mehr zu erreichen!<\/p>\n<p><strong>ERFORDERT:<\/strong><\/p>\n<ul>\n<li>Sanit\u00e4rarmaturen, Schlauch, Rohr usw.<\/li>\n<li>Grundkenntnisse im Sanit\u00e4rbereich<\/li>\n<li>JEDER Apex mit einem verf\u00fcgbaren 1LINK-Anschluss<\/li>\n<\/ul>\n<p><strong>ENTH\u00c4LT:<\/strong><\/p>\n<ul>\n<li>COR-Pumpe COR-15<\/li>\n<li>Pumpenantrieb<\/li>\n<li>1,25-Zoll-PVC-Verbindung (Slip->BSPP)<\/li>\n<li>1,0-Zoll-Slip-Fitting<\/li>\n<li>0,75-Zoll-Slip-Fitting<\/li>\n<li>6-Fu\u00df-1LINK-Kabel<\/li>\n<\/ul>\n<p><strong>PHYSISCH ABMESSUNGEN:<\/strong><\/p>\n<ul>\n<li>PUMPE: 10 x 12,5 x 16 cm (B x H x T) oder 3,875 Zoll B x 4,875 Zoll H x 6,250 Zoll T<\/li>\n<li>TREIBER: 7,7 x 8 x 2,6 cm (B x H x T) oder 3 Zoll B x 4 Zoll H x 1 Zoll T<\/li>\n<\/ul>\n","protected":false},"excerpt":{"rendered":"<p>The COR15 feed pump cannot work without the APEX control system.<\/p>\n","protected":false},"featured_media":83051,"template":"","meta":[],"pwb-brand":[2179],"product_cat":[1417],"product_tag":[],"class_list":{"0":"post-86720","1":"product","2":"type-product","3":"status-publish","4":"has-post-thumbnail","6":"pwb-brand-neptune-systems","7":"product_cat-druckerhohungspumpen","9":"first","10":"outofstock","11":"taxable","12":"shipping-taxable","13":"purchasable","14":"product-type-simple"},"acf":[],"brands":[{"id":2179,"name":"Neptune Systems","slug":"neptune-systems"}],"_links":{"self":[{"href":"https:\/\/www.seaflowerstore.com\/de\/wp-json\/wp\/v2\/product\/86720","targetHints":{"allow":["GET"]}}],"collection":[{"href":"https:\/\/www.seaflowerstore.com\/de\/wp-json\/wp\/v2\/product"}],"about":[{"href":"https:\/\/www.seaflowerstore.com\/de\/wp-json\/wp\/v2\/types\/product"}],"wp:featuredmedia":[{"embeddable":true,"href":"https:\/\/www.seaflowerstore.com\/de\/wp-json\/wp\/v2\/media\/83051"}],"wp:attachment":[{"href":"https:\/\/www.seaflowerstore.com\/de\/wp-json\/wp\/v2\/media?parent=86720"}],"wp:term":[{"taxonomy":"pwb-brand","embeddable":true,"href":"https:\/\/www.seaflowerstore.com\/de\/wp-json\/wp\/v2\/pwb-brand?post=86720"},{"taxonomy":"product_cat","embeddable":true,"href":"https:\/\/www.seaflowerstore.com\/de\/wp-json\/wp\/v2\/product_cat?post=86720"},{"taxonomy":"product_tag","embeddable":true,"href":"https:\/\/www.seaflowerstore.com\/de\/wp-json\/wp\/v2\/product_tag?post=86720"}],"curies":[{"name":"wp","href":"https:\/\/api.w.org\/{rel}","templated":true}]}}