{"id":86721,"date":"2018-09-28T10:22:35","date_gmt":"2018-09-28T08:22:35","guid":{"rendered":"https:\/\/www.seaflowerstore.com\/nl\/coral-cutter-moon-type\/"},"modified":"2024-03-20T16:54:03","modified_gmt":"2024-03-20T15:54:03","slug":"coral-cutter-moon-type","status":"publish","type":"product","link":"https:\/\/www.seaflowerstore.com\/de\/coral-cutter-moon-type\/","title":{"rendered":"Coral Cutter Moon type"},"content":{"rendered":"<h2>Coral Cutter Moon type<\/h2>\n<p>Der <strong>Korallenschneider<\/strong> ist f\u00fcr das einfache Schneiden Ihrer dicken Korallenst\u00e4mme konzipiert. Er ist etwa 20 cm lang und hat eine runde Form, sodass sich damit bequem ein Stamm von Korallen wie <em>Stylophora<\/em> oder <em>Duncanopsammia<\/em> abschneiden l\u00e4sst.<\/p>\n<p>Nach der Verwendung des Schneiders sp\u00fclen Sie ihn bitte mit Leitungswasser ab und stellen Sie sicher, dass er gr\u00fcndlich getrocknet ist. Dieser einfache Wartungsschritt verringert die Rostgefahr und verl\u00e4ngert die Lebensdauer Ihrer Zange.<\/p>\n","protected":false},"excerpt":{"rendered":"<p>Coral Cutter Moon has a round cutting head for easy cutting of your corals<\/p>\n","protected":false},"featured_media":80919,"template":"","meta":[],"pwb-brand":[2149],"product_cat":[1421,1461],"product_tag":[],"class_list":{"0":"post-86721","1":"product","2":"type-product","3":"status-publish","4":"has-post-thumbnail","6":"pwb-brand-aqua-medic","7":"product_cat-aqua-medic-de","8":"product_cat-schneidzubehoer","9":"pa_show-myparcel-options-male-de","11":"first","12":"instock","13":"taxable","14":"shipping-taxable","15":"purchasable","16":"product-type-simple"},"acf":[],"brands":[{"id":2149,"name":"Aqua Medic","slug":"aqua-medic"}],"_links":{"self":[{"href":"https:\/\/www.seaflowerstore.com\/de\/wp-json\/wp\/v2\/product\/86721","targetHints":{"allow":["GET"]}}],"collection":[{"href":"https:\/\/www.seaflowerstore.com\/de\/wp-json\/wp\/v2\/product"}],"about":[{"href":"https:\/\/www.seaflowerstore.com\/de\/wp-json\/wp\/v2\/types\/product"}],"wp:featuredmedia":[{"embeddable":true,"href":"https:\/\/www.seaflowerstore.com\/de\/wp-json\/wp\/v2\/media\/80919"}],"wp:attachment":[{"href":"https:\/\/www.seaflowerstore.com\/de\/wp-json\/wp\/v2\/media?parent=86721"}],"wp:term":[{"taxonomy":"pwb-brand","embeddable":true,"href":"https:\/\/www.seaflowerstore.com\/de\/wp-json\/wp\/v2\/pwb-brand?post=86721"},{"taxonomy":"product_cat","embeddable":true,"href":"https:\/\/www.seaflowerstore.com\/de\/wp-json\/wp\/v2\/product_cat?post=86721"},{"taxonomy":"product_tag","embeddable":true,"href":"https:\/\/www.seaflowerstore.com\/de\/wp-json\/wp\/v2\/product_tag?post=86721"}],"curies":[{"name":"wp","href":"https:\/\/api.w.org\/{rel}","templated":true}]}}