{"id":86722,"date":"2018-09-28T10:19:56","date_gmt":"2018-09-28T08:19:56","guid":{"rendered":"https:\/\/www.seaflowerstore.com\/nl\/coral-cutter-midi\/"},"modified":"2024-03-20T16:54:01","modified_gmt":"2024-03-20T15:54:01","slug":"coral-cutter-midi","status":"publish","type":"product","link":"https:\/\/www.seaflowerstore.com\/de\/coral-cutter-midi\/","title":{"rendered":"Coral Cutter Midi"},"content":{"rendered":"<h2>Coral Cutter Midi<\/h2>\n<p><strong>Der Korallenschneider Midi<\/strong> ist f\u00fcr das m\u00fchelose Schneiden Ihrer Korallen konzipiert. Die L\u00e4nge des Korallenschneiders betr\u00e4gt ca. 10 cm.<\/p>\n<p>Um eine lange Lebensdauer zu gew\u00e4hrleisten und das Rostrisiko zu verringern, sp\u00fclen Sie den Schneider nach jedem Gebrauch mit Leitungswasser ab und trocknen Sie ihn gr\u00fcndlich ab.<\/p>\n","protected":false},"excerpt":{"rendered":"<p>Coral Cutter Midi for easy fragging of your corals<\/p>\n","protected":false},"featured_media":80917,"template":"","meta":[],"pwb-brand":[2149],"product_cat":[1421,1451,741],"product_tag":[],"class_list":{"0":"post-86722","1":"product","2":"type-product","3":"status-publish","4":"has-post-thumbnail","6":"pwb-brand-aqua-medic","7":"product_cat-aqua-medic-de","8":"product_cat-zubehoer","9":"product_cat-brands","10":"pa_show-myparcel-options-male-de","12":"first","13":"instock","14":"taxable","15":"shipping-taxable","16":"purchasable","17":"product-type-simple"},"acf":[],"brands":[{"id":2149,"name":"Aqua Medic","slug":"aqua-medic"}],"_links":{"self":[{"href":"https:\/\/www.seaflowerstore.com\/de\/wp-json\/wp\/v2\/product\/86722","targetHints":{"allow":["GET"]}}],"collection":[{"href":"https:\/\/www.seaflowerstore.com\/de\/wp-json\/wp\/v2\/product"}],"about":[{"href":"https:\/\/www.seaflowerstore.com\/de\/wp-json\/wp\/v2\/types\/product"}],"wp:featuredmedia":[{"embeddable":true,"href":"https:\/\/www.seaflowerstore.com\/de\/wp-json\/wp\/v2\/media\/80917"}],"wp:attachment":[{"href":"https:\/\/www.seaflowerstore.com\/de\/wp-json\/wp\/v2\/media?parent=86722"}],"wp:term":[{"taxonomy":"pwb-brand","embeddable":true,"href":"https:\/\/www.seaflowerstore.com\/de\/wp-json\/wp\/v2\/pwb-brand?post=86722"},{"taxonomy":"product_cat","embeddable":true,"href":"https:\/\/www.seaflowerstore.com\/de\/wp-json\/wp\/v2\/product_cat?post=86722"},{"taxonomy":"product_tag","embeddable":true,"href":"https:\/\/www.seaflowerstore.com\/de\/wp-json\/wp\/v2\/product_tag?post=86722"}],"curies":[{"name":"wp","href":"https:\/\/api.w.org\/{rel}","templated":true}]}}