{"id":86724,"date":"2018-09-22T08:51:34","date_gmt":"2018-09-22T06:51:34","guid":{"rendered":"https:\/\/www.seaflowerstore.com\/nl\/ph-monitor\/"},"modified":"2024-03-20T16:53:54","modified_gmt":"2024-03-20T15:53:54","slug":"ph-monitor","status":"publish","type":"product","link":"https:\/\/www.seaflowerstore.com\/de\/ph-monitor\/","title":{"rendered":"PH Monitor"},"content":{"rendered":"<h2>PH Monitor<\/h2>\n<p><strong>Aqua Medic PH-Monitor zur permanenten pH-Messung des Aquarienwassers<\/strong><\/p>\n<p>Der pH-Monitor ist ein pr\u00e4zises Messger\u00e4t zur kontinuierlichen \u00dcberwachung des pH-Wertes im Aquarium. Dank LED-Anzeige behalten Sie den aktuellen pH-Wert Ihres Aquarienwassers m\u00fchelos im Blick.<\/p>\n<p>Der Messbereich f\u00fcr den pH-Wert reicht von 0,00 bis 14,00. Die mitgelieferten Pr\u00fcffl\u00fcssigkeiten erm\u00f6glichen eine einfache Kalibrierung der per BNC-Anschluss an den pH-Monitor angeschlossenen Elektrode und k\u00f6nnen bei Bedarf bequem ausgetauscht werden.<\/p>\n<p>Im Lieferumfang dieses Produkts enthalten:<\/p>\n<ul>\n<li>pH-Monitor<\/li>\n<li>pH-Elektrode mit BNC-Anschluss<\/li>\n<li>Pr\u00fcffl\u00fcssigkeiten zur Kalibrierung (pH4 und pH7)<\/li>\n<li>Lebensmittel<\/li>\n<\/ul>\n<p><strong>Bitte beachten Sie, dass das Ger\u00e4t vor Feuchtigkeit, Spritzwasser und Kondenswasser gesch\u00fctzt werden muss.<\/strong><\/p>\n","protected":false},"excerpt":{"rendered":"<p>AquaMedic PH Monitor for permanent pH measurement of the aquarium water<\/p>\n","protected":false},"featured_media":80911,"template":"","meta":[],"pwb-brand":[2149],"product_cat":[1401,1421,1400],"product_tag":[],"class_list":{"0":"post-86724","1":"product","2":"type-product","3":"status-publish","4":"has-post-thumbnail","6":"pwb-brand-aqua-medic","7":"product_cat-mess-und-regeltechnik","8":"product_cat-aqua-medic-de","9":"product_cat-tester","10":"pa_show-myparcel-options-male-de","12":"first","13":"instock","14":"taxable","15":"shipping-taxable","16":"purchasable","17":"product-type-simple"},"acf":[],"brands":[{"id":2149,"name":"Aqua Medic","slug":"aqua-medic"}],"_links":{"self":[{"href":"https:\/\/www.seaflowerstore.com\/de\/wp-json\/wp\/v2\/product\/86724","targetHints":{"allow":["GET"]}}],"collection":[{"href":"https:\/\/www.seaflowerstore.com\/de\/wp-json\/wp\/v2\/product"}],"about":[{"href":"https:\/\/www.seaflowerstore.com\/de\/wp-json\/wp\/v2\/types\/product"}],"wp:featuredmedia":[{"embeddable":true,"href":"https:\/\/www.seaflowerstore.com\/de\/wp-json\/wp\/v2\/media\/80911"}],"wp:attachment":[{"href":"https:\/\/www.seaflowerstore.com\/de\/wp-json\/wp\/v2\/media?parent=86724"}],"wp:term":[{"taxonomy":"pwb-brand","embeddable":true,"href":"https:\/\/www.seaflowerstore.com\/de\/wp-json\/wp\/v2\/pwb-brand?post=86724"},{"taxonomy":"product_cat","embeddable":true,"href":"https:\/\/www.seaflowerstore.com\/de\/wp-json\/wp\/v2\/product_cat?post=86724"},{"taxonomy":"product_tag","embeddable":true,"href":"https:\/\/www.seaflowerstore.com\/de\/wp-json\/wp\/v2\/product_tag?post=86724"}],"curies":[{"name":"wp","href":"https:\/\/api.w.org\/{rel}","templated":true}]}}