{"id":86725,"date":"2018-09-18T20:08:36","date_gmt":"2018-09-18T18:08:36","guid":{"rendered":"https:\/\/www.seaflowerstore.com\/nl\/nitraphos-minus\/"},"modified":"2024-03-20T16:55:43","modified_gmt":"2024-03-20T15:55:43","slug":"nitraphos-minus","status":"publish","type":"product","link":"https:\/\/www.seaflowerstore.com\/de\/nitraphos-minus\/","title":{"rendered":"Nitraphos minus"},"content":{"rendered":"<h2>Aquaforest NitraPhos Minus lowers nitrate, nitrite and phosphate from the aquarium<\/h2>\n<p>AquaForest NitraPhos Minus ist eine spezielle Formel zur biologischen Entfernung von Nitrat, Nitrit und Phosphat aus Ihrem Aquarium. Es verbessert den Stoffwechsel verschiedener Bakterien, die eine entscheidende Rolle bei der Handhabung und Entfernung \u00fcbersch\u00fcssiger N\u00e4hrstoffe spielen. Dank seiner einzigartigen Mischung aus organischem Kohlenstoff, Aminos\u00e4uren und Vitaminen laufen biochemische Prozesse reibungslos ab, sodass Bakterien Verbindungen effizient aufnehmen und in Biomasse umwandeln k\u00f6nnen. Diese Biomasse dient als wertvolle Nahrungsquelle f\u00fcr Korallen, w\u00e4hrend \u00fcbersch\u00fcssiges Material durch Ihren Filter oder Absch\u00e4umer aus dem Wasser entfernt wird.<\/p>\n<p>NitraPhos Minus verbessert nicht nur die allgemeine Gesundheit der Korallen, sondern verbessert auch ihre F\u00e4rbung und f\u00f6rdert das Wachstum. Durch die Aufrechterhaltung einer ausgewogenen biologischen Umgebung im Tank hilft es, das Wachstum unerw\u00fcnschter Gr\u00fcnalgen und die Bildung von Cyanobakterien zu verhindern.<\/p>\n<p><strong>Was ist das Tolle an diesem Produkt:<\/strong><\/p>\n<ul>\n<li>Entfernt effektiv \u00fcbersch\u00fcssiges Nitrat und Phosphat<\/li>\n<li>Sorgt f\u00fcr chemisches Gleichgewicht<\/li>\n<li>Reduziert schnell unerw\u00fcnschte Algen<\/li>\n<li>F\u00f6rdert Korallenf\u00e4rbung und -wachstum<\/li>\n<\/ul>\n<p><strong>Empfohlene Dosierung:<\/strong><\/p>\n<table style=\"width: 430px; height: 102px\" border=\"1\">\n<tbody>\n<tr>\n<td>Konzentration von NO3\/PO4 (mg\/l)<\/td>\n<td>Tagesdosis ml\/100 l<\/td>\n<\/tr>\n<tr>\n<td>NO3 >10 ppm und PO4 >0,2 ppm<\/td>\n<td>3<\/td>\n<\/tr>\n<tr>\n<td>NO3 2-10 ppm und PO4 0,1-0,2 ppm<\/td>\n<td>2 &#8211; 2,5<\/td>\n<\/tr>\n<tr>\n<td>NO3 <2 ppm und PO4 >0,03 ppm<\/td>\n<td>1,5<\/td>\n<\/tr>\n<tr>\n<td>NO3 <2 ppm und PO4 <0,03 ppm<\/td>\n<td>1<\/td>\n<\/tr>\n<\/tbody>\n<\/table>\n<p>Es wird empfohlen, die Konzentration von NO3 und PO4 ein- bis zweimal pro Woche zu \u00fcberwachen.<\/p>\n<p><strong>Gut zu wissen:<\/strong><\/p>\n<ul>\n<li>Niedrige Nitrat- und Phosphatwerte erfordern eine reichhaltige Nahrungserg\u00e4nzung f\u00fcr Korallen<\/li>\n<li>Unzureichende Filterung kann zu hohen Nitrat- und Phosphatwerten f\u00fchren<\/li>\n<li>\u00dcberm\u00e4\u00dfiges Futter oder Nahrungserg\u00e4nzungsmittel k\u00f6nnen zu erh\u00f6hten Nitrat- und Phosphatwerten beitragen<\/li>\n<li>Ein rascher Abfall der Nitrat- und Phosphatwerte kann Zooxanthellen sch\u00e4digen und m\u00f6glicherweise zum Absterben der Korallen f\u00fchren<\/li>\n<\/ul>\n","protected":false},"excerpt":{"rendered":"<p>AquaForest NitraPhos Minus aims to biologically remove nitrate, nitrite and phosphate from the aquarium<\/p>\n","protected":false},"featured_media":80907,"template":"","meta":[],"pwb-brand":[2199],"product_cat":[1414,1453,515,741],"product_tag":[],"class_list":{"0":"post-86725","1":"product","2":"type-product","3":"status-publish","4":"has-post-thumbnail","6":"pwb-brand-aquaforest","7":"product_cat-aquaforest-de","8":"product_cat-nitrat-und-phosphatentferner","9":"product_cat-additives","10":"product_cat-brands","11":"pa_inhoud-2-l-de","12":"pa_inhoud-200-ml-de","13":"pa_inhoud-250-ml-de","14":"pa_show-myparcel-options-male-de","16":"first","17":"instock","18":"taxable","19":"shipping-taxable","20":"purchasable","21":"product-type-variable"},"acf":[],"brands":[{"id":2199,"name":"Aquaforest","slug":"aquaforest"}],"_links":{"self":[{"href":"https:\/\/www.seaflowerstore.com\/de\/wp-json\/wp\/v2\/product\/86725","targetHints":{"allow":["GET"]}}],"collection":[{"href":"https:\/\/www.seaflowerstore.com\/de\/wp-json\/wp\/v2\/product"}],"about":[{"href":"https:\/\/www.seaflowerstore.com\/de\/wp-json\/wp\/v2\/types\/product"}],"wp:featuredmedia":[{"embeddable":true,"href":"https:\/\/www.seaflowerstore.com\/de\/wp-json\/wp\/v2\/media\/80907"}],"wp:attachment":[{"href":"https:\/\/www.seaflowerstore.com\/de\/wp-json\/wp\/v2\/media?parent=86725"}],"wp:term":[{"taxonomy":"pwb-brand","embeddable":true,"href":"https:\/\/www.seaflowerstore.com\/de\/wp-json\/wp\/v2\/pwb-brand?post=86725"},{"taxonomy":"product_cat","embeddable":true,"href":"https:\/\/www.seaflowerstore.com\/de\/wp-json\/wp\/v2\/product_cat?post=86725"},{"taxonomy":"product_tag","embeddable":true,"href":"https:\/\/www.seaflowerstore.com\/de\/wp-json\/wp\/v2\/product_tag?post=86725"}],"curies":[{"name":"wp","href":"https:\/\/api.w.org\/{rel}","templated":true}]}}