{"id":86737,"date":"2018-09-14T15:06:56","date_gmt":"2018-09-14T13:06:56","guid":{"rendered":"https:\/\/www.seaflowerstore.com\/nl\/easy-booster-nano-9-90-ml\/"},"modified":"2024-03-20T16:53:46","modified_gmt":"2024-03-20T15:53:46","slug":"easy-booster-nano-9-90-ml","status":"publish","type":"product","link":"https:\/\/www.seaflowerstore.com\/de\/easy-booster-nano-9-90-ml\/","title":{"rendered":"Easy booster Nano 9 (90 ml)"},"content":{"rendered":"<h2>Easy booster Nano 9 (90 ml)<\/h2>\n<p><strong>Easy Booster Nano 9<\/strong> ist ein Planktonkonzentrat, das speziell f\u00fcr Ihr Meerwasseraquarium entwickelt wurde. Es ist jetzt in einer praktischen Spr\u00fchflasche erh\u00e4ltlich.<\/p>\n<p>Die <strong>Spr\u00fchpumpe<\/strong> liefert ungef\u00e4hr 0,25 ml Plankton pro Spr\u00fchsto\u00df. Dieses Produkt \u00e4hnelt dem Easy Reefs Booster, hat jedoch eine geringere Konzentration und ist daher einfacher in kleineren Aquarien zu verwenden. Statt der Standarddosierung von 1 ml pro 150 Liter werden f\u00fcr die Nano-Version 4 ml pro 100 Liter empfohlen.<\/p>\n","protected":false},"excerpt":{"rendered":"<p>Easy Reefs Easy booster Nano 9 is a plankton concentrate for your seawater aquarium<\/p>\n","protected":false},"featured_media":80888,"template":"","meta":[],"pwb-brand":[2195],"product_cat":[1424],"product_tag":[],"class_list":{"0":"post-86737","1":"product","2":"type-product","3":"status-publish","4":"has-post-thumbnail","6":"pwb-brand-easy-reefs","7":"product_cat-futter","8":"pa_show-myparcel-options-male-de","10":"first","11":"instock","12":"taxable","13":"shipping-taxable","14":"purchasable","15":"product-type-simple"},"acf":[],"brands":[{"id":2195,"name":"Easy Reefs","slug":"easy-reefs"}],"_links":{"self":[{"href":"https:\/\/www.seaflowerstore.com\/de\/wp-json\/wp\/v2\/product\/86737","targetHints":{"allow":["GET"]}}],"collection":[{"href":"https:\/\/www.seaflowerstore.com\/de\/wp-json\/wp\/v2\/product"}],"about":[{"href":"https:\/\/www.seaflowerstore.com\/de\/wp-json\/wp\/v2\/types\/product"}],"wp:featuredmedia":[{"embeddable":true,"href":"https:\/\/www.seaflowerstore.com\/de\/wp-json\/wp\/v2\/media\/80888"}],"wp:attachment":[{"href":"https:\/\/www.seaflowerstore.com\/de\/wp-json\/wp\/v2\/media?parent=86737"}],"wp:term":[{"taxonomy":"pwb-brand","embeddable":true,"href":"https:\/\/www.seaflowerstore.com\/de\/wp-json\/wp\/v2\/pwb-brand?post=86737"},{"taxonomy":"product_cat","embeddable":true,"href":"https:\/\/www.seaflowerstore.com\/de\/wp-json\/wp\/v2\/product_cat?post=86737"},{"taxonomy":"product_tag","embeddable":true,"href":"https:\/\/www.seaflowerstore.com\/de\/wp-json\/wp\/v2\/product_tag?post=86737"}],"curies":[{"name":"wp","href":"https:\/\/api.w.org\/{rel}","templated":true}]}}