{"id":86740,"date":"2018-09-10T15:42:24","date_gmt":"2018-09-10T13:42:24","guid":{"rendered":"https:\/\/www.seaflowerstore.com\/nl\/powerfilter-2-0-large-up-to-1000-liter\/"},"modified":"2026-03-08T20:04:52","modified_gmt":"2026-03-08T19:04:52","slug":"powerfilter-2-0-large-up-to-1000-liter","status":"publish","type":"product","link":"https:\/\/www.seaflowerstore.com\/de\/powerfilter-2-0-large-up-to-1000-liter\/","title":{"rendered":"Powerfilter 2.0 Large up to 1000 liter"},"content":{"rendered":"<h2>Powerfilter 2.0 Large up to 1000 liters<\/h2>\n<p>Der Powerfilter 2.0 ist eine verbesserte Version des beliebten Powerfilters. Einer seiner gr\u00f6\u00dften Vorteile ist die Magnetaufh\u00e4ngung, die die traditionelle Saugnapfbefestigung ersetzt. Der Magnet ist f\u00fcr Glas mit einer Dicke von bis zu 15 mm geeignet. <strong><span lang=\"en\">Diese Funktion ist besonders n\u00fctzlich, wenn Sie den Powerfilter aufh\u00e4ngen m\u00f6chten, anstatt ihn auf den Boden des Filterbeckens zu stellen.<\/span><\/strong><\/p>\n<p>Dieses Set enth\u00e4lt eine leistungsstarke Pumpe mit einer Kapazit\u00e4t von 2500 Litern pro Stunde, ein 25 mm PVC-Rohr und -Korb sowie eine <strong>Magnet<\/strong>-Befestigung. Die Magnethalterung ist mit Silikond\u00e4mpfern ausgestattet, die dazu beitragen, die ohnehin geringe Ger\u00e4uschentwicklung der Pumpe weiter zu minimieren.<\/p>\n<p>Die Herstellung eines Powerfilters ist ganz einfach; Sie k\u00f6nnen Filterwolle einfach um das Rohr wickeln. Bitte beachten Sie, dass die Pumpe nicht mehr eingestellt werden kann, sobald das Filterrohr in Betrieb genommen wurde.<\/p>\n<p>Bei regelm\u00e4\u00dfiger und richtiger Verwendung sind die Vorteile eines Powerfilters klar. Die Wahrscheinlichkeit einer Verschmutzung ist minimal, was dazu beitr\u00e4gt, viele potenzielle Probleme zu vermeiden.<\/p>\n<p>Ausf\u00fchrlichere Informationen zu Stromfiltern finden Sie unter: <a href=\"http:\/\/dsrreefing.nl\/forum\/index.php?topic=23.0\" target=\"_blank\" rel=\"noopener noreferrer nofollow\">Link zum DSR-Forum<\/a>.<\/p>\n","protected":false},"excerpt":{"rendered":"<p>Powerfilter 2.0 has a magnet attachment<\/p>\n","protected":false},"featured_media":80880,"template":"","meta":[],"pwb-brand":[2161],"product_cat":[1515],"product_tag":[],"class_list":{"0":"post-86740","1":"product","2":"type-product","3":"status-publish","4":"has-post-thumbnail","6":"pwb-brand-seaflower","7":"product_cat-aquarium-powerfilter-de","8":"pa_show-myparcel-options-male-de","10":"first","11":"outofstock","12":"taxable","13":"shipping-taxable","14":"purchasable","15":"product-type-simple"},"acf":[],"brands":[{"id":2161,"name":"Seaflower","slug":"seaflower"}],"_links":{"self":[{"href":"https:\/\/www.seaflowerstore.com\/de\/wp-json\/wp\/v2\/product\/86740","targetHints":{"allow":["GET"]}}],"collection":[{"href":"https:\/\/www.seaflowerstore.com\/de\/wp-json\/wp\/v2\/product"}],"about":[{"href":"https:\/\/www.seaflowerstore.com\/de\/wp-json\/wp\/v2\/types\/product"}],"wp:featuredmedia":[{"embeddable":true,"href":"https:\/\/www.seaflowerstore.com\/de\/wp-json\/wp\/v2\/media\/80880"}],"wp:attachment":[{"href":"https:\/\/www.seaflowerstore.com\/de\/wp-json\/wp\/v2\/media?parent=86740"}],"wp:term":[{"taxonomy":"pwb-brand","embeddable":true,"href":"https:\/\/www.seaflowerstore.com\/de\/wp-json\/wp\/v2\/pwb-brand?post=86740"},{"taxonomy":"product_cat","embeddable":true,"href":"https:\/\/www.seaflowerstore.com\/de\/wp-json\/wp\/v2\/product_cat?post=86740"},{"taxonomy":"product_tag","embeddable":true,"href":"https:\/\/www.seaflowerstore.com\/de\/wp-json\/wp\/v2\/product_tag?post=86740"}],"curies":[{"name":"wp","href":"https:\/\/api.w.org\/{rel}","templated":true}]}}