{"id":86741,"date":"2018-09-10T15:37:28","date_gmt":"2018-09-10T13:37:28","guid":{"rendered":"https:\/\/www.seaflowerstore.com\/nl\/powerfilter-1000-liter-magnet-upgrade\/"},"modified":"2024-03-20T16:53:35","modified_gmt":"2024-03-20T15:53:35","slug":"powerfilter-1000-liter-magnet-upgrade","status":"publish","type":"product","link":"https:\/\/www.seaflowerstore.com\/de\/powerfilter-1000-liter-magnet-upgrade\/","title":{"rendered":"Powerfilter 1000 liter Magnet upgrade"},"content":{"rendered":"<h2>Powerfilter up to 1000 liters Magnet upgrade<\/h2>\n<p>Mit diesem Set ersetzen Sie die Saugn\u00e4pfe durch einen Magneten, der f\u00fcr Glasst\u00e4rken bis 15 mm geeignet ist. Das Set enth\u00e4lt einen versiegelten Magneten mit Silikonaufh\u00e4ngung und vier Tyraps.<\/p>\n<p><strong>Super einfache Installation:<\/strong><\/p>\n<ul>\n<li>Entfernen Sie die Saugn\u00e4pfe von Ihrer vorhandenen Filterpumpe.<\/li>\n<li>Platzieren Sie die Pumpe auf der Plattform des Magneten.<\/li>\n<li>Verwenden Sie f\u00fcr jedes Loch einen Tyrap und schneiden Sie den \u00dcberschuss ab.<\/li>\n<\/ul>\n<p>Dieses Upgrade-Set enth\u00e4lt hochwertige versiegelte Magnete von Tunze und die Tyraps enthalten kein Metall.<\/p>\n","protected":false},"excerpt":{"rendered":"<p>Powerfilter Large Magnet upgrade<\/p>\n","protected":false},"featured_media":80874,"template":"","meta":[],"pwb-brand":[2161],"product_cat":[1515],"product_tag":[],"class_list":{"0":"post-86741","1":"product","2":"type-product","3":"status-publish","4":"has-post-thumbnail","6":"pwb-brand-seaflower","7":"product_cat-aquarium-powerfilter-de","8":"pa_show-myparcel-options-male-de","10":"first","11":"outofstock","12":"taxable","13":"shipping-taxable","14":"purchasable","15":"product-type-simple"},"acf":[],"brands":[{"id":2161,"name":"Seaflower","slug":"seaflower"}],"_links":{"self":[{"href":"https:\/\/www.seaflowerstore.com\/de\/wp-json\/wp\/v2\/product\/86741","targetHints":{"allow":["GET"]}}],"collection":[{"href":"https:\/\/www.seaflowerstore.com\/de\/wp-json\/wp\/v2\/product"}],"about":[{"href":"https:\/\/www.seaflowerstore.com\/de\/wp-json\/wp\/v2\/types\/product"}],"wp:featuredmedia":[{"embeddable":true,"href":"https:\/\/www.seaflowerstore.com\/de\/wp-json\/wp\/v2\/media\/80874"}],"wp:attachment":[{"href":"https:\/\/www.seaflowerstore.com\/de\/wp-json\/wp\/v2\/media?parent=86741"}],"wp:term":[{"taxonomy":"pwb-brand","embeddable":true,"href":"https:\/\/www.seaflowerstore.com\/de\/wp-json\/wp\/v2\/pwb-brand?post=86741"},{"taxonomy":"product_cat","embeddable":true,"href":"https:\/\/www.seaflowerstore.com\/de\/wp-json\/wp\/v2\/product_cat?post=86741"},{"taxonomy":"product_tag","embeddable":true,"href":"https:\/\/www.seaflowerstore.com\/de\/wp-json\/wp\/v2\/product_tag?post=86741"}],"curies":[{"name":"wp","href":"https:\/\/api.w.org\/{rel}","templated":true}]}}