{"id":86746,"date":"2018-09-04T13:32:45","date_gmt":"2018-09-04T11:32:45","guid":{"rendered":"https:\/\/www.seaflowerstore.com\/nl\/pmup-v2-practical-multi-purpose-utility-pump\/"},"modified":"2024-03-20T16:53:31","modified_gmt":"2024-03-20T15:53:31","slug":"pmup-v2-practical-multi-purpose-utility-pump","status":"publish","type":"product","link":"https:\/\/www.seaflowerstore.com\/de\/pmup-v2-practical-multi-purpose-utility-pump\/","title":{"rendered":"PMUP v2 Practical Multi-Purpose Utility Pump"},"content":{"rendered":"<h2>PMUP v2 Practical Multi-Purpose Utility Pump from Neptune Systems<\/h2>\n<p>Die PMUP v2 ist eine robuste 24-V-Gleichstrom-Mehrzweckpumpe, die Wasser bis zu einer H\u00f6he von 4,2 Metern heben kann und sich daher ideal f\u00fcr Anwendungen wie Osmosewasser eignet.<\/p>\n<ul>\n<li>Bei einer Einstellung auf 0 Grad bietet sie einen Durchsatz von 375 Litern pro Stunde.<\/li>\n<li>Ausgestattet mit einem DC24-Zubeh\u00f6ranschluss ist sie mit 1LINK-Modulen kompatibel.<\/li>\n<li>Bitte beachten Sie, dass sie nicht mit einem 24-V-Gleichstrom-Netzteil geliefert wird.<\/li>\n<\/ul>\n<p><strong><span style=\"font-size: 1.17em;\">Neu in Version 2 von PMUP:<\/span><\/strong><\/p>\n<ul>\n<li>Automatische Abschaltfunktion, wenn die Pumpe trocken l\u00e4uft.<\/li>\n<li>\u00dcbertemperaturschutz f\u00fcr mehr Sicherheit.<\/li>\n<li>Ein neuer abnehmbarer Saugkorb erm\u00f6glicht eine einfachere aufrechte Positionierung.<\/li>\n<li>Entwickelt f\u00fcr problemloses Reinigung.<\/li>\n<\/ul>\n<p>Diese Mehrzweckpumpe l\u00e4sst sich m\u00fchelos an Standardrohre und -anschl\u00fcsse anschlie\u00dfen. Die PMUP verf\u00fcgt \u00fcber einen glatten 9,5-mm-Ausgang (3\/8 Zoll), der problemlos an Silikonschl\u00e4uche oder Standardanschl\u00fcsse angeschlossen werden kann.<\/p>\n<p><strong>Spezifikationen:<\/strong><\/p>\n<ul>\n<li>Abmessungen: 11,6 cm H x 5,7 cm Durchmesser<\/li>\n<li>Maximaler Durchfluss: 375 Liter pro Stunde<\/li>\n<li>Maximale F\u00f6rderh\u00f6he: 4,25 Meter<\/li>\n<li>Stromverbrauch: 17 W<\/li>\n<\/ul>\n<p><strong>Was ist im Lieferumfang enthalten:<\/strong><\/p>\n<ul>\n<li>1x Mehrzweck-Mehrzweckpumpe PMUP v2<\/li>\n<\/ul>\n<p><strong>Hinweis:<\/strong> Diese Pumpe funktioniert nur mit einem Apex-System, da sie einen DC24-Zubeh\u00f6ranschluss am FMM-Modul oder 1Link-Modul ben\u00f6tigt.<\/p>\n","protected":false},"excerpt":{"rendered":"<p>PMUP v2 for the apex computer system has a DC24 accessory ports connector \/ connection, suitable for the 1LINK modules<\/p>\n","protected":false},"featured_media":80854,"template":"","meta":[],"pwb-brand":[2179],"product_cat":[1408,1423],"product_tag":[],"class_list":{"0":"post-86746","1":"product","2":"type-product","3":"status-publish","4":"has-post-thumbnail","6":"pwb-brand-neptune-systems","7":"product_cat-computer-de","8":"product_cat-neptune-systems-de","9":"pa_show-myparcel-options-male-de","11":"first","12":"instock","13":"sale","14":"taxable","15":"shipping-taxable","16":"purchasable","17":"product-type-simple"},"acf":[],"brands":[{"id":2179,"name":"Neptune Systems","slug":"neptune-systems"}],"_links":{"self":[{"href":"https:\/\/www.seaflowerstore.com\/de\/wp-json\/wp\/v2\/product\/86746","targetHints":{"allow":["GET"]}}],"collection":[{"href":"https:\/\/www.seaflowerstore.com\/de\/wp-json\/wp\/v2\/product"}],"about":[{"href":"https:\/\/www.seaflowerstore.com\/de\/wp-json\/wp\/v2\/types\/product"}],"wp:featuredmedia":[{"embeddable":true,"href":"https:\/\/www.seaflowerstore.com\/de\/wp-json\/wp\/v2\/media\/80854"}],"wp:attachment":[{"href":"https:\/\/www.seaflowerstore.com\/de\/wp-json\/wp\/v2\/media?parent=86746"}],"wp:term":[{"taxonomy":"pwb-brand","embeddable":true,"href":"https:\/\/www.seaflowerstore.com\/de\/wp-json\/wp\/v2\/pwb-brand?post=86746"},{"taxonomy":"product_cat","embeddable":true,"href":"https:\/\/www.seaflowerstore.com\/de\/wp-json\/wp\/v2\/product_cat?post=86746"},{"taxonomy":"product_tag","embeddable":true,"href":"https:\/\/www.seaflowerstore.com\/de\/wp-json\/wp\/v2\/product_tag?post=86746"}],"curies":[{"name":"wp","href":"https:\/\/api.w.org\/{rel}","templated":true}]}}