{"id":86747,"date":"2018-09-04T13:04:25","date_gmt":"2018-09-04T11:04:25","guid":{"rendered":"https:\/\/www.seaflowerstore.com\/nl\/automatic-top-off-kit-atk-v2\/"},"modified":"2024-03-20T16:53:28","modified_gmt":"2024-03-20T15:53:28","slug":"automatic-top-off-kit-atk-v2","status":"publish","type":"product","link":"https:\/\/www.seaflowerstore.com\/de\/automatic-top-off-kit-atk-v2\/","title":{"rendered":"Automatic Top-Off Kit &#8211; ATK v2"},"content":{"rendered":"<h2>Automatic Top-Off Kit &#8211; ATK v2 is a safe and complete kit with FMM module, optical sensors, float, pump and magnet mounting for topping up water<\/h2>\n<p>Das automatische Nachf\u00fcllset &#8211; ATK v2 ist eine zuverl\u00e4ssige und umfassende L\u00f6sung zur bequemen Aufrechterhaltung Ihres Wasserstands. Dieses Set enth\u00e4lt:<\/p>\n<ul>\n<li><strong>1 optischer Sensor<\/strong> zur Erkennung des Wasserstands<\/li>\n<li><strong>1 optischer Ersatzsensor<\/strong> zur zus\u00e4tzlichen Wasserstandserkennung<\/li>\n<li><strong>1 Schwimmer<\/strong>, der als letztes Backup dient, falls beide optischen Sensoren ausfallen, was aufgrund einer verschmutzten Linse passieren kann<\/li>\n<li><strong>1 PMUP v2<\/strong>, eine leistungsstarke 24-VDC-Pumpe, die Wasser bis zu 4,2 Meter hoch heben kann<\/li>\n<li><strong>4 Meter orangefarbener Osmoseschlauch<\/strong> zusammen mit den erforderlichen Kupplungen<\/li>\n<\/ul>\n<p>Dieses Set soll sicherstellen, dass Sie alles haben, was Sie f\u00fcr eine effektive Wassernachf\u00fcllung ben\u00f6tigen, und ist somit eine praktische Erg\u00e4nzung f\u00fcr Ihr Setup.<\/p>\n","protected":false},"excerpt":{"rendered":"<p>Osmolator for the Apex system (can also work stand-alone without this system)<\/p>\n","protected":false},"featured_media":80851,"template":"","meta":[],"pwb-brand":[2179],"product_cat":[1433,1408,1423],"product_tag":[],"class_list":{"0":"post-86747","1":"product","2":"type-product","3":"status-publish","4":"has-post-thumbnail","6":"pwb-brand-neptune-systems","7":"product_cat-nachfuellsysteme","8":"product_cat-computer-de","9":"product_cat-neptune-systems-de","10":"pa_show-myparcel-options-male-de","12":"first","13":"outofstock","14":"taxable","15":"shipping-taxable","16":"purchasable","17":"product-type-simple"},"acf":[],"brands":[{"id":2179,"name":"Neptune Systems","slug":"neptune-systems"}],"_links":{"self":[{"href":"https:\/\/www.seaflowerstore.com\/de\/wp-json\/wp\/v2\/product\/86747","targetHints":{"allow":["GET"]}}],"collection":[{"href":"https:\/\/www.seaflowerstore.com\/de\/wp-json\/wp\/v2\/product"}],"about":[{"href":"https:\/\/www.seaflowerstore.com\/de\/wp-json\/wp\/v2\/types\/product"}],"wp:featuredmedia":[{"embeddable":true,"href":"https:\/\/www.seaflowerstore.com\/de\/wp-json\/wp\/v2\/media\/80851"}],"wp:attachment":[{"href":"https:\/\/www.seaflowerstore.com\/de\/wp-json\/wp\/v2\/media?parent=86747"}],"wp:term":[{"taxonomy":"pwb-brand","embeddable":true,"href":"https:\/\/www.seaflowerstore.com\/de\/wp-json\/wp\/v2\/pwb-brand?post=86747"},{"taxonomy":"product_cat","embeddable":true,"href":"https:\/\/www.seaflowerstore.com\/de\/wp-json\/wp\/v2\/product_cat?post=86747"},{"taxonomy":"product_tag","embeddable":true,"href":"https:\/\/www.seaflowerstore.com\/de\/wp-json\/wp\/v2\/product_tag?post=86747"}],"curies":[{"name":"wp","href":"https:\/\/api.w.org\/{rel}","templated":true}]}}