{"id":86762,"date":"2018-08-28T11:05:50","date_gmt":"2018-08-28T09:05:50","guid":{"rendered":"https:\/\/www.seaflowerstore.com\/nl\/coral-rack-long\/"},"modified":"2024-03-20T16:53:05","modified_gmt":"2024-03-20T15:53:05","slug":"coral-rack-long","status":"publish","type":"product","link":"https:\/\/www.seaflowerstore.com\/de\/coral-rack-long\/","title":{"rendered":"Coral rack long"},"content":{"rendered":"<h2><strong>Tunze Coral rack long<\/strong><\/h2>\n<p>Das Tunze Coral Rack ist so konzipiert, dass es Korallen sicher h\u00e4lt. Es verf\u00fcgt \u00fcber einen Magneten, der den Stein an Ihrem Aquarienglas befestigt.<\/p>\n<p>Dieses Produkt besteht aus einem hochpor\u00f6sen Keramikstein und verf\u00fcgt \u00fcber Vertiefungen f\u00fcr ungef\u00e4hr sechs Korallenfragmente sowie Riffstopfen (ungef\u00e4hr \u00d811 mm\/0,43 Zoll). <\/p>\n<p>Dank seiner starken Magnethalterung ist das Coral Rack Nano perfekt f\u00fcr Aquarien mit Glasst\u00e4rken von bis zu 15 mm (2\/3 Zoll).<\/p>\n<p>Unter Wasser kann es Korallen mit einem Trockengewicht von bis zu ungef\u00e4hr 2 kg (4,4 Pfund) bei Glasst\u00e4rken von bis zu 12 mm (1\/2 Zoll) tragen. Bei einer Dicke von 15 mm (2\/3 Zoll) ist das maximale Trockengewicht jedoch auf 0,8 kg (1,8 Pfund) begrenzt.<\/p>\n<p>Die Abmessungen des Korallenregals betragen ungef\u00e4hr 240 x 100 x 140 mm (9,5 x 3,9 x 5,5 Zoll).<\/p>\n<p>Dieses Korallenregal ist sowohl f\u00fcr S\u00fc\u00df- als auch f\u00fcr Salzwasserumgebungen geeignet.<\/p>\n","protected":false},"excerpt":{"rendered":"<p>Growing stone for the placement of corals with magnet to attach the stone to the glass.<\/p>\n","protected":false},"featured_media":80817,"template":"","meta":[],"pwb-brand":[2123],"product_cat":[1461,1386],"product_tag":[],"class_list":{"0":"post-86762","1":"product","2":"type-product","3":"status-publish","4":"has-post-thumbnail","6":"pwb-brand-tunze","7":"product_cat-schneidzubehoer","8":"product_cat-steine","9":"pa_show-myparcel-options-male-de","11":"first","12":"outofstock","13":"taxable","14":"shipping-taxable","15":"purchasable","16":"product-type-simple"},"acf":[],"brands":[{"id":2123,"name":"Tunze","slug":"tunze"}],"_links":{"self":[{"href":"https:\/\/www.seaflowerstore.com\/de\/wp-json\/wp\/v2\/product\/86762","targetHints":{"allow":["GET"]}}],"collection":[{"href":"https:\/\/www.seaflowerstore.com\/de\/wp-json\/wp\/v2\/product"}],"about":[{"href":"https:\/\/www.seaflowerstore.com\/de\/wp-json\/wp\/v2\/types\/product"}],"wp:featuredmedia":[{"embeddable":true,"href":"https:\/\/www.seaflowerstore.com\/de\/wp-json\/wp\/v2\/media\/80817"}],"wp:attachment":[{"href":"https:\/\/www.seaflowerstore.com\/de\/wp-json\/wp\/v2\/media?parent=86762"}],"wp:term":[{"taxonomy":"pwb-brand","embeddable":true,"href":"https:\/\/www.seaflowerstore.com\/de\/wp-json\/wp\/v2\/pwb-brand?post=86762"},{"taxonomy":"product_cat","embeddable":true,"href":"https:\/\/www.seaflowerstore.com\/de\/wp-json\/wp\/v2\/product_cat?post=86762"},{"taxonomy":"product_tag","embeddable":true,"href":"https:\/\/www.seaflowerstore.com\/de\/wp-json\/wp\/v2\/product_tag?post=86762"}],"curies":[{"name":"wp","href":"https:\/\/api.w.org\/{rel}","templated":true}]}}