{"id":86763,"date":"2018-08-26T15:47:10","date_gmt":"2018-08-26T13:47:10","guid":{"rendered":"https:\/\/www.seaflowerstore.com\/nl\/arka-reef-cave\/"},"modified":"2024-03-20T16:53:23","modified_gmt":"2024-03-20T15:53:23","slug":"arka-reef-cave","status":"publish","type":"product","link":"https:\/\/www.seaflowerstore.com\/de\/arka-reef-cave\/","title":{"rendered":"Arka reef cave"},"content":{"rendered":"<h2>Arka reef cave<\/h2>\n<p>Hier sind die Abmessungen unserer Riffh\u00f6hlenprodukte (L\u00e4nge x Breite x H\u00f6he):<\/p>\n<ul>\n<li>RH5 = 10 x 10 x 6 cm<\/li>\n<li>RH10 = 14 x 14 x 8 cm<\/li>\n<li>RH15 = 17 x 17 x 10 cm<\/li>\n<li>RH20 = 22 x 22 x 12 cm<\/li>\n<\/ul>\n<p>Bitte beachten Sie, dass unsere Riffkeramik handgefertigt ist, die Gr\u00f6\u00dfen k\u00f6nnen also leicht variieren.<\/p>\n<p>Wir verwenden f\u00fcr unsere Riffkeramik nur die hochwertigsten Rohstoffe und stellen sicher, dass keine k\u00fcnstlichen Zus\u00e4tze verwendet werden. Jedes Produkt ist ein in Deutschland von Hand gefertigtes Unikat.<\/p>\n<div>\n<strong>Eigenschaften und Vorteile:<\/strong><\/p>\n<ul>\n<li>Sehr hohe Porosit\u00e4t<\/li>\n<li>Naturnah<\/li>\n<li>Biologisch aktiv innerhalb kurzer Zeit<\/li>\n<li>Ohne k\u00fcnstliche Zus\u00e4tze<\/li>\n<li>Verhindert die Einschleppung von Glasrosen und anderen ungebetenen G\u00e4sten<\/li>\n<li>Sehr schnelles Wachstum mit Kalkalgen<\/li>\n<li>Aktiver Beitrag zum Umweltschutz durch Vermeidung von Naturentzug<\/li>\n<li>F\u00fcr Meer- und S\u00fc\u00dfwasser geeignet<\/li>\n<\/ul>\n<p><strong>Bitte beachten Sie, dass wir dieses Produkt sorgf\u00e4ltig verpacken, jedoch keine Verantwortung f\u00fcr Transportsch\u00e4den \u00fcbernehmen.<\/strong>\n<\/div>\n","protected":false},"excerpt":{"rendered":"<p>Small cave of ceramic material is a nice hiding spot for fishes and other reef animals<\/p>\n","protected":false},"featured_media":80811,"template":"","meta":[],"pwb-brand":[2253],"product_cat":[1386],"product_tag":[],"class_list":{"0":"post-86763","1":"product","2":"type-product","3":"status-publish","4":"has-post-thumbnail","6":"pwb-brand-arka","7":"product_cat-steine","8":"pa_diameter-10-cm-de","9":"pa_diameter-15-cm-de","10":"pa_diameter-20-cm-de","11":"pa_diameter-5-cm-de","12":"pa_show-myparcel-options-male-de","14":"first","15":"instock","16":"taxable","17":"shipping-taxable","18":"purchasable","19":"product-type-variable"},"acf":[],"brands":[{"id":2253,"name":"Arka","slug":"arka"}],"_links":{"self":[{"href":"https:\/\/www.seaflowerstore.com\/de\/wp-json\/wp\/v2\/product\/86763","targetHints":{"allow":["GET"]}}],"collection":[{"href":"https:\/\/www.seaflowerstore.com\/de\/wp-json\/wp\/v2\/product"}],"about":[{"href":"https:\/\/www.seaflowerstore.com\/de\/wp-json\/wp\/v2\/types\/product"}],"wp:featuredmedia":[{"embeddable":true,"href":"https:\/\/www.seaflowerstore.com\/de\/wp-json\/wp\/v2\/media\/80811"}],"wp:attachment":[{"href":"https:\/\/www.seaflowerstore.com\/de\/wp-json\/wp\/v2\/media?parent=86763"}],"wp:term":[{"taxonomy":"pwb-brand","embeddable":true,"href":"https:\/\/www.seaflowerstore.com\/de\/wp-json\/wp\/v2\/pwb-brand?post=86763"},{"taxonomy":"product_cat","embeddable":true,"href":"https:\/\/www.seaflowerstore.com\/de\/wp-json\/wp\/v2\/product_cat?post=86763"},{"taxonomy":"product_tag","embeddable":true,"href":"https:\/\/www.seaflowerstore.com\/de\/wp-json\/wp\/v2\/product_tag?post=86763"}],"curies":[{"name":"wp","href":"https:\/\/api.w.org\/{rel}","templated":true}]}}