{"id":86776,"date":"2018-08-10T12:38:29","date_gmt":"2018-08-10T10:38:29","guid":{"rendered":"https:\/\/www.seaflowerstore.com\/nl\/coral-rack-nano\/"},"modified":"2025-07-12T13:20:30","modified_gmt":"2025-07-12T11:20:30","slug":"coral-rack-nano","status":"publish","type":"product","link":"https:\/\/www.seaflowerstore.com\/de\/coral-rack-nano\/","title":{"rendered":"Coral rack nano"},"content":{"rendered":"<h2>Coral rack nano<\/h2>\n<p><strong>Tunze Coral Rack Nano<\/strong> ist eine fantastische L\u00f6sung zum Platzieren von Korallen in Ihrem Aquarium und verf\u00fcgt \u00fcber einen Magneten, der den Stein sicher an Ihrer Glasoberfl\u00e4che befestigt.<\/p>\n<p>Dieses Produkt besteht aus einem hochpor\u00f6sen Keramikstein und verf\u00fcgt \u00fcber Vertiefungen, die ungef\u00e4hr sechs Korallenfragmente sowie Reef Plugs mit einem Durchmesser von etwa 11 mm (0,43 Zoll) aufnehmen k\u00f6nnen.<\/p>\n<p>Dank seiner starken Magnethalterung funktioniert das Coral Rack Nano perfekt in Aquarien mit einer Glasdicke von bis zu 15 mm (0,63 Zoll).<\/p>\n<p>Unter Wasser kann es Korallen mit einem Gewicht von bis zu etwa 1 kg (2,2 Pfund) und einer Glasdicke von bis zu 12 mm (0,5 Zoll) tragen. Bei einer Dicke von 15 mm (0,63 Zoll) ist die Gewichtskapazit\u00e4t jedoch auf etwa 0,5 kg (1,1 Pfund) begrenzt.<\/p>\n<p>Die Abmessungen des Coral Rack Nano betragen ungef\u00e4hr 180 x 60 x 130 mm (7,1 x 2,4 x 5,1 Zoll).<\/p>\n<p>Dieses Produkt ist sowohl f\u00fcr S\u00fc\u00df- als auch f\u00fcr Salzwasserumgebungen geeignet.<\/p>\n","protected":false},"excerpt":{"rendered":"<p>Growing stone for the placement of corals with magnet to attach the stone to the glass.<\/p>\n","protected":false},"featured_media":80791,"template":"","meta":[],"pwb-brand":[2123],"product_cat":[1461,1386],"product_tag":[],"class_list":{"0":"post-86776","1":"product","2":"type-product","3":"status-publish","4":"has-post-thumbnail","6":"pwb-brand-tunze","7":"product_cat-schneidzubehoer","8":"product_cat-steine","9":"pa_show-myparcel-options-male-de","11":"first","12":"outofstock","13":"taxable","14":"shipping-taxable","15":"purchasable","16":"product-type-simple"},"acf":[],"brands":[{"id":2123,"name":"Tunze","slug":"tunze"}],"_links":{"self":[{"href":"https:\/\/www.seaflowerstore.com\/de\/wp-json\/wp\/v2\/product\/86776","targetHints":{"allow":["GET"]}}],"collection":[{"href":"https:\/\/www.seaflowerstore.com\/de\/wp-json\/wp\/v2\/product"}],"about":[{"href":"https:\/\/www.seaflowerstore.com\/de\/wp-json\/wp\/v2\/types\/product"}],"wp:featuredmedia":[{"embeddable":true,"href":"https:\/\/www.seaflowerstore.com\/de\/wp-json\/wp\/v2\/media\/80791"}],"wp:attachment":[{"href":"https:\/\/www.seaflowerstore.com\/de\/wp-json\/wp\/v2\/media?parent=86776"}],"wp:term":[{"taxonomy":"pwb-brand","embeddable":true,"href":"https:\/\/www.seaflowerstore.com\/de\/wp-json\/wp\/v2\/pwb-brand?post=86776"},{"taxonomy":"product_cat","embeddable":true,"href":"https:\/\/www.seaflowerstore.com\/de\/wp-json\/wp\/v2\/product_cat?post=86776"},{"taxonomy":"product_tag","embeddable":true,"href":"https:\/\/www.seaflowerstore.com\/de\/wp-json\/wp\/v2\/product_tag?post=86776"}],"curies":[{"name":"wp","href":"https:\/\/api.w.org\/{rel}","templated":true}]}}