{"id":86777,"date":"2018-08-10T12:04:05","date_gmt":"2018-08-10T10:04:05","guid":{"rendered":"https:\/\/www.seaflowerstore.com\/nl\/coral-gum-instant-120g\/"},"modified":"2024-03-20T16:52:50","modified_gmt":"2024-03-20T15:52:50","slug":"coral-gum-instant-120g","status":"publish","type":"product","link":"https:\/\/www.seaflowerstore.com\/de\/coral-gum-instant-120g\/","title":{"rendered":"Coral Gum instant 120g"},"content":{"rendered":"<h2>Tunze Coral Gum instant 120g is a two-component coral adhesive for safe cementing of coral fragments<\/h2>\n<p><strong>Coral Gum instant<\/strong> ist ein zuverl\u00e4ssiger Zweikomponentenkleber, der speziell f\u00fcr die sichere Befestigung von Korallenfragmenten auf Steinsubstraten oder Frag Plugs entwickelt wurde. Das Beste an diesem Kleber ist, dass er keine sch\u00e4dlichen Stoffe oder Klebstoffr\u00fcckst\u00e4nde in das Aquarienwasser einbringt. Er bietet eine starke Verbindung, die unzerbrechlich ist, aber dennoch flexibel genug bleibt, um hohen Belastungen standzuhalten.<\/p>\n<p>Dieses Produkt ist sowohl f\u00fcr S\u00fc\u00dfwasser- als auch f\u00fcr Meerwasseraquarien geeignet.<\/p>\n<p><strong>Inhalt:<\/strong> 2 x 60 g (4,23 oz.)<\/p>\n","protected":false},"excerpt":{"rendered":"<p>Tunze Coral Gum instant is a two-component coral adhesive for safe cementing of coral fragments to stone substrates of frag plugs<\/p>\n","protected":false},"featured_media":80789,"template":"","meta":[],"pwb-brand":[2123],"product_cat":[1405],"product_tag":[],"class_list":{"0":"post-86777","1":"product","2":"type-product","3":"status-publish","4":"has-post-thumbnail","6":"pwb-brand-tunze","7":"product_cat-korallenkleber-versiegelungsmittel","8":"pa_show-myparcel-options-male-de","10":"first","11":"instock","12":"taxable","13":"shipping-taxable","14":"purchasable","15":"product-type-simple"},"acf":[],"brands":[{"id":2123,"name":"Tunze","slug":"tunze"}],"_links":{"self":[{"href":"https:\/\/www.seaflowerstore.com\/de\/wp-json\/wp\/v2\/product\/86777","targetHints":{"allow":["GET"]}}],"collection":[{"href":"https:\/\/www.seaflowerstore.com\/de\/wp-json\/wp\/v2\/product"}],"about":[{"href":"https:\/\/www.seaflowerstore.com\/de\/wp-json\/wp\/v2\/types\/product"}],"wp:featuredmedia":[{"embeddable":true,"href":"https:\/\/www.seaflowerstore.com\/de\/wp-json\/wp\/v2\/media\/80789"}],"wp:attachment":[{"href":"https:\/\/www.seaflowerstore.com\/de\/wp-json\/wp\/v2\/media?parent=86777"}],"wp:term":[{"taxonomy":"pwb-brand","embeddable":true,"href":"https:\/\/www.seaflowerstore.com\/de\/wp-json\/wp\/v2\/pwb-brand?post=86777"},{"taxonomy":"product_cat","embeddable":true,"href":"https:\/\/www.seaflowerstore.com\/de\/wp-json\/wp\/v2\/product_cat?post=86777"},{"taxonomy":"product_tag","embeddable":true,"href":"https:\/\/www.seaflowerstore.com\/de\/wp-json\/wp\/v2\/product_tag?post=86777"}],"curies":[{"name":"wp","href":"https:\/\/api.w.org\/{rel}","templated":true}]}}