{"id":86778,"date":"2018-08-10T11:33:08","date_gmt":"2018-08-10T09:33:08","guid":{"rendered":"https:\/\/www.seaflowerstore.com\/nl\/coral-gum-112g\/"},"modified":"2024-03-20T16:52:48","modified_gmt":"2024-03-20T15:52:48","slug":"coral-gum-112g","status":"publish","type":"product","link":"https:\/\/www.seaflowerstore.com\/de\/coral-gum-112g\/","title":{"rendered":"Coral Gum 112g"},"content":{"rendered":"<h2>Tunze Coral Gum 112g<\/h2>\n<p>Wir stellen einen <strong>Zweikomponenten-Epoxidharzkleber<\/strong> vor, der f\u00fcr die sichere Befestigung von Korallen an Steinsubstraten oder Frag Plugs entwickelt wurde. Dieser Kleber ist rot gef\u00e4rbt und imitiert das Aussehen von Kalkalgen, wodurch er sich besonders f\u00fcr den Einsatz in Korallenriffaquarien eignet.<\/p>\n<p>Neben Korallen kann er auch zum Befestigen von Glas, Keramik, Holz und vielen Kunststoffarten verwendet werden. Die Packung enth\u00e4lt <strong>112 Gramm (4 Unzen)<\/strong> dieses vielseitigen Klebers, sodass Sie genug f\u00fcr Ihren Aquarienbedarf haben.<\/p>\n","protected":false},"excerpt":{"rendered":"<p>Coral Gum epoxy resin adhesive for safe attachment of corals on stone substrates or frag plugs.<\/p>\n","protected":false},"featured_media":80787,"template":"","meta":[],"pwb-brand":[2123],"product_cat":[1405],"product_tag":[],"class_list":{"0":"post-86778","1":"product","2":"type-product","3":"status-publish","4":"has-post-thumbnail","6":"pwb-brand-tunze","7":"product_cat-korallenkleber-versiegelungsmittel","8":"pa_show-myparcel-options-male-de","10":"first","11":"outofstock","12":"taxable","13":"shipping-taxable","14":"purchasable","15":"product-type-simple"},"acf":[],"brands":[{"id":2123,"name":"Tunze","slug":"tunze"}],"_links":{"self":[{"href":"https:\/\/www.seaflowerstore.com\/de\/wp-json\/wp\/v2\/product\/86778","targetHints":{"allow":["GET"]}}],"collection":[{"href":"https:\/\/www.seaflowerstore.com\/de\/wp-json\/wp\/v2\/product"}],"about":[{"href":"https:\/\/www.seaflowerstore.com\/de\/wp-json\/wp\/v2\/types\/product"}],"wp:featuredmedia":[{"embeddable":true,"href":"https:\/\/www.seaflowerstore.com\/de\/wp-json\/wp\/v2\/media\/80787"}],"wp:attachment":[{"href":"https:\/\/www.seaflowerstore.com\/de\/wp-json\/wp\/v2\/media?parent=86778"}],"wp:term":[{"taxonomy":"pwb-brand","embeddable":true,"href":"https:\/\/www.seaflowerstore.com\/de\/wp-json\/wp\/v2\/pwb-brand?post=86778"},{"taxonomy":"product_cat","embeddable":true,"href":"https:\/\/www.seaflowerstore.com\/de\/wp-json\/wp\/v2\/product_cat?post=86778"},{"taxonomy":"product_tag","embeddable":true,"href":"https:\/\/www.seaflowerstore.com\/de\/wp-json\/wp\/v2\/product_tag?post=86778"}],"curies":[{"name":"wp","href":"https:\/\/api.w.org\/{rel}","templated":true}]}}