{"id":86780,"date":"2018-08-07T14:39:25","date_gmt":"2018-08-07T12:39:25","guid":{"rendered":"https:\/\/www.seaflowerstore.com\/nl\/ghl-profilux-cable-tunze-2\/"},"modified":"2024-03-20T16:52:46","modified_gmt":"2024-03-20T15:52:46","slug":"ghl-profilux-cable-tunze-2","status":"publish","type":"product","link":"https:\/\/www.seaflowerstore.com\/de\/ghl-profilux-cable-tunze-2\/","title":{"rendered":"GHL Profilux cable Tunze 2"},"content":{"rendered":"<h2>GHL Profilux cable Tunze 2 &#8211; for even port<\/h2>\n<p><strong>Anschlusskabel<\/strong> f\u00fcr den ProfiLux Controller erm\u00f6glichen Ihnen den Anschluss von drehzahlregelbaren Str\u00f6mungspumpen, die speziell f\u00fcr Tunze-Produkte entwickelt wurden.<\/p>\n<p>Mit den Adapterkabeln Tunze 1 und 2 k\u00f6nnen Sie Tunze steuerbare Str\u00f6mungspumpen ganz einfach direkt \u00fcber den ProfiLux Controller anschlie\u00dfen und steuern.<\/p>\n<p>Mit diesem Setup k\u00f6nnen Sie <em>individuelle Simulationen<\/em> von nat\u00fcrlichen Wellen- und Meeresstr\u00f6mungsbedingungen in Ihrem Aquarium erstellen. Auch andere Abl\u00e4ufe, wie die Synchronisierung einer Futterpause oder Lichteffekte, wie Gewitter mit Sturm und hohem Wellengang, lassen sich damit steuern.<\/p>\n<p>Der Anschluss erfolgt \u00fcber die Buchsen der 1-10 V Schnittstellen: L1\/L2, L3\/L4 oder L5\/L6.<\/p>\n<p>Das Adapterkabel Tunze 1 arbeitet \u00fcber die Schnittstellen L1, L3 und L5, w\u00e4hrend das Adapterkabel Tunze 2 \u00fcber L2, L4 und L6 funktioniert.<\/p>\n<p>Wollen Sie zwei Str\u00f6mungspumpen effizient \u00fcber einen Dimmkanal ansteuern, ben\u00f6tigen Sie neben den in drei unterschiedlichen L\u00e4ngen erh\u00e4ltlichen Kabeln Tunze 1 und Tunze 2 noch das Verteilerkabel YL2.<\/p>\n","protected":false},"excerpt":{"rendered":"<p>The adapter cable Tunze 2 controls via the interfaces L2 \/ L4 \/ L6<\/p>\n","protected":false},"featured_media":80783,"template":"","meta":[],"pwb-brand":[2157],"product_cat":[1537,1408],"product_tag":[],"class_list":{"0":"post-86780","1":"product","2":"type-product","3":"status-publish","4":"has-post-thumbnail","6":"pwb-brand-ghl","7":"product_cat-aquarientechnik","8":"product_cat-computer-de","9":"pa_show-myparcel-options-male-de","11":"first","12":"instock","13":"taxable","14":"shipping-taxable","15":"purchasable","16":"product-type-simple"},"acf":[],"brands":[{"id":2157,"name":"GHL","slug":"ghl"}],"_links":{"self":[{"href":"https:\/\/www.seaflowerstore.com\/de\/wp-json\/wp\/v2\/product\/86780","targetHints":{"allow":["GET"]}}],"collection":[{"href":"https:\/\/www.seaflowerstore.com\/de\/wp-json\/wp\/v2\/product"}],"about":[{"href":"https:\/\/www.seaflowerstore.com\/de\/wp-json\/wp\/v2\/types\/product"}],"wp:featuredmedia":[{"embeddable":true,"href":"https:\/\/www.seaflowerstore.com\/de\/wp-json\/wp\/v2\/media\/80783"}],"wp:attachment":[{"href":"https:\/\/www.seaflowerstore.com\/de\/wp-json\/wp\/v2\/media?parent=86780"}],"wp:term":[{"taxonomy":"pwb-brand","embeddable":true,"href":"https:\/\/www.seaflowerstore.com\/de\/wp-json\/wp\/v2\/pwb-brand?post=86780"},{"taxonomy":"product_cat","embeddable":true,"href":"https:\/\/www.seaflowerstore.com\/de\/wp-json\/wp\/v2\/product_cat?post=86780"},{"taxonomy":"product_tag","embeddable":true,"href":"https:\/\/www.seaflowerstore.com\/de\/wp-json\/wp\/v2\/product_tag?post=86780"}],"curies":[{"name":"wp","href":"https:\/\/api.w.org\/{rel}","templated":true}]}}