{"id":86789,"date":"2018-08-05T08:15:52","date_gmt":"2018-08-05T06:15:52","guid":{"rendered":"https:\/\/www.seaflowerstore.com\/nl\/purigen-250ml-seachem\/"},"modified":"2025-05-24T18:59:49","modified_gmt":"2025-05-24T16:59:49","slug":"purigen-250ml-seachem","status":"publish","type":"product","link":"https:\/\/www.seaflowerstore.com\/de\/purigen-250ml-seachem\/","title":{"rendered":"Purigen &#8211; 250ml (Seachem)"},"content":{"rendered":"<h2>Purigen &#8211; 250ml (Seachem)<\/h2>\n<h2><strong>Seachem Purigen 250 ml entfernt Proteine, Nitrite, Nitrate, Ammoniak und ein breites Spektrum organischer Substanzen<\/strong><\/h2>\n<p>Purigen ist ein synthetisches Absorptionsmittel, das sich von anderen Filterprodukten abhebt. Anders als typische Filter, die eine Mischung aus Ionenaustauschern oder verschiedenen Absorptionsmitteln verwenden, besteht Purigen aus einem einzigartigen makropor\u00f6sen synthetischen Polymer. Dieses innovative Design erm\u00f6glicht es, sowohl l\u00f6sliche als auch unl\u00f6sliche Verunreinigungen mit einer Geschwindigkeit und Kapazit\u00e4t aus dem Wasser zu entfernen, die alle anderen Produkte um mehr als 500 % \u00fcbertrifft.<\/p>\n<p>Purigen entfernt effektiv Proteine, Nitrite, Nitrate, Ammoniak und eine breite Palette organischer Substanzen und hat dabei nur minimale Auswirkungen auf Spurenelemente. Dar\u00fcber hinaus erh\u00f6ht es das Redoxpotential und kl\u00e4rt Wasser in au\u00dfergew\u00f6hnlichem Ma\u00dfe.<\/p>\n<p>Wenn Purigen ges\u00e4ttigt ist, \u00e4ndert sich seine Farbe zu einem dunkleren Farbton. Die gute Nachricht ist, dass Sie es mit normalem Haushaltsbleichmittel leicht reaktivieren k\u00f6nnen. Dieses Produkt ist sowohl f\u00fcr Meerwasser- als auch f\u00fcr S\u00fc\u00dfwasseranwendungen geeignet.<\/p>\n<p><strong>Anwendung<\/strong><\/p>\n<ul>\n<li>Purigen vor Gebrauch aussp\u00fclen.<\/li>\n<li>Verwenden Sie einen feinmaschigen Filterbeutel, um eine optimale Leistung mit den 250 ml Purigen sicherzustellen.<\/li>\n<li>Jeder 250-ml-Beh\u00e4lter kann bis zu 1000 Liter Wasser f\u00fcr eine Dauer von bis zu 6 Monaten behandeln.<\/li>\n<li>Sie k\u00f6nnen erkennen, wann Purigen ersch\u00f6pft ist, indem sich die Farbe deutlich zu dunkelblauen oder schwarzen Perlen \u00e4ndert.<\/li>\n<\/ul>\n","protected":false},"excerpt":{"rendered":"<p>Seachem Purigen removes proteins, nitrites, nitrates, ammonia and a broad spectrum of organic substances, but the impact on trace elements is minimal<\/p>\n","protected":false},"featured_media":80765,"template":"","meta":[],"pwb-brand":[2215],"product_cat":[1453,1391,1486],"product_tag":[],"class_list":{"0":"post-86789","1":"product","2":"type-product","3":"status-publish","4":"has-post-thumbnail","6":"pwb-brand-seachem","7":"product_cat-nitrat-und-phosphatentferner","8":"product_cat-ergaenzungen","9":"product_cat-zusatzstoffe","10":"pa_show-myparcel-options-male-de","12":"first","13":"instock","14":"taxable","15":"shipping-taxable","16":"purchasable","17":"product-type-simple"},"acf":[],"brands":[{"id":2215,"name":"Seachem","slug":"seachem"}],"_links":{"self":[{"href":"https:\/\/www.seaflowerstore.com\/de\/wp-json\/wp\/v2\/product\/86789","targetHints":{"allow":["GET"]}}],"collection":[{"href":"https:\/\/www.seaflowerstore.com\/de\/wp-json\/wp\/v2\/product"}],"about":[{"href":"https:\/\/www.seaflowerstore.com\/de\/wp-json\/wp\/v2\/types\/product"}],"wp:featuredmedia":[{"embeddable":true,"href":"https:\/\/www.seaflowerstore.com\/de\/wp-json\/wp\/v2\/media\/80765"}],"wp:attachment":[{"href":"https:\/\/www.seaflowerstore.com\/de\/wp-json\/wp\/v2\/media?parent=86789"}],"wp:term":[{"taxonomy":"pwb-brand","embeddable":true,"href":"https:\/\/www.seaflowerstore.com\/de\/wp-json\/wp\/v2\/pwb-brand?post=86789"},{"taxonomy":"product_cat","embeddable":true,"href":"https:\/\/www.seaflowerstore.com\/de\/wp-json\/wp\/v2\/product_cat?post=86789"},{"taxonomy":"product_tag","embeddable":true,"href":"https:\/\/www.seaflowerstore.com\/de\/wp-json\/wp\/v2\/product_tag?post=86789"}],"curies":[{"name":"wp","href":"https:\/\/api.w.org\/{rel}","templated":true}]}}