{"id":86790,"date":"2018-08-05T08:07:50","date_gmt":"2018-08-05T06:07:50","guid":{"rendered":"https:\/\/www.seaflowerstore.com\/nl\/seneye-dri-box\/"},"modified":"2024-03-20T16:52:39","modified_gmt":"2024-03-20T15:52:39","slug":"seneye-dri-box","status":"publish","type":"product","link":"https:\/\/www.seaflowerstore.com\/de\/seneye-dri-box\/","title":{"rendered":"Seneye dri box"},"content":{"rendered":"<h2>Seneye Dri Box<\/h2>\n<p><strong>Eigenschaften:<\/strong><\/p>\n<ul>\n<li>Wasserdichte Absperrbox<\/li>\n<li>Einfach mit dem Webserver verbinden<\/li>\n<li>Material ist UV-best\u00e4ndig<\/li>\n<\/ul>\n<p><strong>Beschreibung:<\/strong> Die Dri Box ist eine wasserdichte Absperrbox, die f\u00fcr die Verbindung mit dem Webserver konzipiert ist, unabh\u00e4ngig davon, ob Sie WLAN verwenden oder nicht, zusammen mit dem Sensor. Diese Funktion erm\u00f6glicht es Ihnen, das Seneye in der N\u00e4he Ihres Teichs zu platzieren, ohne das USB-Kabel verl\u00e4ngern zu m\u00fcssen. Die Box ist dank ihres UV-best\u00e4ndigen Polypropylenmaterials hervorragend f\u00fcr den Einsatz im Freien geeignet.<\/p>\n<p><strong>Technische Daten:<\/strong> Material: Polypropylen<\/p>\n","protected":false},"excerpt":{"rendered":"<p>The Dri Box is a watertight shut-off box for connecting the WEB server, for example, with or without WIFI and the sensor.<\/p>\n","protected":false},"featured_media":80763,"template":"","meta":[],"pwb-brand":[2259],"product_cat":[1401,1490],"product_tag":[],"class_list":{"0":"post-86790","1":"product","2":"type-product","3":"status-publish","4":"has-post-thumbnail","6":"pwb-brand-seneye","7":"product_cat-mess-und-regeltechnik","8":"product_cat-technologie","9":"pa_show-myparcel-options-male-de","11":"first","12":"instock","13":"taxable","14":"shipping-taxable","15":"purchasable","16":"product-type-simple"},"acf":[],"brands":[{"id":2259,"name":"Seneye","slug":"seneye"}],"_links":{"self":[{"href":"https:\/\/www.seaflowerstore.com\/de\/wp-json\/wp\/v2\/product\/86790","targetHints":{"allow":["GET"]}}],"collection":[{"href":"https:\/\/www.seaflowerstore.com\/de\/wp-json\/wp\/v2\/product"}],"about":[{"href":"https:\/\/www.seaflowerstore.com\/de\/wp-json\/wp\/v2\/types\/product"}],"wp:featuredmedia":[{"embeddable":true,"href":"https:\/\/www.seaflowerstore.com\/de\/wp-json\/wp\/v2\/media\/80763"}],"wp:attachment":[{"href":"https:\/\/www.seaflowerstore.com\/de\/wp-json\/wp\/v2\/media?parent=86790"}],"wp:term":[{"taxonomy":"pwb-brand","embeddable":true,"href":"https:\/\/www.seaflowerstore.com\/de\/wp-json\/wp\/v2\/pwb-brand?post=86790"},{"taxonomy":"product_cat","embeddable":true,"href":"https:\/\/www.seaflowerstore.com\/de\/wp-json\/wp\/v2\/product_cat?post=86790"},{"taxonomy":"product_tag","embeddable":true,"href":"https:\/\/www.seaflowerstore.com\/de\/wp-json\/wp\/v2\/product_tag?post=86790"}],"curies":[{"name":"wp","href":"https:\/\/api.w.org\/{rel}","templated":true}]}}