{"id":86793,"date":"2018-08-04T09:01:27","date_gmt":"2018-08-04T07:01:27","guid":{"rendered":"https:\/\/www.seaflowerstore.com\/nl\/power-flotor-m-3\/"},"modified":"2024-03-20T16:52:27","modified_gmt":"2024-03-20T15:52:27","slug":"power-flotor-m-3","status":"publish","type":"product","link":"https:\/\/www.seaflowerstore.com\/de\/power-flotor-m-3\/","title":{"rendered":"Power Flotor M.3"},"content":{"rendered":"<h2>Power Flotor M.3<\/h2>\n<h2>Aquamedic Power Flotor M.3 Eiwei\u00dfabsch\u00e4umer<\/h2>\n<h3>Kompakter und regelbarer Absch\u00e4umer f\u00fcr den Einsatz in einem Filtersumpf mit App-Steuerung (\u00fcber WiFi 2,4GHz)<\/h3>\n<p>Den <strong>Power Flotor<\/strong>-Absch\u00e4umer gibt es in drei verschiedenen Gr\u00f6\u00dfen: S.3 f\u00fcr Aquarien bis 300 Liter, M.3 f\u00fcr Aquarien bis 400 Liter und L.3 f\u00fcr Aquarien bis 500 Liter.<\/p>\n<p><strong>Spezifikationen:<\/strong><\/p>\n<ul>\n<li>Regelbare 24 V Pumpe DC Runner, inklusive Controller mit Taste zum Ausschalten des Absch\u00e4umers, z.B. zum F\u00fcttern.<\/li>\n<li>WiFi 2,4GHz steuerbar \u00fcber eine App<\/li>\n<li>0 &#8211; 10 V Anschluss zur Steuerung der Absch\u00e4umerpumpe \u00fcber einen Computer (Apex, Profilux, etc.)<\/li>\n<li>Nahezu ger\u00e4uschloser Betrieb mit einstellbarem Wasserauslass an der Geh\u00e4useunterseite<\/li>\n<li>D\u00e4mpfer frei positionierbar<\/li>\n<li>Schaumh\u00f6he sowohl elektronisch als auch manuell einstellbar<\/li>\n<li>Kompaktes Design, daher f\u00fcr kleine R\u00e4ume geeignet<\/li>\n<li>Komplett zerlegbar f\u00fcr einfache Reinigung<\/li>\n<\/ul>\n<table border=\"1\">\n<tbody>\n<tr>\n<td><strong>Version<\/strong><\/td>\n<td><strong>S.3<\/strong><\/td>\n<td><span style=\"background-color: #ffff00\"><strong>M.3<\/strong><\/span><\/td>\n<td><strong>L.3<\/strong><\/td>\n<\/tr>\n<tr>\n<td>F\u00fcr Aquarien<\/td>\n<td>bis 300 l<\/td>\n<td>bis 400 l<\/td>\n<td>bis 500 l<\/td>\n<\/tr>\n<tr>\n<td>Gesamtverbrauch<\/td>\n<td>max. 13 Watt<\/td>\n<td>max. 13 Watt<\/td>\n<td>max. 13 Watt<\/td>\n<\/tr>\n<tr>\n<td>Pumpe<\/td>\n<td>DC Runner<\/td>\n<td>DC Runner<\/td>\n<td>DC Runner<\/td>\n<\/tr>\n<tr>\n<td>Luftstrom<\/td>\n<td>max. 350 l\/h<\/td>\n<td>max. 400 l\/h<\/td>\n<td>max. 450 l\/h<\/td>\n<\/tr>\n<tr>\n<td>Gesamth\u00f6he<\/td>\n<td>ca. 42 cm<\/td>\n<td>ca. 45 cm<\/td>\n<td>ca. 48 cm<\/td>\n<\/tr>\n<tr>\n<td>Ben\u00f6tigter Platz<\/td>\n<td>ca. 15 x 15 cm<\/td>\n<td>ca. 15 x 15 cm<\/td>\n<td>ca. 15 x 15 cm<\/td>\n<\/tr>\n<tr>\n<td>Optimaler Wasserstand im Filterbecken<\/td>\n<td>ca. 14 &#8211; 18 cm<\/td>\n<td>ca. 14 &#8211; 18 cm<\/td>\n<td>ca. 16 &#8211; 20 cm<\/td>\n<\/tr>\n<\/tbody>\n<\/table>\n","protected":false},"excerpt":{"rendered":"<p>Aquamedic Power Flotor M.3 protein skimmer suitable for up to 400 liters tanks<\/p>\n","protected":false},"featured_media":83800,"template":"","meta":[],"pwb-brand":[2149],"product_cat":[1421,1494],"product_tag":[],"class_list":{"0":"post-86793","1":"product","2":"type-product","3":"status-publish","4":"has-post-thumbnail","6":"pwb-brand-aqua-medic","7":"product_cat-aqua-medic-de","8":"product_cat-eiwitafschuerzen","9":"pa_show-myparcel-options-male-de","11":"first","12":"instock","13":"taxable","14":"shipping-taxable","15":"purchasable","16":"product-type-simple"},"acf":[],"brands":[{"id":2149,"name":"Aqua Medic","slug":"aqua-medic"}],"_links":{"self":[{"href":"https:\/\/www.seaflowerstore.com\/de\/wp-json\/wp\/v2\/product\/86793","targetHints":{"allow":["GET"]}}],"collection":[{"href":"https:\/\/www.seaflowerstore.com\/de\/wp-json\/wp\/v2\/product"}],"about":[{"href":"https:\/\/www.seaflowerstore.com\/de\/wp-json\/wp\/v2\/types\/product"}],"wp:featuredmedia":[{"embeddable":true,"href":"https:\/\/www.seaflowerstore.com\/de\/wp-json\/wp\/v2\/media\/83800"}],"wp:attachment":[{"href":"https:\/\/www.seaflowerstore.com\/de\/wp-json\/wp\/v2\/media?parent=86793"}],"wp:term":[{"taxonomy":"pwb-brand","embeddable":true,"href":"https:\/\/www.seaflowerstore.com\/de\/wp-json\/wp\/v2\/pwb-brand?post=86793"},{"taxonomy":"product_cat","embeddable":true,"href":"https:\/\/www.seaflowerstore.com\/de\/wp-json\/wp\/v2\/product_cat?post=86793"},{"taxonomy":"product_tag","embeddable":true,"href":"https:\/\/www.seaflowerstore.com\/de\/wp-json\/wp\/v2\/product_tag?post=86793"}],"curies":[{"name":"wp","href":"https:\/\/api.w.org\/{rel}","templated":true}]}}