{"id":86795,"date":"2018-07-31T14:24:00","date_gmt":"2018-07-31T12:24:00","guid":{"rendered":"https:\/\/www.seaflowerstore.com\/nl\/chemi-pure-green\/"},"modified":"2024-03-20T16:52:54","modified_gmt":"2024-03-20T15:52:54","slug":"chemi-pure-green","status":"publish","type":"product","link":"https:\/\/www.seaflowerstore.com\/de\/chemi-pure-green\/","title":{"rendered":"Chemi Pure Green"},"content":{"rendered":"<h2><strong>Chemi Pure Green<\/strong><\/h2>\n<p><strong>Chemi-pure Green<\/strong> ist das ultimative All-in-One-Filtermedium <strong>f\u00fcr S\u00fc\u00dfwasseraquarien<\/strong>. Es ist praktisch <strong>verpackt in einer leicht zu handhabenden Nylontasche<\/strong> und daher ein Kinderspiel. <strong>Chemi-pure Green<\/strong> wurde speziell entwickelt, um eine hervorragende Filterung zu gew\u00e4hrleisten und gleichzeitig sicherzustellen, dass wichtige N\u00e4hrstoffe erhalten bleiben.<\/p>\n<p>Dieses Produkt kombiniert <strong>die h\u00f6chste Qualit\u00e4t von staubarmer, pelletierter Aktivkohle mit erstklassigen Ionenaustauscherharzen<\/strong>. Das Ergebnis ist eine ausgewogene Formel, die f\u00fcr die Gesundheit und das Wohlbefinden Ihrer Pflanzen optimiert ist und gleichzeitig kristallklares Wasser liefert.<\/p>\n","protected":false},"excerpt":{"rendered":"<p>Chemi-pure Green is the ultimate all-in-one filtration media for freshwater aquariums<\/p>\n","protected":false},"featured_media":80749,"template":"","meta":[],"pwb-brand":[2211],"product_cat":[1492,1486],"product_tag":[],"class_list":{"0":"post-86795","1":"product","2":"type-product","3":"status-publish","4":"has-post-thumbnail","6":"pwb-brand-boyd-enterprises","7":"product_cat-suesswasser","8":"product_cat-zusatzstoffe","9":"pa_inhoud-156-gr-de","10":"pa_inhoud-312-gr-de","11":"pa_show-myparcel-options-male-de","13":"first","14":"instock","15":"taxable","16":"shipping-taxable","17":"purchasable","18":"product-type-variable"},"acf":[],"brands":[{"id":2211,"name":"Boyd Enterprises","slug":"boyd-enterprises"}],"_links":{"self":[{"href":"https:\/\/www.seaflowerstore.com\/de\/wp-json\/wp\/v2\/product\/86795","targetHints":{"allow":["GET"]}}],"collection":[{"href":"https:\/\/www.seaflowerstore.com\/de\/wp-json\/wp\/v2\/product"}],"about":[{"href":"https:\/\/www.seaflowerstore.com\/de\/wp-json\/wp\/v2\/types\/product"}],"wp:featuredmedia":[{"embeddable":true,"href":"https:\/\/www.seaflowerstore.com\/de\/wp-json\/wp\/v2\/media\/80749"}],"wp:attachment":[{"href":"https:\/\/www.seaflowerstore.com\/de\/wp-json\/wp\/v2\/media?parent=86795"}],"wp:term":[{"taxonomy":"pwb-brand","embeddable":true,"href":"https:\/\/www.seaflowerstore.com\/de\/wp-json\/wp\/v2\/pwb-brand?post=86795"},{"taxonomy":"product_cat","embeddable":true,"href":"https:\/\/www.seaflowerstore.com\/de\/wp-json\/wp\/v2\/product_cat?post=86795"},{"taxonomy":"product_tag","embeddable":true,"href":"https:\/\/www.seaflowerstore.com\/de\/wp-json\/wp\/v2\/product_tag?post=86795"}],"curies":[{"name":"wp","href":"https:\/\/api.w.org\/{rel}","templated":true}]}}