{"id":86806,"date":"2018-07-27T15:57:33","date_gmt":"2018-07-27T13:57:33","guid":{"rendered":"https:\/\/www.seaflowerstore.com\/nl\/powerfilter-tot-200-liter-magneet-upgrade\/"},"modified":"2024-03-20T16:52:13","modified_gmt":"2024-03-20T15:52:13","slug":"powerfilter-tot-200-liter-magneet-upgrade","status":"publish","type":"product","link":"https:\/\/www.seaflowerstore.com\/de\/powerfilter-tot-200-liter-magneet-upgrade\/","title":{"rendered":"Powerfilter tot 200 liter Magneet upgrade"},"content":{"rendered":"<h2>Powerfilter tot 200 liter Magneet upgrade<\/h2>\n<p>Mit diesem Upgrade-Set k\u00f6nnen Sie die Saugn\u00e4pfe Ihres Powerfilters ganz einfach durch einen Magneten ersetzen. Dieser Magnet ist f\u00fcr Glas mit einer Dicke von bis zu 15 mm ausgelegt.<\/p>\n<p>Das Set enth\u00e4lt einen versiegelten Magneten mit Silikonaufh\u00e4ngung und 8 Tyraps.<\/p>\n<p><strong>Super einfache Installation:<\/strong><\/p>\n<ul>\n<li>Entfernen Sie die Saugn\u00e4pfe von Ihrer vorhandenen Powerfilterpumpe.<\/li>\n<li>Platzieren Sie die Pumpe auf der Plattform des Magneten.<\/li>\n<li>Verwenden Sie f\u00fcr jedes Loch einen Tyrap und schneiden Sie den \u00dcberschuss ab.<\/li>\n<\/ul>\n<p>Dieses Upgrade-Set enth\u00e4lt hochwertige versiegelte Magnete von Tunze und die Tyraps enthalten kein Metall.<\/p>\n","protected":false},"excerpt":{"rendered":"<p>Aquarium Powerfilter small Magnet upgrade set<\/p>\n","protected":false},"featured_media":80728,"template":"","meta":[],"pwb-brand":[2161],"product_cat":[1515],"product_tag":[],"class_list":{"0":"post-86806","1":"product","2":"type-product","3":"status-publish","4":"has-post-thumbnail","6":"pwb-brand-seaflower","7":"product_cat-aquarium-powerfilter-de","8":"pa_show-myparcel-options-male-de","10":"first","11":"instock","12":"taxable","13":"shipping-taxable","14":"purchasable","15":"product-type-simple"},"acf":[],"brands":[{"id":2161,"name":"Seaflower","slug":"seaflower"}],"_links":{"self":[{"href":"https:\/\/www.seaflowerstore.com\/de\/wp-json\/wp\/v2\/product\/86806","targetHints":{"allow":["GET"]}}],"collection":[{"href":"https:\/\/www.seaflowerstore.com\/de\/wp-json\/wp\/v2\/product"}],"about":[{"href":"https:\/\/www.seaflowerstore.com\/de\/wp-json\/wp\/v2\/types\/product"}],"wp:featuredmedia":[{"embeddable":true,"href":"https:\/\/www.seaflowerstore.com\/de\/wp-json\/wp\/v2\/media\/80728"}],"wp:attachment":[{"href":"https:\/\/www.seaflowerstore.com\/de\/wp-json\/wp\/v2\/media?parent=86806"}],"wp:term":[{"taxonomy":"pwb-brand","embeddable":true,"href":"https:\/\/www.seaflowerstore.com\/de\/wp-json\/wp\/v2\/pwb-brand?post=86806"},{"taxonomy":"product_cat","embeddable":true,"href":"https:\/\/www.seaflowerstore.com\/de\/wp-json\/wp\/v2\/product_cat?post=86806"},{"taxonomy":"product_tag","embeddable":true,"href":"https:\/\/www.seaflowerstore.com\/de\/wp-json\/wp\/v2\/product_tag?post=86806"}],"curies":[{"name":"wp","href":"https:\/\/api.w.org\/{rel}","templated":true}]}}