{"id":86807,"date":"2018-07-27T15:29:22","date_gmt":"2018-07-27T13:29:22","guid":{"rendered":"https:\/\/www.seaflowerstore.com\/nl\/powerfilter-2-0-small-to-200-liter\/"},"modified":"2024-03-20T16:52:11","modified_gmt":"2024-03-20T15:52:11","slug":"powerfilter-2-0-small-to-200-liter","status":"publish","type":"product","link":"https:\/\/www.seaflowerstore.com\/de\/powerfilter-2-0-small-to-200-liter\/","title":{"rendered":"Powerfilter 2.0 Small to 200 liter"},"content":{"rendered":"<h2>Powerfilter 2.0 Small to 200 liter<\/h2>\n<p>Powerfilter 2.0 ist eine Weiterentwicklung des bekannten Powerfilters. Einer der gr\u00f6\u00dften Vorteile des Modells 2.0 ist seine Magnetaufh\u00e4ngung, die eine deutliche Verbesserung gegen\u00fcber herk\u00f6mmlichen Saugnapfbefestigungen darstellt. Der Magnet ist f\u00fcr Glasst\u00e4rken von bis zu 15 mm geeignet. <strong><span lang=\"en\">Bitte beachten Sie, dass diese Funktion nur von Vorteil ist, wenn Sie den Powerfilter aufh\u00e4ngen und nicht am Boden des Filterbeckens platzieren.<\/span><\/strong><\/p>\n<p>Dieses Set enth\u00e4lt eine leistungsstarke Pumpe mit einer Kapazit\u00e4t von 950 Litern pro Stunde, zusammen mit einem 20 mm PVC-Rohr und Korb sowie einer <strong>Magnet<\/strong>befestigung.<\/p>\n<p>Die Magnethalterung ist mit Silikond\u00e4mpfern ausgestattet, die dazu beitragen, die ohnehin geringe Ger\u00e4uschentwicklung der Pumpe zu minimieren. Sie k\u00f6nnen Ihren Powerfilter ganz einfach verbessern, indem Sie Filterwolle um das Rohr wickeln. Beachten Sie jedoch, dass die Pumpe nicht mehr einstellbar ist, wenn das Filterrohr einmal in Gebrauch ist.<\/p>\n<p>Bei regelm\u00e4\u00dfiger und korrekter Verwendung bietet ein Kraftfilter den Vorteil, dass die Gefahr der Schmutzablagerung minimal ist, was dazu beitr\u00e4gt, viele potenzielle Probleme zu vermeiden.<\/p>\n<p>Weitere Informationen zu einem Kraftfilter finden Sie unter diesem <a href=\"http:\/\/dsrreefing.nl\/forum\/index.php?topic=23.0\" target=\"_blank\" rel=\"noopener noreferrer nofollow\">Link zum DSR-Forum<\/a>.<\/p>\n<p><strong>Abmessungen:<\/strong> 25 x 5 x 9,5 cm (L x B x H)<\/p>\n","protected":false},"excerpt":{"rendered":"<p>Powerfilter 2.0 has a magnet attachment<\/p>\n","protected":false},"featured_media":80725,"template":"","meta":[],"pwb-brand":[2161],"product_cat":[1515],"product_tag":[],"class_list":{"0":"post-86807","1":"product","2":"type-product","3":"status-publish","4":"has-post-thumbnail","6":"pwb-brand-seaflower","7":"product_cat-aquarium-powerfilter-de","8":"pa_show-myparcel-options-male-de","10":"first","11":"instock","12":"taxable","13":"shipping-taxable","14":"purchasable","15":"product-type-simple"},"acf":[],"brands":[{"id":2161,"name":"Seaflower","slug":"seaflower"}],"_links":{"self":[{"href":"https:\/\/www.seaflowerstore.com\/de\/wp-json\/wp\/v2\/product\/86807","targetHints":{"allow":["GET"]}}],"collection":[{"href":"https:\/\/www.seaflowerstore.com\/de\/wp-json\/wp\/v2\/product"}],"about":[{"href":"https:\/\/www.seaflowerstore.com\/de\/wp-json\/wp\/v2\/types\/product"}],"wp:featuredmedia":[{"embeddable":true,"href":"https:\/\/www.seaflowerstore.com\/de\/wp-json\/wp\/v2\/media\/80725"}],"wp:attachment":[{"href":"https:\/\/www.seaflowerstore.com\/de\/wp-json\/wp\/v2\/media?parent=86807"}],"wp:term":[{"taxonomy":"pwb-brand","embeddable":true,"href":"https:\/\/www.seaflowerstore.com\/de\/wp-json\/wp\/v2\/pwb-brand?post=86807"},{"taxonomy":"product_cat","embeddable":true,"href":"https:\/\/www.seaflowerstore.com\/de\/wp-json\/wp\/v2\/product_cat?post=86807"},{"taxonomy":"product_tag","embeddable":true,"href":"https:\/\/www.seaflowerstore.com\/de\/wp-json\/wp\/v2\/product_tag?post=86807"}],"curies":[{"name":"wp","href":"https:\/\/api.w.org\/{rel}","templated":true}]}}