{"id":86809,"date":"2018-07-22T17:51:19","date_gmt":"2018-07-22T15:51:19","guid":{"rendered":"https:\/\/www.seaflowerstore.com\/nl\/aquaforest-af-minus-ph\/"},"modified":"2024-03-20T16:52:08","modified_gmt":"2024-03-20T15:52:08","slug":"aquaforest-af-minus-ph","status":"publish","type":"product","link":"https:\/\/www.seaflowerstore.com\/de\/aquaforest-af-minus-ph\/","title":{"rendered":"Aquaforest AF Minus pH"},"content":{"rendered":"<h2>Aquaforest AF Minus pH for lowering pH level of a fresh water aquarium<\/h2>\n<p><strong>PRODUKTINFO:<\/strong><\/p>\n<p>Wir stellen Ihnen das 200 ml professionelle Medium vor, das speziell zur Senkung des pH-Werts in Ihrem S\u00fc\u00dfwasseraquarium entwickelt wurde. Der pH-Wert Ihres Aquarienwassers spielt eine entscheidende Rolle bei der Aufrechterhaltung des biologischen Gleichgewichts, daher ist es wichtig, ihn so naturnah wie m\u00f6glich zu halten. Fischarten aus dem Amazonas gedeihen in leicht sauren Umgebungen, in denen der pH-Wert normalerweise zwischen 5,5 und 6,5 liegt. Dies bedeutet, dass bei bestimmten Fischen der pH-Wert des Leitungswassers m\u00f6glicherweise gesenkt werden muss.<\/p>\n<p>Mit AF Minus pH k\u00f6nnen Sie dies schnell und einfach erreichen. Die Aufrechterhaltung des optimalen pH-Werts ist f\u00fcr eine gesunde Fortpflanzung unerl\u00e4sslich und beeinflusst das allgemeine Wohlbefinden Ihrer Fische positiv. Indem Sie mit AF Minus pH die perfekten Bedingungen schaffen, k\u00f6nnen Sie dazu beitragen, sch\u00e4dliche alkalische Krankheiten zu verhindern. Au\u00dferdem enth\u00e4lt es keine Phosphate.<\/p>\n<hr \/>\n<p><strong>ANWENDUNG:<\/strong><\/p>\n<p>Um das Risiko einer \u00dcberdosierung zu vermeiden, bereiten Sie AF Minus pH am besten au\u00dferhalb des Aquariums zu. Mischen Sie es in Wasser, das gewechselt werden soll. \u00dcberpr\u00fcfen Sie vor der Anwendung des Produkts unbedingt den aktuellen pH-Wert und geben Sie das Produkt nur dann zur L\u00f6sung hinzu, wenn Sie den gew\u00fcnschten pH-Wert erreicht haben.<\/p>\n<ul>\n<li><strong>1 ml AF Minus pH pro 1 Liter Wasser senkt den pH-Wert um 0,2.<\/strong><\/li>\n<\/ul>\n<p>Da pl\u00f6tzliche pH-\u00c4nderungen sch\u00e4dlich sein k\u00f6nnen, senken Sie den pH-Wert des Aquariums bitte nicht um mehr als 0,5 pro Tag.<\/p>\n","protected":false},"excerpt":{"rendered":"<p>AF Minus pH Professional conditioner designed to reduce the pH level of your fresh water aquarium<\/p>\n","protected":false},"featured_media":80722,"template":"","meta":[],"pwb-brand":[2199],"product_cat":[1414,1486],"product_tag":[],"class_list":{"0":"post-86809","1":"product","2":"type-product","3":"status-publish","4":"has-post-thumbnail","6":"pwb-brand-aquaforest","7":"product_cat-aquaforest-de","8":"product_cat-zusatzstoffe","9":"pa_show-myparcel-options-male-de","11":"first","12":"outofstock","13":"taxable","14":"shipping-taxable","15":"purchasable","16":"product-type-simple"},"acf":[],"brands":[{"id":2199,"name":"Aquaforest","slug":"aquaforest"}],"_links":{"self":[{"href":"https:\/\/www.seaflowerstore.com\/de\/wp-json\/wp\/v2\/product\/86809","targetHints":{"allow":["GET"]}}],"collection":[{"href":"https:\/\/www.seaflowerstore.com\/de\/wp-json\/wp\/v2\/product"}],"about":[{"href":"https:\/\/www.seaflowerstore.com\/de\/wp-json\/wp\/v2\/types\/product"}],"wp:featuredmedia":[{"embeddable":true,"href":"https:\/\/www.seaflowerstore.com\/de\/wp-json\/wp\/v2\/media\/80722"}],"wp:attachment":[{"href":"https:\/\/www.seaflowerstore.com\/de\/wp-json\/wp\/v2\/media?parent=86809"}],"wp:term":[{"taxonomy":"pwb-brand","embeddable":true,"href":"https:\/\/www.seaflowerstore.com\/de\/wp-json\/wp\/v2\/pwb-brand?post=86809"},{"taxonomy":"product_cat","embeddable":true,"href":"https:\/\/www.seaflowerstore.com\/de\/wp-json\/wp\/v2\/product_cat?post=86809"},{"taxonomy":"product_tag","embeddable":true,"href":"https:\/\/www.seaflowerstore.com\/de\/wp-json\/wp\/v2\/product_tag?post=86809"}],"curies":[{"name":"wp","href":"https:\/\/api.w.org\/{rel}","templated":true}]}}