{"id":86811,"date":"2018-07-22T16:09:09","date_gmt":"2018-07-22T14:09:09","guid":{"rendered":"https:\/\/www.seaflowerstore.com\/nl\/seneye-magnetic-holder-pro\/"},"modified":"2024-03-20T16:52:03","modified_gmt":"2024-03-20T15:52:03","slug":"seneye-magnetic-holder-pro","status":"publish","type":"product","link":"https:\/\/www.seaflowerstore.com\/de\/seneye-magnetic-holder-pro\/","title":{"rendered":"Seneye Magnetic Holder PRO"},"content":{"rendered":"<h2>Seneye Magnetic Holder PRO<\/h2>\n<p>Die magnetischen Seneye-Halterungen verwenden ultrastarke Neo-Magnete, um Ihr Seneye-Ger\u00e4t sicher an Ort und Stelle zu halten und so eine \u00dcberwachung des Wasserstands rund um die Uhr zu erm\u00f6glichen. Haben Sie schon einmal eine Situation erlebt, in der ein automatisches Nachf\u00fcllsystem nicht mehr funktioniert oder ein Rohr leckt? Wenn ja, wissen Sie, welche Sch\u00e4den entstehen k\u00f6nnen. Sobald Sie Ihr Seneye sicher in seiner magnetischen Halterung befestigt haben, erhalten Sie Warnmeldungen, wenn der Wasserstand sinkt, sodass Sie schnell reagieren und das Problem beheben k\u00f6nnen.<\/p>\n<p>Diese Halterung h\u00e4lt Ihr Seneye-Ger\u00e4t fest in Position und stellt sicher, dass der Wasserstandsalarm funktioniert, ohne dass das Risiko besteht, dass sich das Ger\u00e4t verschiebt.<\/p>\n<p><strong>Zur Verwendung mit Glas und Acryl bis zu 16 mm.<\/strong><\/p>\n","protected":false},"excerpt":{"rendered":"<p>Seneye Magnetic Holder PRO Holds your Seneye device in position without any risk of the seneye device moving<\/p>\n","protected":false},"featured_media":80717,"template":"","meta":[],"pwb-brand":[2259],"product_cat":[1408,1490],"product_tag":[],"class_list":{"0":"post-86811","1":"product","2":"type-product","3":"status-publish","4":"has-post-thumbnail","6":"pwb-brand-seneye","7":"product_cat-computer-de","8":"product_cat-technologie","9":"pa_show-myparcel-options-male-de","11":"first","12":"instock","13":"taxable","14":"shipping-taxable","15":"purchasable","16":"product-type-simple"},"acf":[],"brands":[{"id":2259,"name":"Seneye","slug":"seneye"}],"_links":{"self":[{"href":"https:\/\/www.seaflowerstore.com\/de\/wp-json\/wp\/v2\/product\/86811","targetHints":{"allow":["GET"]}}],"collection":[{"href":"https:\/\/www.seaflowerstore.com\/de\/wp-json\/wp\/v2\/product"}],"about":[{"href":"https:\/\/www.seaflowerstore.com\/de\/wp-json\/wp\/v2\/types\/product"}],"wp:featuredmedia":[{"embeddable":true,"href":"https:\/\/www.seaflowerstore.com\/de\/wp-json\/wp\/v2\/media\/80717"}],"wp:attachment":[{"href":"https:\/\/www.seaflowerstore.com\/de\/wp-json\/wp\/v2\/media?parent=86811"}],"wp:term":[{"taxonomy":"pwb-brand","embeddable":true,"href":"https:\/\/www.seaflowerstore.com\/de\/wp-json\/wp\/v2\/pwb-brand?post=86811"},{"taxonomy":"product_cat","embeddable":true,"href":"https:\/\/www.seaflowerstore.com\/de\/wp-json\/wp\/v2\/product_cat?post=86811"},{"taxonomy":"product_tag","embeddable":true,"href":"https:\/\/www.seaflowerstore.com\/de\/wp-json\/wp\/v2\/product_tag?post=86811"}],"curies":[{"name":"wp","href":"https:\/\/api.w.org\/{rel}","templated":true}]}}