{"id":86813,"date":"2018-07-22T15:58:21","date_gmt":"2018-07-22T13:58:21","guid":{"rendered":"https:\/\/www.seaflowerstore.com\/nl\/seneye-parts-pack\/"},"modified":"2024-03-20T16:51:58","modified_gmt":"2024-03-20T15:51:58","slug":"seneye-parts-pack","status":"publish","type":"product","link":"https:\/\/www.seaflowerstore.com\/de\/seneye-parts-pack\/","title":{"rendered":"Seneye parts pack"},"content":{"rendered":"<h2>Seneye parts pack<\/h2>\n<p>Das Teilepaket enth\u00e4lt zwei wichtige Komponenten f\u00fcr Ihr Seneye-Ger\u00e4t. In der Box finden Sie:<\/p>\n<ul>\n<li>1x schwarzer Deckel f\u00fcr die R\u00fcckseite<\/li>\n<li>1x Saugnapf<\/li>\n<\/ul>\n<p>Der schwarze Deckel ist notwendig, um den Seneye Slide zu sch\u00fctzen und in gutem Zustand zu halten.<\/p>\n","protected":false},"excerpt":{"rendered":"<p>Parts Pack contains 2 parts for the Seneye. In the box there is 1x black lid for the back and 1x suction cup<\/p>\n","protected":false},"featured_media":80713,"template":"","meta":[],"pwb-brand":[2259],"product_cat":[1537,1490],"product_tag":[],"class_list":{"0":"post-86813","1":"product","2":"type-product","3":"status-publish","4":"has-post-thumbnail","6":"pwb-brand-seneye","7":"product_cat-aquarientechnik","8":"product_cat-technologie","9":"pa_show-myparcel-options-male-de","11":"first","12":"instock","13":"taxable","14":"shipping-taxable","15":"purchasable","16":"product-type-simple"},"acf":[],"brands":[{"id":2259,"name":"Seneye","slug":"seneye"}],"_links":{"self":[{"href":"https:\/\/www.seaflowerstore.com\/de\/wp-json\/wp\/v2\/product\/86813","targetHints":{"allow":["GET"]}}],"collection":[{"href":"https:\/\/www.seaflowerstore.com\/de\/wp-json\/wp\/v2\/product"}],"about":[{"href":"https:\/\/www.seaflowerstore.com\/de\/wp-json\/wp\/v2\/types\/product"}],"wp:featuredmedia":[{"embeddable":true,"href":"https:\/\/www.seaflowerstore.com\/de\/wp-json\/wp\/v2\/media\/80713"}],"wp:attachment":[{"href":"https:\/\/www.seaflowerstore.com\/de\/wp-json\/wp\/v2\/media?parent=86813"}],"wp:term":[{"taxonomy":"pwb-brand","embeddable":true,"href":"https:\/\/www.seaflowerstore.com\/de\/wp-json\/wp\/v2\/pwb-brand?post=86813"},{"taxonomy":"product_cat","embeddable":true,"href":"https:\/\/www.seaflowerstore.com\/de\/wp-json\/wp\/v2\/product_cat?post=86813"},{"taxonomy":"product_tag","embeddable":true,"href":"https:\/\/www.seaflowerstore.com\/de\/wp-json\/wp\/v2\/product_tag?post=86813"}],"curies":[{"name":"wp","href":"https:\/\/api.w.org\/{rel}","templated":true}]}}