{"id":86821,"date":"2018-07-20T20:09:14","date_gmt":"2018-07-20T18:09:14","guid":{"rendered":"https:\/\/www.seaflowerstore.com\/nl\/af-perfect-water-20l\/"},"modified":"2024-03-20T16:51:36","modified_gmt":"2024-03-20T15:51:36","slug":"af-perfect-water-20l","status":"publish","type":"product","link":"https:\/\/www.seaflowerstore.com\/de\/af-perfect-water-20l\/","title":{"rendered":"AF Perfect Water 20L"},"content":{"rendered":"<h2>AquaForest Perfect Water is used when the water is changed in a fully functioning tank or to be added to a new tank<\/h2>\n<p>AquaForest Perfect Water ist Ihre L\u00f6sung f\u00fcr die Erhaltung einer sauberen und gesunden Aquarienumgebung. Es sch\u00fctzt vor verschiedenen Arten von Verschmutzung und sorgt daf\u00fcr, dass Ihr Aquarium nat\u00fcrlich makellos bleibt. Mit Perfect Water k\u00f6nnen Sie das Wachstum lebendiger Korallen f\u00f6rdern, indem Sie vorhandene Mikroelemente nutzen.<\/p>\n<p><img loading=\"lazy\" decoding=\"async\" class=\"aligncenter size-full wp-image-7339\" src=\"https:\/\/www.seaflowerstore.com\/nl\/wp-content\/uploads\/content\/Perfect_Water_table_EN.png\" alt=\"\" width=\"476\" height=\"176\" \/><\/p>\n<p><strong>Gebrauchsanweisung:<\/strong><\/p>\n<ul>\n<li>Perfect Water ist direkt aus der Flasche gebrauchsfertig.<\/li>\n<li>Wir empfehlen, einmal pro Woche 10 % des Wassers zu wechseln.<\/li>\n<li>Dieses Produkt ist nur f\u00fcr die Verwendung im Aquarium bestimmt.<\/li>\n<li>Bitte au\u00dferhalb der Reichweite von Kindern aufbewahren.<\/li>\n<li>Es ist nicht f\u00fcr den menschlichen Verzehr geeignet.<\/li>\n<\/ul>\n","protected":false},"excerpt":{"rendered":"<p>AquaForest Perfect Water is ready to use water for your saltwater tank<\/p>\n","protected":false},"featured_media":83342,"template":"","meta":[],"pwb-brand":[2199],"product_cat":[1511,1414],"product_tag":[],"class_list":{"0":"post-86821","1":"product","2":"type-product","3":"status-publish","4":"has-post-thumbnail","6":"pwb-brand-aquaforest","7":"product_cat-meerwasser","8":"product_cat-aquaforest-de","9":"pa_show-myparcel-options-male-de","11":"first","12":"instock","13":"taxable","14":"shipping-taxable","15":"purchasable","16":"product-type-simple"},"acf":[],"brands":[{"id":2199,"name":"Aquaforest","slug":"aquaforest"}],"_links":{"self":[{"href":"https:\/\/www.seaflowerstore.com\/de\/wp-json\/wp\/v2\/product\/86821","targetHints":{"allow":["GET"]}}],"collection":[{"href":"https:\/\/www.seaflowerstore.com\/de\/wp-json\/wp\/v2\/product"}],"about":[{"href":"https:\/\/www.seaflowerstore.com\/de\/wp-json\/wp\/v2\/types\/product"}],"wp:featuredmedia":[{"embeddable":true,"href":"https:\/\/www.seaflowerstore.com\/de\/wp-json\/wp\/v2\/media\/83342"}],"wp:attachment":[{"href":"https:\/\/www.seaflowerstore.com\/de\/wp-json\/wp\/v2\/media?parent=86821"}],"wp:term":[{"taxonomy":"pwb-brand","embeddable":true,"href":"https:\/\/www.seaflowerstore.com\/de\/wp-json\/wp\/v2\/pwb-brand?post=86821"},{"taxonomy":"product_cat","embeddable":true,"href":"https:\/\/www.seaflowerstore.com\/de\/wp-json\/wp\/v2\/product_cat?post=86821"},{"taxonomy":"product_tag","embeddable":true,"href":"https:\/\/www.seaflowerstore.com\/de\/wp-json\/wp\/v2\/product_tag?post=86821"}],"curies":[{"name":"wp","href":"https:\/\/api.w.org\/{rel}","templated":true}]}}