{"id":86822,"date":"2018-07-20T19:45:03","date_gmt":"2018-07-20T17:45:03","guid":{"rendered":"https:\/\/www.seaflowerstore.com\/nl\/af-protect-dip-50ml\/"},"modified":"2025-02-13T19:22:11","modified_gmt":"2025-02-13T18:22:11","slug":"af-protect-dip-50ml","status":"publish","type":"product","link":"https:\/\/www.seaflowerstore.com\/de\/af-protect-dip-50ml\/","title":{"rendered":"AF Protect Dip 50ml"},"content":{"rendered":"<h2>AF Protect Dip 50ml<\/h2>\n<h2>AquaForest Protect Dip Eine Desinfektionsl\u00f6sung f\u00fcr Korallen<\/h2>\n<p>AquaForest Protect Dip ist eine wirksame Desinfektionsl\u00f6sung, die speziell f\u00fcr Korallen entwickelt wurde. Es reinigt die Oberfl\u00e4che der Koralle gr\u00fcndlich und tr\u00e4gt dazu bei, das Risiko verschiedener Krankheiten wie Gewebenekrose, Korallenbleiche, Mykose, AEFW und Brown Jelly Syndrome zu minimieren. Diese Formel ist ideal zum Einsetzen neuer Korallen in Ihr Aquarium sowie f\u00fcr Quarant\u00e4nezwecke. Der Badevorgang f\u00f6rdert ein gesundes Aussehen, Wachstum und eine gesunde Entwicklung Ihrer Korallen. Au\u00dferdem ist es sicher f\u00fcr Korallen, da es weder Jod noch oxidierende Verbindungen enth\u00e4lt.<\/p>\n<p><strong>Anwendung:<\/strong><\/p>\n<ul>\n<li>Flasche vor Gebrauch sch\u00fctteln.<\/li>\n<li>2,5 ml AF Protect Dip in 5 Litern Salzwasser oder Wasser direkt aus Ihrem Aquarium aufl\u00f6sen.<\/li>\n<li>Tauchen Sie die Koralle in die vorbereitete L\u00f6sung und reinigen Sie ihre Oberfl\u00e4che vorsichtig, indem Sie sie mit Wasser absp\u00fclen oder eine Zahnb\u00fcrste verwenden.<\/li>\n<li>Lassen Sie das Bad bis zu 5 Minuten dauern.<\/li>\n<li>Zum Absp\u00fclen setzen Sie die Koralle in einen Beh\u00e4lter mit sauberem Salzwasser.<\/li>\n<li>Nach der Reinigung setzen Sie die Koralle zur\u00fcck in das Aquarium.<\/li>\n<li>Bitte beachten Sie, dass die L\u00f6sung nach Gebrauch nicht wiederverwendet werden kann.<\/li>\n<li>Gie\u00dfen Sie keine Reste der L\u00f6sung in das Aquarium.<\/li>\n<li>Verwenden Sie nicht die Produkt, wenn sich Fische, Schnecken, Muscheln, Krabben oder Garnelen im Aquarium befinden.<\/li>\n<li>Dieses Produkt sollte nur au\u00dferhalb des Aquariums verwendet werden.<\/li>\n<li>Es ist nicht f\u00fcr den menschlichen Verzehr geeignet.<\/li>\n<\/ul>\n","protected":false},"excerpt":{"rendered":"<p>Corals dip for the removal of pests. Sensible to get rid of corals that you have new, first of all unwanted guests<\/p>\n","protected":false},"featured_media":80691,"template":"","meta":[],"pwb-brand":[2199],"product_cat":[1390,1414],"product_tag":[],"class_list":{"0":"post-86822","1":"product","2":"type-product","3":"status-publish","4":"has-post-thumbnail","6":"pwb-brand-aquaforest","7":"product_cat-medikamente","8":"product_cat-aquaforest-de","9":"pa_show-myparcel-options-male-de","11":"first","12":"instock","13":"sale","14":"taxable","15":"shipping-taxable","16":"purchasable","17":"product-type-simple"},"acf":[],"brands":[{"id":2199,"name":"Aquaforest","slug":"aquaforest"}],"_links":{"self":[{"href":"https:\/\/www.seaflowerstore.com\/de\/wp-json\/wp\/v2\/product\/86822","targetHints":{"allow":["GET"]}}],"collection":[{"href":"https:\/\/www.seaflowerstore.com\/de\/wp-json\/wp\/v2\/product"}],"about":[{"href":"https:\/\/www.seaflowerstore.com\/de\/wp-json\/wp\/v2\/types\/product"}],"wp:featuredmedia":[{"embeddable":true,"href":"https:\/\/www.seaflowerstore.com\/de\/wp-json\/wp\/v2\/media\/80691"}],"wp:attachment":[{"href":"https:\/\/www.seaflowerstore.com\/de\/wp-json\/wp\/v2\/media?parent=86822"}],"wp:term":[{"taxonomy":"pwb-brand","embeddable":true,"href":"https:\/\/www.seaflowerstore.com\/de\/wp-json\/wp\/v2\/pwb-brand?post=86822"},{"taxonomy":"product_cat","embeddable":true,"href":"https:\/\/www.seaflowerstore.com\/de\/wp-json\/wp\/v2\/product_cat?post=86822"},{"taxonomy":"product_tag","embeddable":true,"href":"https:\/\/www.seaflowerstore.com\/de\/wp-json\/wp\/v2\/product_tag?post=86822"}],"curies":[{"name":"wp","href":"https:\/\/api.w.org\/{rel}","templated":true}]}}