{"id":86835,"date":"2018-07-20T14:03:34","date_gmt":"2018-07-20T12:03:34","guid":{"rendered":"https:\/\/www.seaflowerstore.com\/nl\/reefpellets-coral-5-300-um-100gr\/"},"modified":"2026-04-14T20:59:50","modified_gmt":"2026-04-14T18:59:50","slug":"reefpellets-coral-5-300-um-100gr","status":"publish","type":"product","link":"https:\/\/www.seaflowerstore.com\/de\/reefpellets-coral-5-300-um-100gr\/","title":{"rendered":"Reefpellets Coral 5-300 um &#8211; 100gr"},"content":{"rendered":"<h2>Reefpellets Coral 5-300 um &#8211; 100gr<\/h2>\n<p><strong>REEFPELLETS k\u00f6nnen zur F\u00fctterung von Filtrierern verwendet werden<\/strong><\/p>\n<p><strong>ReefPellets<\/strong> sind reich an Proteinen und Omega-3-Fetts\u00e4uren und haben einen neutralen Auftrieb. Sie eignen sich auch f\u00fcr die Verwendung in automatischen Fischf\u00fctterern. Hier sind einige Highlights:<\/p>\n<ul>\n<li><strong>ReefPellets<\/strong> sind reich an Proteinen und Omega-3-Fetts\u00e4uren.<\/li>\n<li><strong>ReefPellets<\/strong> haben einen neutralen Auftrieb.<\/li>\n<li><strong>ReefPellets<\/strong> k\u00f6nnen in automatischen Fischf\u00fctterern verwendet werden.<\/li>\n<\/ul>\n<p><strong>ReefPellets<\/strong> sind speziell entwickelte Futterpellets f\u00fcr Korallen, Fische und Garnelen. Sie enthalten HUFAs, hydrolysierte Meeresproteine, Phospholipide und Algen. Im Gegensatz zu anorganischen Phosphaten sind die Phospholipide in diesen Pellets gebunden, was eine l\u00e4ngere Verweilzeit erm\u00f6glicht. Dies stellt sicher, dass die Phosphate effektiv von Ihren Fischen oder Wirbellosen aufgenommen werden.<\/p>\n<p><strong>ReefPellets<\/strong> gibt es in zwei Gr\u00f6\u00dfen: <strong>ReefPellets Coral<\/strong> (5-300 \u00b5g) und <strong>ReefPellets Fish<\/strong> (400-1000 \u00b5g). Die <strong>ReefPellets Coral<\/strong> sind ideal f\u00fcr die F\u00fctterung von Filtrierern, w\u00e4hrend die <strong>ReefPellets Fish<\/strong> perfekt f\u00fcr S\u00fc\u00dfwasser- und Meerwasserfische geeignet sind. Alle <strong>ReefPellets<\/strong> werden in der Europ\u00e4ischen Union hergestellt.<\/p>\n<p>Hier sind die N\u00e4hrwerte:<\/p>\n<ul>\n<li>Protein: 62 %<\/li>\n<li>Lipide: 14 %<\/li>\n<li>Fasern: 0,2 %<\/li>\n<li>Asche: 8 %<\/li>\n<li>HUFA: 3 %<\/li>\n<\/ul>\n<p><strong>Was ist das Besondere an den Reef Pellets?<\/strong> <strong>ReefPellets<\/strong> zeichnen sich dadurch aus, dass sie nahrhafter sind als die meisten heute auf dem Markt erh\u00e4ltlichen Futtermittel. Wir haben wesentliche Inhaltsstoffe hinzugef\u00fcgt, die unser Produkt f\u00fcr den t\u00e4glichen Gebrauch in Ihrem Aquarium geeignet machen. Ihre Fische und Korallen erhalten alle notwendigen Aminos\u00e4uren und Fette, die sie ben\u00f6tigen.<\/p>\n<p>Dieses Produkt kann mit unseren NannoFlakes und\/oder NannoPellets kombiniert werden, um gesunde und starke Tiere zu f\u00f6rdern, was zu leuchtenden Farben f\u00fchrt!<\/p>\n","protected":false},"excerpt":{"rendered":"<p>Reef Interests ReefPellets are feeding pellets with neutral buoyancy for corals, fish and shrimp.<\/p>\n","protected":false},"featured_media":80654,"template":"","meta":[],"pwb-brand":[2265],"product_cat":[1424,1436],"product_tag":[],"class_list":{"0":"post-86835","1":"product","2":"type-product","3":"status-publish","4":"has-post-thumbnail","6":"pwb-brand-reef-interests","7":"product_cat-futter","8":"product_cat-korallenfutter","9":"pa_show-myparcel-options-male-de","11":"first","12":"instock","13":"sale","14":"taxable","15":"shipping-taxable","16":"purchasable","17":"product-type-simple"},"acf":[],"brands":[{"id":2265,"name":"Reef Interests","slug":"reef-interests"}],"_links":{"self":[{"href":"https:\/\/www.seaflowerstore.com\/de\/wp-json\/wp\/v2\/product\/86835","targetHints":{"allow":["GET"]}}],"collection":[{"href":"https:\/\/www.seaflowerstore.com\/de\/wp-json\/wp\/v2\/product"}],"about":[{"href":"https:\/\/www.seaflowerstore.com\/de\/wp-json\/wp\/v2\/types\/product"}],"wp:featuredmedia":[{"embeddable":true,"href":"https:\/\/www.seaflowerstore.com\/de\/wp-json\/wp\/v2\/media\/80654"}],"wp:attachment":[{"href":"https:\/\/www.seaflowerstore.com\/de\/wp-json\/wp\/v2\/media?parent=86835"}],"wp:term":[{"taxonomy":"pwb-brand","embeddable":true,"href":"https:\/\/www.seaflowerstore.com\/de\/wp-json\/wp\/v2\/pwb-brand?post=86835"},{"taxonomy":"product_cat","embeddable":true,"href":"https:\/\/www.seaflowerstore.com\/de\/wp-json\/wp\/v2\/product_cat?post=86835"},{"taxonomy":"product_tag","embeddable":true,"href":"https:\/\/www.seaflowerstore.com\/de\/wp-json\/wp\/v2\/product_tag?post=86835"}],"curies":[{"name":"wp","href":"https:\/\/api.w.org\/{rel}","templated":true}]}}