{"id":86837,"date":"2018-07-20T13:27:49","date_gmt":"2018-07-20T11:27:49","guid":{"rendered":"https:\/\/www.seaflowerstore.com\/nl\/px-pro-phosphate-remover\/"},"modified":"2024-03-20T16:52:23","modified_gmt":"2024-03-20T15:52:23","slug":"px-pro-phosphate-remover","status":"publish","type":"product","link":"https:\/\/www.seaflowerstore.com\/de\/px-pro-phosphate-remover\/","title":{"rendered":"PX Pro Phosphate Remover"},"content":{"rendered":"<h2>Reef Interests PX Pro 500ml \/ 500gr<\/h2>\n<p>Phosphate sind wichtige Bestandteile von Biomolek\u00fclen wie DNA, RNA und Proteinen, die das Wachstum von Wasserlebewesen wie Fischen, Garnelen und Korallen f\u00f6rdern k\u00f6nnen. Eine \u00dcberf\u00fctterung Ihrer Tiere kann jedoch zu erh\u00f6hten Phosphatwerten f\u00fchren, die f\u00fcr Korallen und Fische eher sch\u00e4dlich als n\u00fctzlich sind. Je nach Art des verwendeten Futters (einige enthalten hohe Mengen an anorganischen Phosphaten) oder der Methode der Nitratentfernung kann sich ein \u00dcberschuss an Phosphaten ansammeln, sodass zus\u00e4tzliche Medien erforderlich sind, um diesen \u00dcberschuss aus Ihrem Aquarienwasser zu entfernen.<\/p>\n<p>Viele h\u00e4ufig verwendete Phosphat-Entferner basieren auf k\u00f6rnigem Eisenoxid\/-hydroxid, oft als GFO bezeichnet. Nicht alle GFO-Sorten sind in Meerwassersystemen gleich wirksam. <strong>PX Pro ist ein hochwertiges GFO<\/strong>, das in Meeresumgebungen au\u00dfergew\u00f6hnlich gut funktioniert. Dar\u00fcber hinaus kann PX Pro bequem mit PXR regeneriert werden.<\/p>\n<p><strong>PX Pro<\/strong> eignet sich f\u00fcr den Einsatz in einem <span style=\"text-decoration: underline\">Wirbelschichtfilter<\/span> mit m\u00e4\u00dfigem Wasserdurchfluss oder kann einfach in einen Filterbeutel gegeben werden, der einen Wasserdurchfluss erm\u00f6glicht. Ein Liter PX Pro kann Tanks mit 500 bis 1000 Litern effektiv behandeln und 3 bis 6 ppm PO4 entfernen.<\/p>\n<div class=\"q_icon_with_title medium circle center\">\n<div class=\"icon_holder\"><\/div>\n<div class=\"icon_text_holder\">\n<div class=\"icon_text_inner\">\n<h4 class=\"icon_title\">EINFACHE REGENERATION<\/h4>\n<p><strong>PX-R<\/strong>\n<\/div>\n<\/div>\n<\/div>\n<p>Wir haben eine einfache und schnelle Methode zur Regeneration von GFO entwickelt, die <strong><span style=\"text-decoration: underline\">NICHT<\/span><\/strong> auf <strong><span style=\"text-decoration: underline\">NaOH<\/span><\/strong> basiert. Jede 1-Liter-GFO-Box enth\u00e4lt einen zus\u00e4tzlichen Beutel mit 40 Gramm Regenerationspulver.<\/p>\n<p><strong>Anwendung:<\/strong><\/p>\n<ul>\n<li>Sp\u00fclen Sie Ihr ges\u00e4ttigtes PX Pro mindestens dreimal mit normalem Leitungswasser, um alle Ablagerungen zu entfernen.<\/li>\n<li>L\u00f6sen Sie das PXR-Pulver in 1 Liter Leitungswasser auf, geben Sie dann das ges\u00e4ttigte PX Pro hinzu und r\u00fchren Sie einige Minuten um.<\/li>\n<li>Lassen Sie es etwa 10 Minuten lang stehen, bevor Sie den Regenerationspuffer entfernen.<\/li>\n<li>Sp\u00fclen Sie zwei- oder dreimal mit mindestens 1 Liter <span style=\"text-decoration: underline\">Leitungswasser<\/span> und einmal mit 1 Liter <span style=\"text-decoration: underline\">Tankwasser<\/span>. Lassen Sie es vor der Verwendung 5 Minuten im Tankwasser stehen.<\/li>\n<li>Setzen Sie den PX Pro wieder in Ihren Fluidfilter ein und schlie\u00dfen Sie den Filter wieder an Ihren Tank an.<\/li>\n<\/ul>\n","protected":false},"excerpt":{"rendered":"<p>Reef Interests PX Pro is a phosphate remover that can be easily regenerated.<\/p>\n","protected":false},"featured_media":80648,"template":"","meta":[],"pwb-brand":[2265],"product_cat":[1453,515],"product_tag":[],"class_list":{"0":"post-86837","1":"product","2":"type-product","3":"status-publish","4":"has-post-thumbnail","6":"pwb-brand-reef-interests","7":"product_cat-nitrat-und-phosphatentferner","8":"product_cat-additives","9":"pa_inhoud-1000-ml-1000gr-de","10":"pa_inhoud-500-ml-500-gr-de","11":"pa_show-myparcel-options-male-de","13":"first","14":"instock","15":"sale","16":"taxable","17":"shipping-taxable","18":"purchasable","19":"product-type-variable"},"acf":[],"brands":[{"id":2265,"name":"Reef Interests","slug":"reef-interests"}],"_links":{"self":[{"href":"https:\/\/www.seaflowerstore.com\/de\/wp-json\/wp\/v2\/product\/86837","targetHints":{"allow":["GET"]}}],"collection":[{"href":"https:\/\/www.seaflowerstore.com\/de\/wp-json\/wp\/v2\/product"}],"about":[{"href":"https:\/\/www.seaflowerstore.com\/de\/wp-json\/wp\/v2\/types\/product"}],"wp:featuredmedia":[{"embeddable":true,"href":"https:\/\/www.seaflowerstore.com\/de\/wp-json\/wp\/v2\/media\/80648"}],"wp:attachment":[{"href":"https:\/\/www.seaflowerstore.com\/de\/wp-json\/wp\/v2\/media?parent=86837"}],"wp:term":[{"taxonomy":"pwb-brand","embeddable":true,"href":"https:\/\/www.seaflowerstore.com\/de\/wp-json\/wp\/v2\/pwb-brand?post=86837"},{"taxonomy":"product_cat","embeddable":true,"href":"https:\/\/www.seaflowerstore.com\/de\/wp-json\/wp\/v2\/product_cat?post=86837"},{"taxonomy":"product_tag","embeddable":true,"href":"https:\/\/www.seaflowerstore.com\/de\/wp-json\/wp\/v2\/product_tag?post=86837"}],"curies":[{"name":"wp","href":"https:\/\/api.w.org\/{rel}","templated":true}]}}