{"id":86863,"date":"2018-07-15T10:23:36","date_gmt":"2018-07-15T08:23:36","guid":{"rendered":"https:\/\/www.seaflowerstore.com\/nl\/bck-pro\/"},"modified":"2024-03-20T16:51:03","modified_gmt":"2024-03-20T15:51:03","slug":"bck-pro","status":"publish","type":"product","link":"https:\/\/www.seaflowerstore.com\/de\/bck-pro\/","title":{"rendered":"BCK Pro"},"content":{"rendered":"<h2>Reef Interests BCK Pro allows you to easily increase both calcium and alkalinity in a balanced way, with no increase of other salts<\/h2>\n<p>Korallen ben\u00f6tigen f\u00fcr ihr Wachstum sowohl Kalzium als auch Karbonate, was die Konzentration dieser Ionen in Ihrem Aquarienwasser verringern kann. BCK Pro macht es einfach, sowohl Kalzium als auch Alkalinit\u00e4t auf ausgewogene Weise zu steigern, ohne andere Salze zu erh\u00f6hen.<\/p>\n<p>BCK ist ein wei\u00dfes Pulver, das einfach in den Sumpf Ihres Aquariums gegeben werden kann. Nach der Zugabe des Pulvers k\u00f6nnen Sie damit rechnen, dass die Kalzium- und Karbonatwerte innerhalb weniger Stunden ansteigen.<\/p>\n<p>F\u00fcr optimale Ergebnisse geben Sie BCK am besten als Pulver direkt in Ihren Sumpf. Bitte beachten Sie, dass die Herstellung einer konzentrierten BCK-L\u00f6sung zu Kalkausf\u00e4llungen f\u00fchren kann, was zu einem Verlust an l\u00f6slichem Kalzium und Karbonaten f\u00fchrt.<\/p>\n<p>Ein weiterer gro\u00dfer Vorteil der Verwendung von BCK Pro ist, dass es das Wachstum n\u00fctzlicher Bakterien f\u00f6rdert. Dies tr\u00e4gt dazu bei, die Nitrat- und Phosphatwerte in Ihrem Aquarium zu senken. Um dieses Bakterienwachstum zu unterst\u00fctzen, empfehlen wir, f\u00fcr ausreichende Oberfl\u00e4chenbewegung zu sorgen oder einen effizienten Absch\u00e4umer zu verwenden, um einen guten Sauerstoffgehalt aufrechtzuerhalten.<\/p>\n<p>Dar\u00fcber hinaus enth\u00e4lt BCK Pro mehrere Spurenelemente, die f\u00fcr das Korallenwachstum unerl\u00e4sslich sind. Sie m\u00fcssen jedoch trotzdem Strontium, Jodid und Mangan hinzuf\u00fcgen, da diese Elemente schneller aus dem Aquarienwasser verbraucht werden, als sie mit BCK Pro wieder aufgef\u00fcllt werden. Um diese Werte angemessen zu halten, bieten wir SIM Trace in unserer Produktpalette an.<\/p>\n","protected":false},"excerpt":{"rendered":"<p>Reef Interests BCK Pro allows you to easily increase both calcium and alkalinity in a balanced way, with no increase of other salts.<\/p>\n","protected":false},"featured_media":80609,"template":"","meta":[],"pwb-brand":[2265],"product_cat":[1391,515],"product_tag":[],"class_list":{"0":"post-86863","1":"product","2":"type-product","3":"status-publish","4":"has-post-thumbnail","6":"pwb-brand-reef-interests","7":"product_cat-ergaenzungen","8":"product_cat-additives","9":"pa_inhoud-1-kg-de","10":"pa_inhoud-500-gr-de","11":"pa_show-myparcel-options-male-de","13":"first","14":"instock","15":"sale","16":"taxable","17":"shipping-taxable","18":"purchasable","19":"product-type-variable"},"acf":[],"brands":[{"id":2265,"name":"Reef Interests","slug":"reef-interests"}],"_links":{"self":[{"href":"https:\/\/www.seaflowerstore.com\/de\/wp-json\/wp\/v2\/product\/86863","targetHints":{"allow":["GET"]}}],"collection":[{"href":"https:\/\/www.seaflowerstore.com\/de\/wp-json\/wp\/v2\/product"}],"about":[{"href":"https:\/\/www.seaflowerstore.com\/de\/wp-json\/wp\/v2\/types\/product"}],"wp:featuredmedia":[{"embeddable":true,"href":"https:\/\/www.seaflowerstore.com\/de\/wp-json\/wp\/v2\/media\/80609"}],"wp:attachment":[{"href":"https:\/\/www.seaflowerstore.com\/de\/wp-json\/wp\/v2\/media?parent=86863"}],"wp:term":[{"taxonomy":"pwb-brand","embeddable":true,"href":"https:\/\/www.seaflowerstore.com\/de\/wp-json\/wp\/v2\/pwb-brand?post=86863"},{"taxonomy":"product_cat","embeddable":true,"href":"https:\/\/www.seaflowerstore.com\/de\/wp-json\/wp\/v2\/product_cat?post=86863"},{"taxonomy":"product_tag","embeddable":true,"href":"https:\/\/www.seaflowerstore.com\/de\/wp-json\/wp\/v2\/product_tag?post=86863"}],"curies":[{"name":"wp","href":"https:\/\/api.w.org\/{rel}","templated":true}]}}