{"id":86879,"date":"2018-07-07T11:26:30","date_gmt":"2018-07-07T09:26:30","guid":{"rendered":"https:\/\/www.seaflowerstore.com\/nl\/white-pvc-tee\/"},"modified":"2024-10-14T12:31:45","modified_gmt":"2024-10-14T10:31:45","slug":"white-pvc-tee","status":"publish","type":"product","link":"https:\/\/www.seaflowerstore.com\/de\/white-pvc-tee\/","title":{"rendered":"White PVC tee"},"content":{"rendered":"<h2>White PVC tee<\/h2>\n<p><strong>Wei\u00dfes PVC-T-St\u00fcck in verschiedenen Durchmessern erh\u00e4ltlich<\/strong><\/p>\n<p>Dieses Produkt ist f\u00fcr seine Verwendung in Royal Exclusiv- und Vertex-PVC-Anwendungen bekannt.<\/p>\n","protected":false},"excerpt":{"rendered":"<p>White PVC tee available in various diameters<\/p>\n","protected":false},"featured_media":80583,"template":"","meta":[],"pwb-brand":[2133],"product_cat":[1595],"product_tag":[],"class_list":{"0":"post-86879","1":"product","2":"type-product","3":"status-publish","4":"has-post-thumbnail","6":"pwb-brand-divers","7":"product_cat-pvc-de","8":"pa_diameter-20-mm-de","9":"pa_diameter-25-mm-de","10":"pa_diameter-32-mm-de","11":"pa_diameter-40-mm-de","12":"pa_diameter-50-mm-de","13":"pa_show-myparcel-options-male-de","15":"first","16":"instock","17":"taxable","18":"shipping-taxable","19":"purchasable","20":"product-type-variable"},"acf":[],"brands":[{"id":2133,"name":"divers","slug":"divers"}],"_links":{"self":[{"href":"https:\/\/www.seaflowerstore.com\/de\/wp-json\/wp\/v2\/product\/86879","targetHints":{"allow":["GET"]}}],"collection":[{"href":"https:\/\/www.seaflowerstore.com\/de\/wp-json\/wp\/v2\/product"}],"about":[{"href":"https:\/\/www.seaflowerstore.com\/de\/wp-json\/wp\/v2\/types\/product"}],"wp:featuredmedia":[{"embeddable":true,"href":"https:\/\/www.seaflowerstore.com\/de\/wp-json\/wp\/v2\/media\/80583"}],"wp:attachment":[{"href":"https:\/\/www.seaflowerstore.com\/de\/wp-json\/wp\/v2\/media?parent=86879"}],"wp:term":[{"taxonomy":"pwb-brand","embeddable":true,"href":"https:\/\/www.seaflowerstore.com\/de\/wp-json\/wp\/v2\/pwb-brand?post=86879"},{"taxonomy":"product_cat","embeddable":true,"href":"https:\/\/www.seaflowerstore.com\/de\/wp-json\/wp\/v2\/product_cat?post=86879"},{"taxonomy":"product_tag","embeddable":true,"href":"https:\/\/www.seaflowerstore.com\/de\/wp-json\/wp\/v2\/product_tag?post=86879"}],"curies":[{"name":"wp","href":"https:\/\/api.w.org\/{rel}","templated":true}]}}