{"id":86895,"date":"2018-07-07T08:59:26","date_gmt":"2018-07-07T06:59:26","guid":{"rendered":"https:\/\/www.seaflowerstore.com\/nl\/scissors-60-curved\/"},"modified":"2026-03-13T21:44:01","modified_gmt":"2026-03-13T20:44:01","slug":"scissors-60-curved","status":"publish","type":"product","link":"https:\/\/www.seaflowerstore.com\/de\/scissors-60-curved\/","title":{"rendered":"Scissors 60\u00a0curved"},"content":{"rendered":"<h2>Aqua Medic Scissors 60 curved stainless steel scissors<\/h2>\n<p>Wir pr\u00e4sentieren die <strong>Aqua Medic Scissors 60<\/strong>, die speziell mit einer gebogenen Klinge aus rostfreiem Stahl entwickelt wurde und sich perfekt f\u00fcr die Arbeit mit Pflanzen eignet. Diese Schere bietet hervorragende Pr\u00e4zision, sodass Sie Ihre Pflanzen w\u00e4hrend der Arbeit effektiv abdecken k\u00f6nnen.<\/p>\n<p>Die Schere hat eine L\u00e4nge von ca. <strong>60 cm<\/strong>, sodass sie leicht zu handhaben und zu man\u00f6vrieren ist.<\/p>\n<p><strong>Wichtig:<\/strong> Bitte denken Sie daran, die Schere nach jedem Gebrauch mit S\u00fc\u00dfwasser abzusp\u00fclen und gr\u00fcndlich abzutrocknen, um ihre Qualit\u00e4t zu erhalten.<\/p>\n","protected":false},"excerpt":{"rendered":"<p>Aqua Medic Scissors 60 curved is a curved stainless steel scissors of about 60cm long<\/p>\n","protected":false},"featured_media":80565,"template":"","meta":[],"pwb-brand":[2149],"product_cat":[1461,1421,1431],"product_tag":[],"class_list":{"0":"post-86895","1":"product","2":"type-product","3":"status-publish","4":"has-post-thumbnail","6":"pwb-brand-aqua-medic","7":"product_cat-schneidzubehoer","8":"product_cat-aqua-medic-de","9":"product_cat-nuetzliche-artikel","10":"pa_show-myparcel-options-male-de","12":"first","13":"outofstock","14":"sale","15":"taxable","16":"shipping-taxable","17":"purchasable","18":"product-type-simple"},"acf":[],"brands":[{"id":2149,"name":"Aqua Medic","slug":"aqua-medic"}],"_links":{"self":[{"href":"https:\/\/www.seaflowerstore.com\/de\/wp-json\/wp\/v2\/product\/86895","targetHints":{"allow":["GET"]}}],"collection":[{"href":"https:\/\/www.seaflowerstore.com\/de\/wp-json\/wp\/v2\/product"}],"about":[{"href":"https:\/\/www.seaflowerstore.com\/de\/wp-json\/wp\/v2\/types\/product"}],"wp:featuredmedia":[{"embeddable":true,"href":"https:\/\/www.seaflowerstore.com\/de\/wp-json\/wp\/v2\/media\/80565"}],"wp:attachment":[{"href":"https:\/\/www.seaflowerstore.com\/de\/wp-json\/wp\/v2\/media?parent=86895"}],"wp:term":[{"taxonomy":"pwb-brand","embeddable":true,"href":"https:\/\/www.seaflowerstore.com\/de\/wp-json\/wp\/v2\/pwb-brand?post=86895"},{"taxonomy":"product_cat","embeddable":true,"href":"https:\/\/www.seaflowerstore.com\/de\/wp-json\/wp\/v2\/product_cat?post=86895"},{"taxonomy":"product_tag","embeddable":true,"href":"https:\/\/www.seaflowerstore.com\/de\/wp-json\/wp\/v2\/product_tag?post=86895"}],"curies":[{"name":"wp","href":"https:\/\/api.w.org\/{rel}","templated":true}]}}