{"id":86896,"date":"2018-07-07T08:51:25","date_gmt":"2018-07-07T06:51:25","guid":{"rendered":"https:\/\/www.seaflowerstore.com\/nl\/t-rail-60\/"},"modified":"2024-03-20T16:50:39","modified_gmt":"2024-03-20T15:50:39","slug":"t-rail-60","status":"publish","type":"product","link":"https:\/\/www.seaflowerstore.com\/de\/t-rail-60\/","title":{"rendered":"T-Rail 60"},"content":{"rendered":"<h2>T-Rail 60 from AquaMedic Megatools<\/h2>\n<p>Wir pr\u00e4sentieren die T-Rail 60, eine gerade Zange aus Edelstahl mit praktischem Clip, die sich zum einfachen Platzieren von Aquarienpflanzen oder Korallen an schwierigen Stellen eignet.<\/p>\n<p>Die Zange ist etwa 60 cm lang und eignet sich daher perfekt zum Greifen in Ihrem Aquarium. <strong>Bitte denken Sie daran, sie nach jedem Gebrauch mit S\u00fc\u00dfwasser abzusp\u00fclen und gr\u00fcndlich abzutrocknen<\/strong>, um ihre Qualit\u00e4t zu erhalten.<\/p>\n","protected":false},"excerpt":{"rendered":"<p>T-Rail 60 is straight stainless steel tongs of about 60cm long<\/p>\n","protected":false},"featured_media":80562,"template":"","meta":[],"pwb-brand":[2149],"product_cat":[1421,1431,1461],"product_tag":[],"class_list":{"0":"post-86896","1":"product","2":"type-product","3":"status-publish","4":"has-post-thumbnail","6":"pwb-brand-aqua-medic","7":"product_cat-aqua-medic-de","8":"product_cat-nuetzliche-artikel","9":"product_cat-schneidzubehoer","10":"pa_show-myparcel-options-male-de","12":"first","13":"instock","14":"sale","15":"taxable","16":"shipping-taxable","17":"purchasable","18":"product-type-simple"},"acf":[],"brands":[{"id":2149,"name":"Aqua Medic","slug":"aqua-medic"}],"_links":{"self":[{"href":"https:\/\/www.seaflowerstore.com\/de\/wp-json\/wp\/v2\/product\/86896","targetHints":{"allow":["GET"]}}],"collection":[{"href":"https:\/\/www.seaflowerstore.com\/de\/wp-json\/wp\/v2\/product"}],"about":[{"href":"https:\/\/www.seaflowerstore.com\/de\/wp-json\/wp\/v2\/types\/product"}],"wp:featuredmedia":[{"embeddable":true,"href":"https:\/\/www.seaflowerstore.com\/de\/wp-json\/wp\/v2\/media\/80562"}],"wp:attachment":[{"href":"https:\/\/www.seaflowerstore.com\/de\/wp-json\/wp\/v2\/media?parent=86896"}],"wp:term":[{"taxonomy":"pwb-brand","embeddable":true,"href":"https:\/\/www.seaflowerstore.com\/de\/wp-json\/wp\/v2\/pwb-brand?post=86896"},{"taxonomy":"product_cat","embeddable":true,"href":"https:\/\/www.seaflowerstore.com\/de\/wp-json\/wp\/v2\/product_cat?post=86896"},{"taxonomy":"product_tag","embeddable":true,"href":"https:\/\/www.seaflowerstore.com\/de\/wp-json\/wp\/v2\/product_tag?post=86896"}],"curies":[{"name":"wp","href":"https:\/\/api.w.org\/{rel}","templated":true}]}}