{"id":86897,"date":"2018-07-07T08:41:20","date_gmt":"2018-07-07T06:41:20","guid":{"rendered":"https:\/\/www.seaflowerstore.com\/nl\/scissors-60\/"},"modified":"2024-03-20T16:50:37","modified_gmt":"2024-03-20T15:50:37","slug":"scissors-60","status":"publish","type":"product","link":"https:\/\/www.seaflowerstore.com\/de\/scissors-60\/","title":{"rendered":"Scissors 60\u00a0"},"content":{"rendered":"<h2>Aqua Medic Scissors 60 from AquaMedic Megatools Straight stainless steel scissors<\/h2>\n<p>Wir pr\u00e4sentieren die <strong>Aqua Medic Scissors 60<\/strong>, die sich ideal zum Beschneiden von Pflanzen in Ihrem Aquarium eignet. Diese geraden Edelstahlscheren sind auf Benutzerfreundlichkeit und Langlebigkeit ausgelegt.<\/p>\n<p>Die L\u00e4nge der Schere betr\u00e4gt ungef\u00e4hr <strong>60 cm<\/strong>, sodass sie perfekt geeignet ist, um die schwer erreichbaren Stellen in Ihrem Wassergarten zu erreichen.<\/p>\n<p><strong>Bitte beachten:<\/strong> Sp\u00fclen Sie die Schere nach dem Gebrauch mit S\u00fc\u00dfwasser ab und stellen Sie sicher, dass sie gr\u00fcndlich getrocknet ist, um ihre Qualit\u00e4t zu erhalten.<\/p>\n","protected":false},"excerpt":{"rendered":"<p>Aqua Medic Scissors 60 is straight stainless steel scissors of about 60cm long<\/p>\n","protected":false},"featured_media":80560,"template":"","meta":[],"pwb-brand":[2149],"product_cat":[1421,1451,741],"product_tag":[],"class_list":{"0":"post-86897","1":"product","2":"type-product","3":"status-publish","4":"has-post-thumbnail","6":"pwb-brand-aqua-medic","7":"product_cat-aqua-medic-de","8":"product_cat-zubehoer","9":"product_cat-brands","10":"pa_show-myparcel-options-male-de","12":"first","13":"instock","14":"taxable","15":"shipping-taxable","16":"purchasable","17":"product-type-simple"},"acf":[],"brands":[{"id":2149,"name":"Aqua Medic","slug":"aqua-medic"}],"_links":{"self":[{"href":"https:\/\/www.seaflowerstore.com\/de\/wp-json\/wp\/v2\/product\/86897","targetHints":{"allow":["GET"]}}],"collection":[{"href":"https:\/\/www.seaflowerstore.com\/de\/wp-json\/wp\/v2\/product"}],"about":[{"href":"https:\/\/www.seaflowerstore.com\/de\/wp-json\/wp\/v2\/types\/product"}],"wp:featuredmedia":[{"embeddable":true,"href":"https:\/\/www.seaflowerstore.com\/de\/wp-json\/wp\/v2\/media\/80560"}],"wp:attachment":[{"href":"https:\/\/www.seaflowerstore.com\/de\/wp-json\/wp\/v2\/media?parent=86897"}],"wp:term":[{"taxonomy":"pwb-brand","embeddable":true,"href":"https:\/\/www.seaflowerstore.com\/de\/wp-json\/wp\/v2\/pwb-brand?post=86897"},{"taxonomy":"product_cat","embeddable":true,"href":"https:\/\/www.seaflowerstore.com\/de\/wp-json\/wp\/v2\/product_cat?post=86897"},{"taxonomy":"product_tag","embeddable":true,"href":"https:\/\/www.seaflowerstore.com\/de\/wp-json\/wp\/v2\/product_tag?post=86897"}],"curies":[{"name":"wp","href":"https:\/\/api.w.org\/{rel}","templated":true}]}}