{"id":86898,"date":"2018-07-07T08:20:53","date_gmt":"2018-07-07T06:20:53","guid":{"rendered":"https:\/\/www.seaflowerstore.com\/nl\/tweezers-60\/"},"modified":"2024-03-20T16:50:35","modified_gmt":"2024-03-20T15:50:35","slug":"tweezers-60","status":"publish","type":"product","link":"https:\/\/www.seaflowerstore.com\/de\/tweezers-60\/","title":{"rendered":"Tweezers 60"},"content":{"rendered":"<h2>Aqua Medic Tweezers 60 from AquaMedic Megatools Straight stainless steel tweezers<\/h2>\n<p>Wir pr\u00e4sentieren Ihnen die gerade Pinzette aus rostfreiem Stahl, die Ihnen beim Einpflanzen von Aquarienpflanzen oder beim Positionieren von Korallen an schwierigen Stellen helfen soll. Diese Pinzette ist ungef\u00e4hr 60 cm lang und damit perfekt f\u00fcr Ihre Anforderungen im Wasserbereich geeignet.<\/p>\n<p><strong>Bitte denken Sie daran, diese Pinzette nach dem Gebrauch mit S\u00fc\u00dfwasser abzusp\u00fclen und gr\u00fcndlich abzutrocknen.<\/strong><\/p>\n","protected":false},"excerpt":{"rendered":"<p>Aqua Medic Tweezers is straight stainless steel tweezers of about 60cm long<\/p>\n","protected":false},"featured_media":80557,"template":"","meta":[],"pwb-brand":[2149],"product_cat":[1431,1421,1461],"product_tag":[],"class_list":{"0":"post-86898","1":"product","2":"type-product","3":"status-publish","4":"has-post-thumbnail","6":"pwb-brand-aqua-medic","7":"product_cat-nuetzliche-artikel","8":"product_cat-aqua-medic-de","9":"product_cat-schneidzubehoer","10":"pa_show-myparcel-options-male-de","12":"first","13":"instock","14":"sale","15":"taxable","16":"shipping-taxable","17":"purchasable","18":"product-type-simple"},"acf":[],"brands":[{"id":2149,"name":"Aqua Medic","slug":"aqua-medic"}],"_links":{"self":[{"href":"https:\/\/www.seaflowerstore.com\/de\/wp-json\/wp\/v2\/product\/86898","targetHints":{"allow":["GET"]}}],"collection":[{"href":"https:\/\/www.seaflowerstore.com\/de\/wp-json\/wp\/v2\/product"}],"about":[{"href":"https:\/\/www.seaflowerstore.com\/de\/wp-json\/wp\/v2\/types\/product"}],"wp:featuredmedia":[{"embeddable":true,"href":"https:\/\/www.seaflowerstore.com\/de\/wp-json\/wp\/v2\/media\/80557"}],"wp:attachment":[{"href":"https:\/\/www.seaflowerstore.com\/de\/wp-json\/wp\/v2\/media?parent=86898"}],"wp:term":[{"taxonomy":"pwb-brand","embeddable":true,"href":"https:\/\/www.seaflowerstore.com\/de\/wp-json\/wp\/v2\/pwb-brand?post=86898"},{"taxonomy":"product_cat","embeddable":true,"href":"https:\/\/www.seaflowerstore.com\/de\/wp-json\/wp\/v2\/product_cat?post=86898"},{"taxonomy":"product_tag","embeddable":true,"href":"https:\/\/www.seaflowerstore.com\/de\/wp-json\/wp\/v2\/product_tag?post=86898"}],"curies":[{"name":"wp","href":"https:\/\/api.w.org\/{rel}","templated":true}]}}