{"id":86899,"date":"2018-06-30T17:50:17","date_gmt":"2018-06-30T15:50:17","guid":{"rendered":"https:\/\/www.seaflowerstore.com\/nl\/tunze-doc9004dc-skimmer-for-aquaria-of-60-to-300-liters\/"},"modified":"2024-03-20T16:50:33","modified_gmt":"2024-03-20T15:50:33","slug":"tunze-doc9004dc-skimmer-for-aquaria-of-60-to-300-liters","status":"publish","type":"product","link":"https:\/\/www.seaflowerstore.com\/de\/tunze-doc9004dc-skimmer-for-aquaria-of-60-to-300-liters\/","title":{"rendered":"Tunze DOC9004dc Skimmer &#8211; for aquaria of 60 to 300 liters"},"content":{"rendered":"<h2>Tunze DOC9004dc Skimmer &#8211; for aquaria of 60 to 300 liters<\/h2>\n<p><strong>Tunze DOC9004DC Absch\u00e4umer &#8211; f\u00fcr Aquarien von 60 bis 300 Liter<\/strong><\/p>\n<p>Der Tunze 9004dc arbeitet sehr leise und verf\u00fcgt serienm\u00e4\u00dfig \u00fcber eine Luftklappe, was ihn zu einem der leisesten Absch\u00e4umer seiner Leistungsklasse macht. Dieses Modell verf\u00fcgt \u00fcber eine einstellbare Pumpe mit Steuerung, die \u00fcber eine praktische Taste verf\u00fcgt, mit der Sie den Absch\u00e4umer f\u00fcr 10 Minuten ausschalten k\u00f6nnen, bevor er sich automatisch wieder einschaltet. Diese Funktion ist besonders praktisch, wenn Sie den Schaumbecher zum Reinigen herausnehmen m\u00fcssen.<\/p>\n<ul>\n<li><strong>Eintauchtiefe:<\/strong> ca. 225 mm bis 245 mm<\/li>\n<li><strong>Schaumbechervolumen:<\/strong> 0,2 L<\/li>\n<li><strong>Luftansaugung:<\/strong> ca. 150 l\/h<\/li>\n<li><strong>Stromverbrauch:<\/strong> 4W, 230V \/ 50Hz<\/li>\n<li><strong>Ma\u00dfe:<\/strong> L 110 x B 90 x H 305 mm<\/li>\n<li><strong>Magnetaufh\u00e4ngung:<\/strong> geeignet f\u00fcr Glasdicke bis 12 mm<\/li>\n<li><strong>Stromversorgung:<\/strong> 100-240V\/50-60Hz bis 12V DC<\/li>\n<\/ul>\n<p>Aufgrund seiner kompakten Gr\u00f6\u00dfe ist der Tunze 9004dc passt perfekt zu verschiedenen Nano-Meerwasseraquarien, darunter auch zum Modell Sera 130. Bitte beachten Sie, dass der Absch\u00e4umer innen aufgeh\u00e4ngt werden muss und nicht neben dem Aquarium montiert werden kann.<\/p>\n","protected":false},"excerpt":{"rendered":"<p>DOC9004dc is an internal hang-on skimmer with controlable pump for aquariums from 60 to 300 liters of Tunze<\/p>\n","protected":false},"featured_media":80554,"template":"","meta":[],"pwb-brand":[2123],"product_cat":[1494],"product_tag":[],"class_list":{"0":"post-86899","1":"product","2":"type-product","3":"status-publish","4":"has-post-thumbnail","6":"pwb-brand-tunze","7":"product_cat-eiwitafschuerzen","8":"pa_show-myparcel-options-male-de","10":"first","11":"outofstock","12":"taxable","13":"shipping-taxable","14":"purchasable","15":"product-type-simple"},"acf":[],"brands":[{"id":2123,"name":"Tunze","slug":"tunze"}],"_links":{"self":[{"href":"https:\/\/www.seaflowerstore.com\/de\/wp-json\/wp\/v2\/product\/86899","targetHints":{"allow":["GET"]}}],"collection":[{"href":"https:\/\/www.seaflowerstore.com\/de\/wp-json\/wp\/v2\/product"}],"about":[{"href":"https:\/\/www.seaflowerstore.com\/de\/wp-json\/wp\/v2\/types\/product"}],"wp:featuredmedia":[{"embeddable":true,"href":"https:\/\/www.seaflowerstore.com\/de\/wp-json\/wp\/v2\/media\/80554"}],"wp:attachment":[{"href":"https:\/\/www.seaflowerstore.com\/de\/wp-json\/wp\/v2\/media?parent=86899"}],"wp:term":[{"taxonomy":"pwb-brand","embeddable":true,"href":"https:\/\/www.seaflowerstore.com\/de\/wp-json\/wp\/v2\/pwb-brand?post=86899"},{"taxonomy":"product_cat","embeddable":true,"href":"https:\/\/www.seaflowerstore.com\/de\/wp-json\/wp\/v2\/product_cat?post=86899"},{"taxonomy":"product_tag","embeddable":true,"href":"https:\/\/www.seaflowerstore.com\/de\/wp-json\/wp\/v2\/product_tag?post=86899"}],"curies":[{"name":"wp","href":"https:\/\/api.w.org\/{rel}","templated":true}]}}