{"id":86902,"date":"2018-06-30T14:16:01","date_gmt":"2018-06-30T12:16:01","guid":{"rendered":"https:\/\/www.seaflowerstore.com\/nl\/tunze-doc-9004-skimmer-for-aquaria-of-60-to-250-liters\/"},"modified":"2024-03-20T16:50:31","modified_gmt":"2024-03-20T15:50:31","slug":"tunze-doc-9004-skimmer-for-aquaria-of-60-to-250-liters","status":"publish","type":"product","link":"https:\/\/www.seaflowerstore.com\/de\/tunze-doc-9004-skimmer-for-aquaria-of-60-to-250-liters\/","title":{"rendered":"Tunze DOC 9004 Skimmer &#8211; for aquaria of 60 to 250 liters"},"content":{"rendered":"<h2>Tunze DOC 9004 Skimmer &#8211; for aquaria of 60 to 250 liters<\/h2>\n<p>Der Absch\u00e4umer Tunze 9004 arbeitet sehr leise und ist serienm\u00e4\u00dfig mit einer Luftklappe ausgestattet. Diese Kombination macht ihn zu einem der leisesten Absch\u00e4umer seiner Leistungsklasse.<\/p>\n<ul>\n<li><strong>Eintauchtiefe:<\/strong> ca. 225 mm bis 245 mm.<\/li>\n<li><strong>Schaumbechervolumen:<\/strong> 0,2 L<\/li>\n<li><strong>Luftansaugung:<\/strong> ca. 150 l\/h<\/li>\n<li><strong>Stromverbrauch:<\/strong> 4W, 230 V \/ 50 Hz.<\/li>\n<li><strong>Ma\u00dfe:<\/strong> L 110 x B 90 x H 305 mm<\/li>\n<li><strong>Stromversorgung:<\/strong> 230V\/50Hz<\/li>\n<\/ul>\n<p>Dank seiner kompakten Gr\u00f6\u00dfe passt der Absch\u00e4umer gut in verschiedene Nano-Meerwasseraquarien, wie zum Beispiel das Sera 130. Bitte beachten Sie, dass der Absch\u00e4umer im Aquarium aufgeh\u00e4ngt werden muss und daher nicht extern h\u00e4ngen.<\/p>\n","protected":false},"excerpt":{"rendered":"<p>Tunze DOC 9004 is an internal hang-on skimmer for aquariums from 60 to 250 liters of Tunze<\/p>\n","protected":false},"featured_media":80542,"template":"","meta":[],"pwb-brand":[2123],"product_cat":[1494],"product_tag":[],"class_list":{"0":"post-86902","1":"product","2":"type-product","3":"status-publish","4":"has-post-thumbnail","6":"pwb-brand-tunze","7":"product_cat-eiwitafschuerzen","8":"pa_show-myparcel-options-male-de","10":"first","11":"outofstock","12":"taxable","13":"shipping-taxable","14":"purchasable","15":"product-type-simple"},"acf":[],"brands":[{"id":2123,"name":"Tunze","slug":"tunze"}],"_links":{"self":[{"href":"https:\/\/www.seaflowerstore.com\/de\/wp-json\/wp\/v2\/product\/86902","targetHints":{"allow":["GET"]}}],"collection":[{"href":"https:\/\/www.seaflowerstore.com\/de\/wp-json\/wp\/v2\/product"}],"about":[{"href":"https:\/\/www.seaflowerstore.com\/de\/wp-json\/wp\/v2\/types\/product"}],"wp:featuredmedia":[{"embeddable":true,"href":"https:\/\/www.seaflowerstore.com\/de\/wp-json\/wp\/v2\/media\/80542"}],"wp:attachment":[{"href":"https:\/\/www.seaflowerstore.com\/de\/wp-json\/wp\/v2\/media?parent=86902"}],"wp:term":[{"taxonomy":"pwb-brand","embeddable":true,"href":"https:\/\/www.seaflowerstore.com\/de\/wp-json\/wp\/v2\/pwb-brand?post=86902"},{"taxonomy":"product_cat","embeddable":true,"href":"https:\/\/www.seaflowerstore.com\/de\/wp-json\/wp\/v2\/product_cat?post=86902"},{"taxonomy":"product_tag","embeddable":true,"href":"https:\/\/www.seaflowerstore.com\/de\/wp-json\/wp\/v2\/product_tag?post=86902"}],"curies":[{"name":"wp","href":"https:\/\/api.w.org\/{rel}","templated":true}]}}