{"id":86911,"date":"2018-06-29T20:24:48","date_gmt":"2018-06-29T18:24:48","guid":{"rendered":"https:\/\/www.seaflowerstore.com\/nl\/rollermat-compact-1-theiling\/"},"modified":"2024-03-20T16:50:24","modified_gmt":"2024-03-20T15:50:24","slug":"rollermat-compact-1-theiling","status":"publish","type":"product","link":"https:\/\/www.seaflowerstore.com\/de\/rollermat-compact-1-theiling\/","title":{"rendered":"Rollermat compact 1 (Theiling)"},"content":{"rendered":"<h2>The ROLLERMAT COMPACT 1 is a fully automatic fleece filter \u2013 and so compact, that it fits into nearly every filtersump. The footprint is only 20 x 30 cm.<\/h2>\n<p>Der Compact Fleece Filter leitet verschmutztes Wasser effizient durch den Einlass in das Schmutzwasserfach. Wenn das Wasser durch das Vlies flie\u00dft, flie\u00dft es zur\u00fcck in den Sumpf. Wenn sich das Vlies mit Schmutz beladen hat, verringert sich der Durchfluss und der Wasserstand im Schmutzwasserfach steigt. Sobald ein bestimmter Pegel erreicht ist, aktiviert ein Niveauschalter den Motor, der frisches Vlies nachschiebt.<\/p>\n<p>Dieser Vorgang l\u00e4uft vollautomatisch ab. Je nach Abfallproduktion im System dauert es etwa 3 bis 6 Monate, bis das gesamte Vlies verbraucht ist und ausgetauscht werden muss. Das Vlies ist extrem fein, sodass selbst kleinste Partikel entfernt werden. Diese Filterung erfolgt, bevor der Abfall biologisch verstoffwechselt wird, was zur Entlastung des Biofilters und des Eiwei\u00dfabsch\u00e4umers in Meerwasseranlagen beitr\u00e4gt.<\/p>\n<p>Die Vliesporen sind fein genug, um viele Protozoen, einschlie\u00dflich Fischparasiten in S\u00fc\u00df- und Salzwasser, einzufangen, was diese Funktion einzigartig macht. Wenn die aufnehmende Rolle voll oder die abgebende Rolle leer ist, kann sie leicht aus dem Filter entfernt werden. Beide Komponenten sind trennbar, so dass das Vlies problemlos entsorgt werden kann.<\/p>\n<h3>Merkmale des ROLLERMAT COMPACT 1:<\/h3>\n<ul>\n<li><strong>Effiziente mechanische Filterung<\/strong> durch feines Filtervlies<\/li>\n<li><strong>Automatischer Transport<\/strong> des Vlieses<\/li>\n<li><strong>Einfacher Wechsel<\/strong> der verbrauchten Vliesrolle<\/li>\n<li>Die Rolle ist 10 cm breit und erm\u00f6glicht Durchflussraten bis zu 2000 l\/h, je nach Wasserqualit\u00e4t<\/li>\n<li><strong>Minimaler Stromverbrauch:<\/strong> durchschnittlich unter 0,1 W bei 12 V AC <span style=\"background-color: #ffff00\"><strong>(<\/strong><span style=\"font-size: 14.4px\"><strong>Stromversorgung<\/strong><\/span><strong> 220-230 V AC -&gt; 12 V AC)<\/strong><\/span><\/li>\n<li>ROLLERMAT COMPACT 1 kann in die Filterwanne gestellt oder an den Glasrand der Filterwanne geh\u00e4ngt werden.<\/li>\n<\/ul>\n<p><span style=\"text-decoration: underline\">Ma\u00dfe:<\/span><\/p>\n<ul>\n<li>30 cm breit<\/li>\n<li>52 cm hoch (mit Sockel)<\/li>\n<li>Tiefe: 22 cm<\/li>\n<li>H\u00f6he ohne Sockel: 46 cm<\/li>\n<li>Zulaufanschl\u00fcsse: Schlauchanschluss 25\/32 \/ 40mm \/\/ 1\u00bd&#8220; Gewinde<\/li>\n<li>Notablauf seitlich: f\u00fcr Rohr- oder Schlaucht\u00fclle 25 mm, bzw. Gewinde 1 Zoll<\/li>\n<li>Wasserablauf unten: \u00d8 25 mm<\/li>\n<\/ul>\n<ol>\n<li>Beim Einbau bitte zus\u00e4tzlich 10 cm H\u00f6he einplanen zum einfachen Wechseln der Vliesrolle.<\/li>\n<li>Wird die Rollermat in einem Filtersumpf eingebaut, sollte der Wasserstand im Sumpf nicht mehr als 10 cm ansteigen.<\/li>\n<\/ol>\n","protected":false},"excerpt":{"rendered":"<p>Theiling Compact Fleece filter system made by Theiling<\/p>\n","protected":false},"featured_media":80530,"template":"","meta":[],"pwb-brand":[2245],"product_cat":[1403],"product_tag":[],"class_list":{"0":"post-86911","1":"product","2":"type-product","3":"status-publish","4":"has-post-thumbnail","6":"pwb-brand-theiling","7":"product_cat-beutel-filterung","8":"pa_show-myparcel-options-male-de","10":"first","11":"instock","12":"taxable","13":"shipping-taxable","14":"purchasable","15":"product-type-simple"},"acf":[],"brands":[{"id":2245,"name":"Theiling","slug":"theiling"}],"_links":{"self":[{"href":"https:\/\/www.seaflowerstore.com\/de\/wp-json\/wp\/v2\/product\/86911","targetHints":{"allow":["GET"]}}],"collection":[{"href":"https:\/\/www.seaflowerstore.com\/de\/wp-json\/wp\/v2\/product"}],"about":[{"href":"https:\/\/www.seaflowerstore.com\/de\/wp-json\/wp\/v2\/types\/product"}],"wp:featuredmedia":[{"embeddable":true,"href":"https:\/\/www.seaflowerstore.com\/de\/wp-json\/wp\/v2\/media\/80530"}],"wp:attachment":[{"href":"https:\/\/www.seaflowerstore.com\/de\/wp-json\/wp\/v2\/media?parent=86911"}],"wp:term":[{"taxonomy":"pwb-brand","embeddable":true,"href":"https:\/\/www.seaflowerstore.com\/de\/wp-json\/wp\/v2\/pwb-brand?post=86911"},{"taxonomy":"product_cat","embeddable":true,"href":"https:\/\/www.seaflowerstore.com\/de\/wp-json\/wp\/v2\/product_cat?post=86911"},{"taxonomy":"product_tag","embeddable":true,"href":"https:\/\/www.seaflowerstore.com\/de\/wp-json\/wp\/v2\/product_tag?post=86911"}],"curies":[{"name":"wp","href":"https:\/\/api.w.org\/{rel}","templated":true}]}}