{"id":86913,"date":"2018-06-22T15:13:03","date_gmt":"2018-06-22T13:13:03","guid":{"rendered":"https:\/\/www.seaflowerstore.com\/nl\/sili-out-2\/"},"modified":"2024-10-20T16:25:08","modified_gmt":"2024-10-20T14:25:08","slug":"sili-out-2","status":"publish","type":"product","link":"https:\/\/www.seaflowerstore.com\/de\/sili-out-2\/","title":{"rendered":"Sili-Out 2"},"content":{"rendered":"<h2>Sili-Out 2 sind Granulate, die unter anderem Silikate schnell, sicher und dauerhaft entfernen<\/h2>\n<p>Sili-Out 2 von Microbe Lift ist eine fantastische Granulatl\u00f6sung, die verschiedene Stoffe effektiv und sicher aus Ihrem Aquarium entfernt. Hier ist, was es vertr\u00e4gt:<\/p>\n<ul>\n<li>Silikat<\/li>\n<li>Phosphat<\/li>\n<li>Barium<\/li>\n<li>Arsen<\/li>\n<li>Chromat<\/li>\n<li>Gelbe Stoffe<\/li>\n<li><em>Auf Aluminiumbasis mit einer Reinheit von 99 % +<\/em><\/li>\n<li><em>Verbessert das nat\u00fcrliche Wachstum von Korallen und Pflanzen<\/em><\/li>\n<li><em>Verhindert das Wachstum von Kieselalgen<\/em><\/li>\n<\/ul>\n<p><strong>Dosierung:<\/strong><br \/>\nVerwenden Sie 50 ml pro 100 Liter Wasser(geeignet f\u00fcr Salz- und S\u00fc\u00dfwasser).<\/p>\n<p><strong>Tipps:<\/strong><\/p>\n<ul>\n<li>Beginnen Sie immer mit der empfohlenen Dosis von <strong>Sili-Out 2<\/strong> und erh\u00f6hen Sie diese ggf. auf 100 ml pro 100 Liter Wasser.<\/li>\n<li>Achten Sie darauf, <strong>Sili-Out 2<\/strong> vor der Verwendung gr\u00fcndlich zu waschen.<\/li>\n<li>Der ideale Phosphatgehalt in Meerwasseraquarien sollte zwischen 0,04 und 0,08 mg liegen und der Silikatgehalt sollte bei 0 liegen.<\/li>\n<li>Wir empfehlen die Verwendung von <strong>Sili-Out 2<\/strong> in einem Wirbelbettfilter oder Filterbeutel in einem Bereich mit starker Str\u00f6mung.<\/li>\n<li>Verwenden Sie regelm\u00e4\u00dfig unseren Substratreiniger, um Phosphatablagerungen zu beseitigen. Entfernen Sie w\u00e4hrend dieses Vorgangs bitte <strong>Sili-Out 2<\/strong> aus dem Aquarium, bis das Wasser wieder klar ist.<\/li>\n<li>Kombinieren Sie <strong>Sili-Out 2<\/strong> (auf Aluminiumbasis) mit <strong>Phos-Out 4<\/strong> (auf Eisenhydroxidbasis), um unerw\u00fcnschte Ablagerungen von Aluminium oder Eisen zu vermeiden.<\/li>\n<\/ul>\n","protected":false},"excerpt":{"rendered":"<p>Sili-Out 2 from Microbe Lift sind Granulate, die unter anderem Silikate schnell, sicher und dauerhaft entfernen<\/p>\n","protected":false},"featured_media":80522,"template":"","meta":[],"pwb-brand":[2227],"product_cat":[1453,1493],"product_tag":[],"class_list":{"0":"post-86913","1":"product","2":"type-product","3":"status-publish","4":"has-post-thumbnail","6":"pwb-brand-microbe-lift","7":"product_cat-nitrat-und-phosphatentferner","8":"product_cat-vulling-de","9":"pa_inhoud-1000-ml-de","10":"pa_inhoud-500-ml-de","11":"pa_show-myparcel-options-male-de","13":"first","14":"instock","15":"taxable","16":"shipping-taxable","17":"purchasable","18":"product-type-variable"},"acf":[],"brands":[{"id":2227,"name":"Microbe-Lift","slug":"microbe-lift"}],"_links":{"self":[{"href":"https:\/\/www.seaflowerstore.com\/de\/wp-json\/wp\/v2\/product\/86913","targetHints":{"allow":["GET"]}}],"collection":[{"href":"https:\/\/www.seaflowerstore.com\/de\/wp-json\/wp\/v2\/product"}],"about":[{"href":"https:\/\/www.seaflowerstore.com\/de\/wp-json\/wp\/v2\/types\/product"}],"wp:featuredmedia":[{"embeddable":true,"href":"https:\/\/www.seaflowerstore.com\/de\/wp-json\/wp\/v2\/media\/80522"}],"wp:attachment":[{"href":"https:\/\/www.seaflowerstore.com\/de\/wp-json\/wp\/v2\/media?parent=86913"}],"wp:term":[{"taxonomy":"pwb-brand","embeddable":true,"href":"https:\/\/www.seaflowerstore.com\/de\/wp-json\/wp\/v2\/pwb-brand?post=86913"},{"taxonomy":"product_cat","embeddable":true,"href":"https:\/\/www.seaflowerstore.com\/de\/wp-json\/wp\/v2\/product_cat?post=86913"},{"taxonomy":"product_tag","embeddable":true,"href":"https:\/\/www.seaflowerstore.com\/de\/wp-json\/wp\/v2\/product_tag?post=86913"}],"curies":[{"name":"wp","href":"https:\/\/api.w.org\/{rel}","templated":true}]}}