{"id":86917,"date":"2018-06-15T21:16:18","date_gmt":"2018-06-15T21:16:18","guid":{"rendered":"https:\/\/www.seaflowerstore.com\/nl\/red-sea-media-cup\/"},"modified":"2024-03-20T16:50:12","modified_gmt":"2024-03-20T15:50:12","slug":"red-sea-media-cup","status":"publish","type":"product","link":"https:\/\/www.seaflowerstore.com\/de\/red-sea-media-cup\/","title":{"rendered":"Red Sea Media Cup"},"content":{"rendered":"<h2><strong>Red Sea Media Cup 10cm diameter filter media cup including a high quality filter media bag<\/strong><\/h2>\n<p>Dieser Medienbecher ist f\u00fcr die Aufnahme eines Filtermedienbeutels, z. B. eines mit Aktivkohle gef\u00fcllten Beutels, konzipiert. F\u00fcllen Sie den Beutel einfach und legen Sie ihn in den Medienbecher. Diese Anordnung erm\u00f6glicht einen effektiven Wasserdurchfluss, w\u00e4hrend Ihr Filtermedium im Becher aufbewahrt und sauber gehalten wird.<\/p>\n<p><strong>Abmessungen des Bechers:<\/strong> 10 x 10 x 21 cm<\/p>\n","protected":false},"excerpt":{"rendered":"<p>Red Sea Media Cup 10cm diameter filter media cup including a high quality filter media bag<\/p>\n","protected":false},"featured_media":80518,"template":"","meta":[],"pwb-brand":[2125],"product_cat":[1403,1404],"product_tag":[],"class_list":{"0":"post-86917","1":"product","2":"type-product","3":"status-publish","4":"has-post-thumbnail","6":"pwb-brand-red-sea","7":"product_cat-beutel-filterung","8":"product_cat-redsea-de","9":"pa_show-myparcel-options-male-de","11":"first","12":"instock","13":"taxable","14":"shipping-taxable","15":"purchasable","16":"product-type-simple"},"acf":[],"brands":[{"id":2125,"name":"Red Sea","slug":"red-sea"}],"_links":{"self":[{"href":"https:\/\/www.seaflowerstore.com\/de\/wp-json\/wp\/v2\/product\/86917","targetHints":{"allow":["GET"]}}],"collection":[{"href":"https:\/\/www.seaflowerstore.com\/de\/wp-json\/wp\/v2\/product"}],"about":[{"href":"https:\/\/www.seaflowerstore.com\/de\/wp-json\/wp\/v2\/types\/product"}],"wp:featuredmedia":[{"embeddable":true,"href":"https:\/\/www.seaflowerstore.com\/de\/wp-json\/wp\/v2\/media\/80518"}],"wp:attachment":[{"href":"https:\/\/www.seaflowerstore.com\/de\/wp-json\/wp\/v2\/media?parent=86917"}],"wp:term":[{"taxonomy":"pwb-brand","embeddable":true,"href":"https:\/\/www.seaflowerstore.com\/de\/wp-json\/wp\/v2\/pwb-brand?post=86917"},{"taxonomy":"product_cat","embeddable":true,"href":"https:\/\/www.seaflowerstore.com\/de\/wp-json\/wp\/v2\/product_cat?post=86917"},{"taxonomy":"product_tag","embeddable":true,"href":"https:\/\/www.seaflowerstore.com\/de\/wp-json\/wp\/v2\/product_tag?post=86917"}],"curies":[{"name":"wp","href":"https:\/\/api.w.org\/{rel}","templated":true}]}}