{"id":86918,"date":"2018-06-14T11:23:14","date_gmt":"2018-06-14T09:23:14","guid":{"rendered":"https:\/\/www.seaflowerstore.com\/nl\/marco-rocks\/"},"modified":"2025-02-15T22:59:04","modified_gmt":"2025-02-15T21:59:04","slug":"marco-rocks","status":"publish","type":"product","link":"https:\/\/www.seaflowerstore.com\/de\/marco-rocks\/","title":{"rendered":"Marco Rocks"},"content":{"rendered":"<h2>Marco Rocks is a Key Largo is a once live natural reef rock. Often, you can spot fossilized ancient corals in the rocks. It comes to you pest and organic free<\/h2>\n<p>Ganz gleich, ob Sie ein Salzwasseraquarium nur f\u00fcr Fische, ein Riffaquarium oder ein S\u00fc\u00dfwasseraquarium bauen, Sie werden diesen Stein absolut lieben, und Ihre Wassertiere auch. <strong>Er ist hochpor\u00f6s und wundersch\u00f6n geformt.<\/strong><\/p>\n<p>MarcoRocks Key Largo ist ein nat\u00fcrlicher Stein, der an Land aus einem erloschenen Riffsystem geerntet wird, das bei der Entstehung der Landmasse Floridas versch\u00fcttet wurde. <strong>Unser Key Largo-Stein ist ein umweltfreundliches Produkt<\/strong>, da er nicht aus der Meeresumwelt geerntet wird, wodurch sichergestellt wird, dass er unser empfindliches Riff oder unser Meeres\u00f6kosystem nicht negativ beeinflusst.<\/p>\n<p>In Kombination mit unseren einzigartigen Reinigungs- und Verarbeitungsmethoden erhalten Sie gro\u00dfartig aussehenden Stein, der v\u00f6llig frei von Sch\u00e4dlingen und organischen Stoffen ist und gleichzeitig die Umwelt schont.<\/p>\n<p>MarcoRocks ist die bevorzugte Wahl zahlreicher \u00f6ffentlicher Aquarien, Aquakulturanlagen und Hersteller individueller Aquarien auf der ganzen Welt. <strong>Machen Sie uns auch zu Ihrer ersten Wahl; Sie werden nicht entt\u00e4uscht sein.<\/strong><\/p>\n","protected":false},"excerpt":{"rendered":"<p>Depending on your desired number of kilos we choose various Marco Rocks to make a nice scape<\/p>\n","protected":false},"featured_media":80514,"template":"","meta":[],"pwb-brand":[2263],"product_cat":[1566,1386,1534],"product_tag":[],"class_list":{"0":"post-86918","1":"product","2":"type-product","3":"status-publish","4":"has-post-thumbnail","6":"pwb-brand-marco-rocks","7":"product_cat-beliebte-produkte","8":"product_cat-steine","9":"product_cat-verschiedene","10":"pa_inhoud-1-kg-de","11":"pa_inhoud-18-kg-de","12":"pa_inhoud-20-kg-de","13":"pa_show-myparcel-options-male-de","15":"first","16":"instock","17":"taxable","18":"shipping-taxable","19":"purchasable","20":"product-type-variable"},"acf":[],"brands":[{"id":2263,"name":"Marco Rocks","slug":"marco-rocks"}],"_links":{"self":[{"href":"https:\/\/www.seaflowerstore.com\/de\/wp-json\/wp\/v2\/product\/86918","targetHints":{"allow":["GET"]}}],"collection":[{"href":"https:\/\/www.seaflowerstore.com\/de\/wp-json\/wp\/v2\/product"}],"about":[{"href":"https:\/\/www.seaflowerstore.com\/de\/wp-json\/wp\/v2\/types\/product"}],"wp:featuredmedia":[{"embeddable":true,"href":"https:\/\/www.seaflowerstore.com\/de\/wp-json\/wp\/v2\/media\/80514"}],"wp:attachment":[{"href":"https:\/\/www.seaflowerstore.com\/de\/wp-json\/wp\/v2\/media?parent=86918"}],"wp:term":[{"taxonomy":"pwb-brand","embeddable":true,"href":"https:\/\/www.seaflowerstore.com\/de\/wp-json\/wp\/v2\/pwb-brand?post=86918"},{"taxonomy":"product_cat","embeddable":true,"href":"https:\/\/www.seaflowerstore.com\/de\/wp-json\/wp\/v2\/product_cat?post=86918"},{"taxonomy":"product_tag","embeddable":true,"href":"https:\/\/www.seaflowerstore.com\/de\/wp-json\/wp\/v2\/product_tag?post=86918"}],"curies":[{"name":"wp","href":"https:\/\/api.w.org\/{rel}","templated":true}]}}