{"id":86922,"date":"2018-06-14T06:46:14","date_gmt":"2018-06-14T04:46:14","guid":{"rendered":"https:\/\/www.seaflowerstore.com\/nl\/marcorocks-pedestal-rock-natural-top\/"},"modified":"2024-03-20T16:50:07","modified_gmt":"2024-03-20T15:50:07","slug":"marcorocks-pedestal-rock-natural-top","status":"publish","type":"product","link":"https:\/\/www.seaflowerstore.com\/de\/marcorocks-pedestal-rock-natural-top\/","title":{"rendered":"MarcoRocks Pedestal rock (natural top)"},"content":{"rendered":"<h2>MarcoRocks Pedestal rock (natural top)<\/h2>\n<p>Der MarcoRocks-St\u00e4nderfelsen mit nat\u00fcrlicher Oberseite ist eine hervorragende Erg\u00e4nzung f\u00fcr Ihre Aquascape. Dieser einzigartige Stein hat eine Pilzform und besteht aus echtem Meeresgestein, das speziell aus einem erloschenen Riff gewonnen wurde. Er ist v\u00f6llig nat\u00fcrlich und besteht aus authentischem Riffgestein.<\/p>\n<p>Dieser Stein ist au\u00dfergew\u00f6hnlich sauber und frei von organischen Stoffen, was bedeutet, dass Sie ihn bedenkenlos direkt in Ihr Aquarium legen k\u00f6nnen. Seine hochpor\u00f6se Struktur erm\u00f6glicht es ihm, eine Vielzahl n\u00fctzlicher Bakterien aufzunehmen und so ein gesundes \u00d6kosystem in Ihrem Aquarium zu f\u00f6rdern. Indem Sie sich f\u00fcr dieses Produkt entscheiden, tragen Sie auch zum Schutz der Natur bei, da kein lebender Stein mehr ben\u00f6tigt wird.<\/p>\n<p>Der Stein wird einzeln verkauft und hat ungef\u00e4hre Abmessungen von 18 x 28 cm. Die Basis ist etwa 8 cm breit und die Gesamth\u00f6he betr\u00e4gt 13 cm.<\/p>\n<p><strong>Bitte beachten:<\/strong> Die Produkte sind w\u00e4hrend des Versands zerbrechlich. Im Falle einer Besch\u00e4digung k\u00f6nnen sie leicht mit einem zementartigen Produkt wie Stone Fix repariert werden. Schadensersatzanspr\u00fcche werden nicht akzeptiert.<\/p>\n","protected":false},"excerpt":{"rendered":"<p>MarcoRocks Pedestal rock photo is for illustration. Delivered product may deviate slightly from shape as they are produced individually<\/p>\n","protected":false},"featured_media":80509,"template":"","meta":[],"pwb-brand":[2263],"product_cat":[1386],"product_tag":[],"class_list":{"0":"post-86922","1":"product","2":"type-product","3":"status-publish","4":"has-post-thumbnail","6":"pwb-brand-marco-rocks","7":"product_cat-steine","8":"pa_show-myparcel-options-male-de","10":"first","11":"outofstock","12":"sale","13":"taxable","14":"shipping-taxable","15":"purchasable","16":"product-type-simple"},"acf":[],"brands":[{"id":2263,"name":"Marco Rocks","slug":"marco-rocks"}],"_links":{"self":[{"href":"https:\/\/www.seaflowerstore.com\/de\/wp-json\/wp\/v2\/product\/86922","targetHints":{"allow":["GET"]}}],"collection":[{"href":"https:\/\/www.seaflowerstore.com\/de\/wp-json\/wp\/v2\/product"}],"about":[{"href":"https:\/\/www.seaflowerstore.com\/de\/wp-json\/wp\/v2\/types\/product"}],"wp:featuredmedia":[{"embeddable":true,"href":"https:\/\/www.seaflowerstore.com\/de\/wp-json\/wp\/v2\/media\/80509"}],"wp:attachment":[{"href":"https:\/\/www.seaflowerstore.com\/de\/wp-json\/wp\/v2\/media?parent=86922"}],"wp:term":[{"taxonomy":"pwb-brand","embeddable":true,"href":"https:\/\/www.seaflowerstore.com\/de\/wp-json\/wp\/v2\/pwb-brand?post=86922"},{"taxonomy":"product_cat","embeddable":true,"href":"https:\/\/www.seaflowerstore.com\/de\/wp-json\/wp\/v2\/product_cat?post=86922"},{"taxonomy":"product_tag","embeddable":true,"href":"https:\/\/www.seaflowerstore.com\/de\/wp-json\/wp\/v2\/product_tag?post=86922"}],"curies":[{"name":"wp","href":"https:\/\/api.w.org\/{rel}","templated":true}]}}