{"id":86923,"date":"2018-06-13T09:56:48","date_gmt":"2018-06-13T07:56:48","guid":{"rendered":"https:\/\/www.seaflowerstore.com\/nl\/marcorocks-pedestal-rock-flat-top\/"},"modified":"2024-03-20T16:50:04","modified_gmt":"2024-03-20T15:50:04","slug":"marcorocks-pedestal-rock-flat-top","status":"publish","type":"product","link":"https:\/\/www.seaflowerstore.com\/de\/marcorocks-pedestal-rock-flat-top\/","title":{"rendered":"MarcoRocks Pedestal rock (flat top)"},"content":{"rendered":"<h2>MarcoRocks Pedestal rock with flat top is a perfect addition to the aquascape<\/h2>\n<p>Der MarcoRocks-St\u00e4nderfelsen mit flacher Oberseite ist eine ausgezeichnete Wahl zur Versch\u00f6nerung Ihrer Wasserlandschaft. Dieser Stein hat eine einzigartige Pilzform mit abges\u00e4gter Oberseite und ist aus echtem Meeresgestein gefertigt. Er ist vollkommen nat\u00fcrlich und wurde aus einem erloschenen Riff gewonnen.<\/p>\n<p>Der Stein ist au\u00dfergew\u00f6hnlich sauber und frei von organischen Stoffen, sodass Sie ihn bedenkenlos direkt in Ihr Aquarium legen k\u00f6nnen. Sein hochpor\u00f6ses Material erm\u00f6glicht die Unterbringung zahlreicher n\u00fctzlicher Bakterien, die Ihr aquatisches \u00d6kosystem unterst\u00fctzen. Durch die Verwendung dieses Steins tragen Sie zum Umweltschutz bei, da kein lebender Stein erforderlich ist.<\/p>\n<p>Dieses Produkt wird pro St\u00fcck mit den ungef\u00e4hren Abmessungen 18 x 28 cm geliefert. Die Basis misst etwa 8 cm und die Gesamth\u00f6he betr\u00e4gt 13 cm.<\/p>\n<p><strong>Bitte beachten:<\/strong> Diese Produkte sind w\u00e4hrend des Transports zerbrechlich. Im Falle von Transportsch\u00e4den k\u00f6nnen sie leicht mit einem zementartigen Produkt wie Stone Fix repariert werden. Bitte beachten Sie, dass Schadensersatzanspr\u00fcche nicht akzeptiert werden.<\/p>\n","protected":false},"excerpt":{"rendered":"<p>MarcoRocks Pedestal picture is for illustration. Delivered product may deviate slightly from shape as they are produced individually<\/p>\n","protected":false},"featured_media":80505,"template":"","meta":[],"pwb-brand":[2263],"product_cat":[1386],"product_tag":[],"class_list":{"0":"post-86923","1":"product","2":"type-product","3":"status-publish","4":"has-post-thumbnail","6":"pwb-brand-marco-rocks","7":"product_cat-steine","8":"pa_show-myparcel-options-male-de","10":"first","11":"instock","12":"sale","13":"taxable","14":"shipping-taxable","15":"purchasable","16":"product-type-simple"},"acf":[],"brands":[{"id":2263,"name":"Marco Rocks","slug":"marco-rocks"}],"_links":{"self":[{"href":"https:\/\/www.seaflowerstore.com\/de\/wp-json\/wp\/v2\/product\/86923","targetHints":{"allow":["GET"]}}],"collection":[{"href":"https:\/\/www.seaflowerstore.com\/de\/wp-json\/wp\/v2\/product"}],"about":[{"href":"https:\/\/www.seaflowerstore.com\/de\/wp-json\/wp\/v2\/types\/product"}],"wp:featuredmedia":[{"embeddable":true,"href":"https:\/\/www.seaflowerstore.com\/de\/wp-json\/wp\/v2\/media\/80505"}],"wp:attachment":[{"href":"https:\/\/www.seaflowerstore.com\/de\/wp-json\/wp\/v2\/media?parent=86923"}],"wp:term":[{"taxonomy":"pwb-brand","embeddable":true,"href":"https:\/\/www.seaflowerstore.com\/de\/wp-json\/wp\/v2\/pwb-brand?post=86923"},{"taxonomy":"product_cat","embeddable":true,"href":"https:\/\/www.seaflowerstore.com\/de\/wp-json\/wp\/v2\/product_cat?post=86923"},{"taxonomy":"product_tag","embeddable":true,"href":"https:\/\/www.seaflowerstore.com\/de\/wp-json\/wp\/v2\/product_tag?post=86923"}],"curies":[{"name":"wp","href":"https:\/\/api.w.org\/{rel}","templated":true}]}}