{"id":86924,"date":"2018-06-12T17:11:28","date_gmt":"2018-06-12T15:11:28","guid":{"rendered":"https:\/\/www.seaflowerstore.com\/nl\/tunze-care-magnet-strong-20-25mm\/"},"modified":"2024-03-20T16:49:58","modified_gmt":"2024-03-20T15:49:58","slug":"tunze-care-magnet-strong-20-25mm","status":"publish","type":"product","link":"https:\/\/www.seaflowerstore.com\/de\/tunze-care-magnet-strong-20-25mm\/","title":{"rendered":"Tunze Care Magnet Strong+ &#8211; 20-25mm"},"content":{"rendered":"<h2>Tunze Care Magnet Strong+<\/h2>\n<p>Wir pr\u00e4sentieren den Tunze Care Magnet Strong+, der mit zwei Kunststoffmessern und einem Edelstahlmesser geliefert wird. Er ist f\u00fcr Glasst\u00e4rken von 20-25 mm ausgelegt. Mit einer Breite von 86 mm und einer L\u00e4nge von 140 mm ist dieses Werkzeug sowohl praktisch als auch effektiv.<\/p>\n<p><strong>Warum sollten Sie sich darum k\u00fcmmern?<\/strong> Dieser Glasscheibenreiniger verhindert Kratzer auf den inneren Glasscheiben Ihres Aquariums und kann mit der kleinen Kunststoffklinge sogar auf Acrylglas verwendet werden. Der innere Magnet ist mehr als 3 mm (0,2 Zoll) vom Aquarium entfernt, wodurch ein Verklemmen des Aquariensandes verhindert wird. Die beiden Kunststoffklingen entfernen Algen von Glasoberfl\u00e4chen deutlich effektiver als ein flaches Reinigungswerkzeug \u2013 fast so effektiv wie eine scharfe Metallklinge. Die Lebensdauer einer Klinge kann von mehreren Monaten bis zu etwa einem Jahr reichen. Der geringe Str\u00f6mungswiderstand w\u00e4hrend der Reinigung, kombiniert mit einer starken magnetischen Kopplung, macht es nahezu unm\u00f6glich, den Magneten zu trennen. Die gr\u00f6\u00dfere Klinge sollte zusammen mit der mitgelieferten Edelstahlklinge nur bei besonders hartn\u00e4ckigen Algen, wie z. B. \u00e4lteren Ablagerungen an Seitenw\u00e4nden oder dicken Kalkalgen, verwendet werden.<\/p>\n<div class=\"item\">\n<div class=\"item__content columns clearfix\">\n<div class=\"product-detail--spec-content column60p\">\n<h3>Das patentierte Prinzip, das&#8230;<\/h3>\n<p>Kunststoffklingen unterschiedlicher L\u00e4nge erzeugen unterschiedliche Anpressdr\u00fccke, wodurch die schmale Klinge selbst hartn\u00e4ckigste Algen effektiv entfernt. Die breite Klinge eignet sich perfekt f\u00fcr die Entfernung von Algen in gro\u00dfem Umfang.<\/p>\n<\/div>\n<\/div>\n<\/div>\n<div class=\"item\">\n<div class=\"item__content columns clearfix\">\n<div class=\"column40p\">\n<img loading=\"lazy\" decoding=\"async\" src=\"https:\/\/www.seaflowerstore.com\/nl\/wp-content\/uploads\/content\/csm_Ikon.093_c25ddf55a2.jpg\" alt=\"\" width=\"200\" height=\"97\" \/>\n<\/div>\n<div class=\"product-detail--spec-content column60p\">\n<h3>Dank seines schlanken&#8230;<\/h3>\n<p>Designs werden die Pflanzen und Korallen in Ihrem Aquarium w\u00e4hrend der Reinigung nicht gest\u00f6rt.<\/p>\n<\/div>\n<\/div>\n<\/div>\n<div class=\"item\">\n<div class=\"item__content columns clearfix\">\n<div class=\"column40p\">\n<img loading=\"lazy\" decoding=\"async\" src=\"https:\/\/www.seaflowerstore.com\/nl\/wp-content\/uploads\/content\/csm_Ikon.096_912ea58618.jpg\" alt=\"\" width=\"200\" height=\"97\" \/>\n<\/div>\n<div class=\"product-detail--spec-content column60p\">\n<h3>Der Care Magnet kann auch&#8230;<\/h3>\n<p>Auf runden Aquarienscheiben oder rundgew\u00f6lbten Scheiben verwendet werden, wodurch er vielseitig f\u00fcr verschiedene Aquarienformen einsetzbar ist.<\/p>\n<\/div>\n<\/div>\n<\/div>\n<div class=\"item\">\n<div class=\"item__content columns clearfix\">\n<div class=\"column40p\">\n<img loading=\"lazy\" decoding=\"async\" src=\"https:\/\/www.seaflowerstore.com\/nl\/wp-content\/uploads\/content\/csm_Ikon.095_a428541405.jpg\" alt=\"\" width=\"200\" height=\"97\" \/>\n<\/div>\n<div class=\"product-detail--spec-content column60p\">\n<h3>Kunststofflamellen mit abgerundeten Kanten&#8230;<\/h3>\n<p>Sorgen f\u00fcr einen flie\u00dfenden \u00dcbergang zur n\u00e4chsten Scheibe an den Aquarienr\u00e4ndern, ohne die Silikonfugen zu besch\u00e4digen.<\/p>\n<\/div>\n<\/div>\n<\/div>\n<div class=\"item\">\n<div class=\"item__content columns clearfix\">\n<div class=\"column40p\">\n<img loading=\"lazy\" decoding=\"async\" src=\"https:\/\/www.seaflowerstore.com\/nl\/wp-content\/uploads\/content\/csm_Ikon.094_de672fb998.jpg\" alt=\"\" width=\"200\" height=\"97\" \/>\n<\/div>\n<div class=\"product-detail--spec-content column60p\">\n<h3>Es verteilt die Algen nicht&#8230;<\/h3>\n<p>Im Aquarium als gr\u00fcner Staub. Stattdessen rollt es sie vollst\u00e4ndig auf und verwandelt den Algenfilm in echtes Futter f\u00fcr die Fische.<\/p>\n<\/div>\n<\/div>\n<\/div>\n<div class=\"item\">\n<div class=\"item__content columns clearfix\">\n<div class=\"column40p\">\n<img loading=\"lazy\" decoding=\"async\" src=\"https:\/\/www.seaflowerstore.com\/nl\/wp-content\/uploads\/content\/csm_Ikon.097_caddeb23fd.jpg\" alt=\"\" width=\"200\" height=\"97\" \/>\n<\/div>\n<div class=\"product-detail--spec-content column60p\">\n<h3>Es kann auch verwendet werden&#8230;<\/h3>\n<p>Als Handschaber, der Ihnen zus\u00e4tzliche Reinigungsm\u00f6glichkeiten bietet.<\/p>\n<\/div>\n<\/div>\n<\/div>\n","protected":false},"excerpt":{"rendered":"<p>Tunze Care Magnet Strong+ easily removes algae from the aquarium window<\/p>\n","protected":false},"featured_media":83974,"template":"","meta":[],"pwb-brand":[2123],"product_cat":[1428],"product_tag":[],"class_list":{"0":"post-86924","1":"product","2":"type-product","3":"status-publish","4":"has-post-thumbnail","6":"pwb-brand-tunze","7":"product_cat-algenmagnet","9":"first","10":"instock","11":"taxable","12":"shipping-taxable","13":"purchasable","14":"product-type-simple"},"acf":[],"brands":[{"id":2123,"name":"Tunze","slug":"tunze"}],"_links":{"self":[{"href":"https:\/\/www.seaflowerstore.com\/de\/wp-json\/wp\/v2\/product\/86924","targetHints":{"allow":["GET"]}}],"collection":[{"href":"https:\/\/www.seaflowerstore.com\/de\/wp-json\/wp\/v2\/product"}],"about":[{"href":"https:\/\/www.seaflowerstore.com\/de\/wp-json\/wp\/v2\/types\/product"}],"wp:featuredmedia":[{"embeddable":true,"href":"https:\/\/www.seaflowerstore.com\/de\/wp-json\/wp\/v2\/media\/83974"}],"wp:attachment":[{"href":"https:\/\/www.seaflowerstore.com\/de\/wp-json\/wp\/v2\/media?parent=86924"}],"wp:term":[{"taxonomy":"pwb-brand","embeddable":true,"href":"https:\/\/www.seaflowerstore.com\/de\/wp-json\/wp\/v2\/pwb-brand?post=86924"},{"taxonomy":"product_cat","embeddable":true,"href":"https:\/\/www.seaflowerstore.com\/de\/wp-json\/wp\/v2\/product_cat?post=86924"},{"taxonomy":"product_tag","embeddable":true,"href":"https:\/\/www.seaflowerstore.com\/de\/wp-json\/wp\/v2\/product_tag?post=86924"}],"curies":[{"name":"wp","href":"https:\/\/api.w.org\/{rel}","templated":true}]}}