{"id":86925,"date":"2018-06-12T17:07:17","date_gmt":"2018-06-12T15:07:17","guid":{"rendered":"https:\/\/www.seaflowerstore.com\/nl\/aqua-medic-spare-bulb-helix-max-36-watt\/"},"modified":"2024-03-20T16:49:54","modified_gmt":"2024-03-20T15:49:54","slug":"aqua-medic-spare-bulb-helix-max-36-watt","status":"publish","type":"product","link":"https:\/\/www.seaflowerstore.com\/de\/aqua-medic-spare-bulb-helix-max-36-watt\/","title":{"rendered":"Aqua Medic Spare bulb Helix Max 36 Watt"},"content":{"rendered":"<h2>Aqua Medic spare lamp for the Helix Max 36 Watt UV filter <\/h2>\n<p>Beim Umgang mit Ihrer UV-Lampe ist Vorsicht geboten. Bitte denken Sie daran, Latexhandschuhe zu tragen, bevor Sie die Lampe oder die Quarzh\u00fclle entfernen. Die \u00d6le und Fette Ihrer Haut k\u00f6nnen die UV-Lampe und die H\u00fclle besch\u00e4digen.<\/p>\n<p><strong>** Eine UV-Lampe ist beim Versand ein empfindlicher Artikel. Wir stellen sicher, dass der Artikel sicher verpackt ist, k\u00f6nnen jedoch nicht f\u00fcr Bruch oder Fehlfunktionen w\u00e4hrend des Transports verantwortlich gemacht werden. **<\/strong><\/p>\n","protected":false},"excerpt":{"rendered":"<p>Aqua Medic reserve 36 Watt Helix Max lamp must be replaced 1a2x per year. Radiated UV light decreases quickly<\/p>\n","protected":false},"featured_media":80501,"template":"","meta":[],"pwb-brand":[2149],"product_cat":[1439,1421],"product_tag":[],"class_list":{"0":"post-86925","1":"product","2":"type-product","3":"status-publish","4":"has-post-thumbnail","6":"pwb-brand-aqua-medic","7":"product_cat-uvc-lampe-de","8":"product_cat-aqua-medic-de","10":"first","11":"instock","12":"taxable","13":"shipping-taxable","14":"purchasable","15":"product-type-simple"},"acf":[],"brands":[{"id":2149,"name":"Aqua Medic","slug":"aqua-medic"}],"_links":{"self":[{"href":"https:\/\/www.seaflowerstore.com\/de\/wp-json\/wp\/v2\/product\/86925","targetHints":{"allow":["GET"]}}],"collection":[{"href":"https:\/\/www.seaflowerstore.com\/de\/wp-json\/wp\/v2\/product"}],"about":[{"href":"https:\/\/www.seaflowerstore.com\/de\/wp-json\/wp\/v2\/types\/product"}],"wp:featuredmedia":[{"embeddable":true,"href":"https:\/\/www.seaflowerstore.com\/de\/wp-json\/wp\/v2\/media\/80501"}],"wp:attachment":[{"href":"https:\/\/www.seaflowerstore.com\/de\/wp-json\/wp\/v2\/media?parent=86925"}],"wp:term":[{"taxonomy":"pwb-brand","embeddable":true,"href":"https:\/\/www.seaflowerstore.com\/de\/wp-json\/wp\/v2\/pwb-brand?post=86925"},{"taxonomy":"product_cat","embeddable":true,"href":"https:\/\/www.seaflowerstore.com\/de\/wp-json\/wp\/v2\/product_cat?post=86925"},{"taxonomy":"product_tag","embeddable":true,"href":"https:\/\/www.seaflowerstore.com\/de\/wp-json\/wp\/v2\/product_tag?post=86925"}],"curies":[{"name":"wp","href":"https:\/\/api.w.org\/{rel}","templated":true}]}}