{"id":86926,"date":"2018-06-12T13:59:49","date_gmt":"2018-06-12T11:59:49","guid":{"rendered":"https:\/\/www.seaflowerstore.com\/nl\/reagent-for-alkatronic-4l\/"},"modified":"2025-08-27T04:53:18","modified_gmt":"2025-08-27T02:53:18","slug":"reagent-for-alkatronic-4l","status":"publish","type":"product","link":"https:\/\/www.seaflowerstore.com\/de\/reagent-for-alkatronic-4l\/","title":{"rendered":"Reagent for Alkatronic 4L"},"content":{"rendered":"<h2>Alkatronic Reagent 4L (Concentrated)<\/h2>\n<p>Dieses konzentrierte Reagenz f\u00fcr Alkatronic ergibt nach Verd\u00fcnnung 20 Liter gebrauchsfertige L\u00f6sung. F\u00fcr optimale Ergebnisse empfehlen wir eine Messung alle 4 Stunden. Sie k\u00f6nnen davon ausgehen, dass 1 Liter dieses Reagenz f\u00fcr einen ganzen Monat reicht.<\/p>\n<p>Mit 20 Litern Reagenz k\u00f6nnen Sie ungef\u00e4hr 2500 Messungen durchf\u00fchren. Wenn Sie 6 Mal am Tag in 4-Stunden-Intervallen messen, reicht Ihnen diese Flasche mit dem konzentrierten Reagenz \u00fcber ein Jahr. Diese Option bietet unglaublich niedrige Betriebskosten, sodass Sie das Potenzial von Alkatronic maximieren und t\u00e4glich mehr Tests durchf\u00fchren k\u00f6nnen.<\/p>\n","protected":false},"excerpt":{"rendered":"<p>This concentrated Alkatronic Reagent will generate 20L of ready to use reagent after being diluted<\/p>\n","protected":false},"featured_media":80497,"template":"","meta":[],"pwb-brand":[2261],"product_cat":[1387,1408,1407,1400],"product_tag":[],"class_list":{"0":"post-86926","1":"product","2":"type-product","3":"status-publish","4":"has-post-thumbnail","6":"pwb-brand-focustronic","7":"product_cat-messsysteme","8":"product_cat-computer-de","9":"product_cat-focustronic-de","10":"product_cat-tester","11":"pa_show-myparcel-options-male-de","13":"first","14":"instock","15":"taxable","16":"shipping-taxable","17":"purchasable","18":"product-type-simple"},"acf":[],"brands":[{"id":2261,"name":"Focustronic","slug":"focustronic"}],"_links":{"self":[{"href":"https:\/\/www.seaflowerstore.com\/de\/wp-json\/wp\/v2\/product\/86926","targetHints":{"allow":["GET"]}}],"collection":[{"href":"https:\/\/www.seaflowerstore.com\/de\/wp-json\/wp\/v2\/product"}],"about":[{"href":"https:\/\/www.seaflowerstore.com\/de\/wp-json\/wp\/v2\/types\/product"}],"wp:featuredmedia":[{"embeddable":true,"href":"https:\/\/www.seaflowerstore.com\/de\/wp-json\/wp\/v2\/media\/80497"}],"wp:attachment":[{"href":"https:\/\/www.seaflowerstore.com\/de\/wp-json\/wp\/v2\/media?parent=86926"}],"wp:term":[{"taxonomy":"pwb-brand","embeddable":true,"href":"https:\/\/www.seaflowerstore.com\/de\/wp-json\/wp\/v2\/pwb-brand?post=86926"},{"taxonomy":"product_cat","embeddable":true,"href":"https:\/\/www.seaflowerstore.com\/de\/wp-json\/wp\/v2\/product_cat?post=86926"},{"taxonomy":"product_tag","embeddable":true,"href":"https:\/\/www.seaflowerstore.com\/de\/wp-json\/wp\/v2\/product_tag?post=86926"}],"curies":[{"name":"wp","href":"https:\/\/api.w.org\/{rel}","templated":true}]}}