{"id":86927,"date":"2018-06-12T07:26:05","date_gmt":"2018-06-12T05:26:05","guid":{"rendered":"https:\/\/www.seaflowerstore.com\/nl\/alkatronic-alkalinity-controller\/"},"modified":"2024-03-20T16:49:46","modified_gmt":"2024-03-20T15:49:46","slug":"alkatronic-alkalinity-controller","status":"publish","type":"product","link":"https:\/\/www.seaflowerstore.com\/de\/alkatronic-alkalinity-controller\/","title":{"rendered":"Alkatronic &#8211; alkalinity controller"},"content":{"rendered":"<h2>Alkatronic is an all in one product for serious reefers to automatically monitor and stabilize alkalinity for your reef system.<\/h2>\n<p>Alkatronic ist eine fantastische L\u00f6sung, die von Jonas Roman aus Schweden entwickelt wurde und Ihnen in Zusammenarbeit mit FOCUSTRONIC pr\u00e4sentiert wird. Dieses Produkt ist perfekt f\u00fcr Riffliebhaber, die sicherstellen m\u00f6chten, dass ihre Systeme in Topform sind.<\/p>\n<p><strong>Technische Daten:<\/strong><\/p>\n<ul>\n<li>All-in-1 (Standalone) Alkalinit\u00e4tsregler<\/li>\n<li>H\u00e4lt und kontrolliert dKH unter oder \u00fcber den gew\u00fcnschten Werten<\/li>\n<li>Messintervall: 1-12 Stunden<\/li>\n<li>Konnektivit\u00e4t: WLAN \/ Bluetooth<\/li>\n<li>Cloud-Server-Funktionalit\u00e4t<\/li>\n<li>iOS- \/ Android-App (Hinweis: Android-Ger\u00e4te erfordern Bluetooth 4.2 oder h\u00f6her)<\/li>\n<li>Hochpr\u00e4zise Schrittmotoren und Gleichstrommotoren<\/li>\n<li>pH-basierte Titrationsmethode<\/li>\n<li>dKH-Messbereich: 4,48 &#8211; 15,40 dKH<\/li>\n<li>Direkte Steuerung von Calciumdosiersystemen von Drittanbietern (Calciumreaktor oder Balling)<\/li>\n<li>Kompatibel mit Aquarium-Controllern von Drittanbietern (z. B. Apex, GHL) \u00fcber BNC-Anschluss<\/li>\n<li>Hardware bereit f\u00fcr die kommende DOSETRONIC (unsere neue Dosierstation)<\/li>\n<li>Geringer Wartungsaufwand<\/li>\n<li>Gr\u00f6\u00dfe: 22 x 14 x 27 cm<\/li>\n<li>Stromversorgung: 12 V DC<\/li>\n<\/ul>\n<p><strong>**Bitte beachten Sie, dass Messreagenzien und Kalibrierfl\u00fcssigkeiten f\u00fcr pH 4 und pH 7 nicht im Lieferumfang enthalten sind.**<\/strong><\/p>\n<p>Das <a href=\"https:\/\/focustronic.com\/manuals\/\" target=\"_blank\" rel=\"noopener noreferrer nofollow\">Handbuch<\/a> f\u00fcr ausf\u00fchrlichere Informationen finden Sie hier. Alkatronic bietet im Vergleich zu einem Salifert KH-Testset genaue Messungen und ist damit eine ausgezeichnete Wahl f\u00fcr Ihr Riffsystem.<\/p>\n","protected":false},"excerpt":{"rendered":"<p>Alkatronic measures the kh and doses kh liquid to your set level. **<strong>Measurement reagent not included**<\/strong><\/p>\n","protected":false},"featured_media":80494,"template":"","meta":[],"pwb-brand":[2261],"product_cat":[1408,1407,1557,1387],"product_tag":[],"class_list":{"0":"post-86927","1":"product","2":"type-product","3":"status-publish","4":"has-post-thumbnail","6":"pwb-brand-focustronic","7":"product_cat-computer-de","8":"product_cat-focustronic-de","9":"product_cat-kalkreaktoren","10":"product_cat-messsysteme","11":"pa_show-myparcel-options-male-de","13":"first","14":"outofstock","15":"sale","16":"taxable","17":"shipping-taxable","18":"purchasable","19":"product-type-simple"},"acf":[],"brands":[{"id":2261,"name":"Focustronic","slug":"focustronic"}],"_links":{"self":[{"href":"https:\/\/www.seaflowerstore.com\/de\/wp-json\/wp\/v2\/product\/86927","targetHints":{"allow":["GET"]}}],"collection":[{"href":"https:\/\/www.seaflowerstore.com\/de\/wp-json\/wp\/v2\/product"}],"about":[{"href":"https:\/\/www.seaflowerstore.com\/de\/wp-json\/wp\/v2\/types\/product"}],"wp:featuredmedia":[{"embeddable":true,"href":"https:\/\/www.seaflowerstore.com\/de\/wp-json\/wp\/v2\/media\/80494"}],"wp:attachment":[{"href":"https:\/\/www.seaflowerstore.com\/de\/wp-json\/wp\/v2\/media?parent=86927"}],"wp:term":[{"taxonomy":"pwb-brand","embeddable":true,"href":"https:\/\/www.seaflowerstore.com\/de\/wp-json\/wp\/v2\/pwb-brand?post=86927"},{"taxonomy":"product_cat","embeddable":true,"href":"https:\/\/www.seaflowerstore.com\/de\/wp-json\/wp\/v2\/product_cat?post=86927"},{"taxonomy":"product_tag","embeddable":true,"href":"https:\/\/www.seaflowerstore.com\/de\/wp-json\/wp\/v2\/product_tag?post=86927"}],"curies":[{"name":"wp","href":"https:\/\/api.w.org\/{rel}","templated":true}]}}